{"id":980386,"date":"2024-09-18T16:20:40","date_gmt":"2024-09-18T14:20:40","guid":{"rendered":"https:\/\/www.claret.cat\/llibre\/la-liturgia-de-la-iglesia-teologia-historia-espiritualidad-y-pastoral-sf-6-9788422014003\/"},"modified":"2026-01-27T19:30:46","modified_gmt":"2026-01-27T18:30:46","slug":"la-liturgia-de-la-iglesia-teologia-historia-espiritualidad-y-pastoral-sf-6-9788422014003","status":"publish","type":"product","link":"https:\/\/www.claret.cat\/es\/libro\/la-liturgia-de-la-iglesia-teologia-historia-espiritualidad-y-pastoral-sf-6-9788422014003\/","title":{"rendered":"LA LITURGIA DE LA IGLESIA. TEOLOGIA, HIST\u00d2RIA, ESPIRITUALIDAD Y PASTORAL (SF 6)"},"content":{"rendered":"<p>Dentro de la orientaci\u00f3n general y de los objetivos de esta colecci\u00f3n, el presente volumen ofrece una s\u00edntesis del saber lit\u00fargico actual. La referencia b\u00e1sica de esta obra la constituye la visi\u00f3n teol\u00f3gica y pastoral que el Concilio Vaticano II ofreci\u00f3 de la liturgia y que ha presidido la reforma lit\u00fargica postconciliar. Dicha visi\u00f3n se ha visto reforzada y, en algunos puntos, enriquecida por la segunda parte del&#8217;Catecismo de la Iglesia Cat\u00f3lica&#8217;. La obra se atiene a las indicaciones de la&#8217;Instrucci\u00f3n sobre la formaci\u00f3n lit\u00fargica en los Seminarios&#8217;, de la Congregaci\u00f3n para la Educaci\u00f3n Cat\u00f3lica de 3-VI-1979, en cuanto al planteamiento, fines y contenidos de la ense\u00f1anza de la liturgia. Est\u00e1 estructurada en cinco partes, a continuaci\u00f3n de un cap\u00edtulo introductorio sobre la formaci\u00f3n lit\u00fargica. La parte primera estudia el hecho lit\u00fargico en la econom\u00eda de la salvaci\u00f3n y en la historia. La segunda, la celebraci\u00f3n, con todos sus componentes. La tercera se detiene en la eucarist\u00eda y en los sacramentos y sacramentales. La cuarta se ocupa de la santificaci\u00f3n de las horas. La quinta trata de la espiritualidad lit\u00fargica y de su relaci\u00f3n con otros aspectos de la vida de la Iglesia. El volumen se completa con un amplio vocabulario lit\u00fargico.<\/p>\n","protected":false},"excerpt":{"rendered":"<p>L\u00d3PEZ MART\u00cdN, JULI\u00c1N<\/p>\n","protected":false},"featured_media":1079100,"template":"","meta":{"_acf_changed":false,"om_disable_all_campaigns":false,"rs_blank_template":"","rs_page_bg_color":"","slide_template_v7":"","inline_featured_image":false,"_monsterinsights_skip_tracking":false,"_monsterinsights_sitenote_active":false,"_monsterinsights_sitenote_note":"","_monsterinsights_sitenote_category":0},"product_brand":[],"product_cat":[346,80,76,342],"product_tag":[],"class_list":{"0":"post-980386","1":"product","2":"type-product","3":"status-publish","4":"has-post-thumbnail","6":"product_cat-libros-liturgia","7":"product_cat-liturgia","8":"product_cat-teologia","9":"product_cat-teologia-1_espiritualidad","11":"first","12":"instock","13":"taxable","14":"shipping-taxable","15":"purchasable","16":"product-type-simple"},"acf":{"autor":"L\u00d3PEZ MART\u00cdN, JULI\u00c1N","codart":"842201400","libros-coleccion":"Sapientia Fidei. Manuales de Teolog\u00eda","ediciones":"1","encuadernacion":"R\u00fastica","fecha_de_publicacion":"01\/10\/2009","novedad":"0","paginas":"496","subtitulo":"TEOLOG\u00cdA, HISTORIA, ESPIRITUALIDAD Y PASTORAL","orden":"999","portada":"0","idioma":"spa","editorial":[{"ID":6139,"post_author":"3","post_date":"2022-07-28 17:45:43","post_date_gmt":"2022-07-28 15:45:43","post_content":"","post_title":"BAC","post_excerpt":"","post_status":"publish","comment_status":"closed","ping_status":"closed","post_password":"","post_name":"bac","to_ping":"","pinged":"","post_modified":"2022-07-28 17:45:43","post_modified_gmt":"2022-07-28 15:45:43","post_content_filtered":"","post_parent":0,"guid":"http:\/\/dev.claret.cat\/editorial\/bac\/","menu_order":0,"post_type":"editorial","post_mime_type":"","comment_count":"0","filter":"raw"}],"autores-libros":[{"ID":161285,"post_author":"3","post_date":"2022-10-14 17:16:58","post_date_gmt":"2022-10-14 15:16:58","post_content":"","post_title":"JULIAN LOPEZ MARTIN","post_excerpt":"","post_status":"publish","comment_status":"closed","ping_status":"closed","post_password":"","post_name":"julian-lopez-martin","to_ping":"","pinged":"","post_modified":"2022-10-14 17:16:58","post_modified_gmt":"2022-10-14 15:16:58","post_content_filtered":"","post_parent":0,"guid":"http:\/\/dev.claret.cat\/autor\/julian-lopez-martin\/","menu_order":0,"post_type":"autor","post_mime_type":"","comment_count":"0","filter":"raw"}],"booktrailer":"","resenas":""},"aioseo_notices":[],"_links":{"self":[{"href":"https:\/\/www.claret.cat\/es\/wp-json\/wp\/v2\/product\/980386","targetHints":{"allow":["GET"]}}],"collection":[{"href":"https:\/\/www.claret.cat\/es\/wp-json\/wp\/v2\/product"}],"about":[{"href":"https:\/\/www.claret.cat\/es\/wp-json\/wp\/v2\/types\/product"}],"wp:featuredmedia":[{"embeddable":true,"href":"https:\/\/www.claret.cat\/es\/wp-json\/wp\/v2\/media\/1079100"}],"wp:attachment":[{"href":"https:\/\/www.claret.cat\/es\/wp-json\/wp\/v2\/media?parent=980386"}],"wp:term":[{"taxonomy":"product_brand","embeddable":true,"href":"https:\/\/www.claret.cat\/es\/wp-json\/wp\/v2\/product_brand?post=980386"},{"taxonomy":"product_cat","embeddable":true,"href":"https:\/\/www.claret.cat\/es\/wp-json\/wp\/v2\/product_cat?post=980386"},{"taxonomy":"product_tag","embeddable":true,"href":"https:\/\/www.claret.cat\/es\/wp-json\/wp\/v2\/product_tag?post=980386"}],"curies":[{"name":"wp","href":"https:\/\/api.w.org\/{rel}","templated":true}]}}