{"id":980425,"date":"2024-09-18T16:31:55","date_gmt":"2024-09-18T14:31:55","guid":{"rendered":"https:\/\/www.claret.cat\/llibre\/ritual-de-la-sagrada-comunion-y-del-culto-a-la-eucaristia-fuera-de-la-misa-la-exposicion-de-la-sagrada-eucaristia-fundamentos-9788417459703\/"},"modified":"2025-06-05T11:30:33","modified_gmt":"2025-06-05T09:30:33","slug":"ritual-de-la-sagrada-comunion-y-del-culto-a-la-eucaristia-fuera-de-la-misa-la-exposicion-de-la-sagrada-eucaristia-fundamentos-9788417459703","status":"publish","type":"product","link":"https:\/\/www.claret.cat\/es\/libro\/ritual-de-la-sagrada-comunion-y-del-culto-a-la-eucaristia-fuera-de-la-misa-la-exposicion-de-la-sagrada-eucaristia-fundamentos-9788417459703\/","title":{"rendered":"RITUAL DE LA SAGRADA COMUNI\u00d3N Y DEL CULTO A LA EUCARIST\u00cdA FUERA DE LA MISA. LA EXPOSICI\u00d3N DE LA SAGRADA EUCARIST\u00cdA. FUNDAMENTOS"},"content":{"rendered":"<p>La Comisi\u00f3n Episcopal para la Liturgia ofrece la versi\u00f3n actualizada del Ritual de la sagrada comuni\u00f3n y del culto a la eucarist\u00eda fuera de la misa con las nuevas traducciones de las oraciones del Misal Romano y las lecturas del Leccionario de la Misa, conforme a la versi\u00f3n oficial de la Sagrada Biblia de la Conferencia Episcopal Espa\u00f1ola, aprobada por el episcopado espa\u00f1ol para ser utilizada en los libros lit\u00fargicos. Junto con el Ritual se ofrece el subsidio La exposici\u00f3n de la sagrada eucarist\u00eda. Fundamentos, sugerencias y materiales. En este libro se ofrecen unas reflexiones teol\u00f3gico-lit\u00fargicas, acompa\u00f1adas de sugerencias de tipo ritual y, adem\u00e1s, 82 celebraciones para los diferentes tiempos lit\u00fargicos y las principales celebraciones del a\u00f1o.<\/p>\n<p>RITUAL DE LA SAGRADA COMUNI\u00d3N Y DEL CULTO A LA EUCARIST\u00cdA FUERA DE LA MISA Formato: 18,5 x 26,5 cm P\u00e1ginas: 176<\/p>\n<p>LA EXPOSICI\u00d3N DE LA SAGRADA EUCARIST\u00cdA. FUNDAMENTOS, SUGERENCIAS Y MATERIALES Formato: 18,5 x 26,5 cm P\u00e1ginas: 330&nbsp;<\/p>\n","protected":false},"excerpt":{"rendered":"<p>COMISI\u00d3N EPISCOPAL PARA LA LITURGIA<\/p>\n","protected":false},"featured_media":1012223,"template":"","meta":{"_acf_changed":false,"om_disable_all_campaigns":false,"rs_blank_template":"","rs_page_bg_color":"","slide_template_v7":"","inline_featured_image":false,"_monsterinsights_skip_tracking":false,"_monsterinsights_sitenote_active":false,"_monsterinsights_sitenote_note":"","_monsterinsights_sitenote_category":0},"product_brand":[],"product_cat":[400,254],"product_tag":[],"class_list":{"0":"post-980425","1":"product","2":"type-product","3":"status-publish","4":"has-post-thumbnail","6":"product_cat-leccionarios","7":"product_cat-leccionaris","9":"first","10":"instock","11":"taxable","12":"shipping-taxable","13":"purchasable","14":"product-type-simple"},"acf":{"autor":"COMISI\u00d3N EPISCOPAL PARA LA LITURGIA","codart":"841745970","libros-coleccion":"","ediciones":"1","encuadernacion":"R\u00fastica","fecha_de_publicacion":"30\/04\/2024","novedad":"0","paginas":"506","subtitulo":"","orden":"999","portada":"0","idioma":"spa","editorial":[{"ID":147509,"post_author":"3","post_date":"2022-10-14 11:51:07","post_date_gmt":"2022-10-14 09:51:07","post_content":"","post_title":"B.A.C.","post_excerpt":"","post_status":"publish","comment_status":"closed","ping_status":"closed","post_password":"","post_name":"b-a-c","to_ping":"","pinged":"","post_modified":"2022-10-14 11:51:07","post_modified_gmt":"2022-10-14 09:51:07","post_content_filtered":"","post_parent":0,"guid":"http:\/\/dev.claret.cat\/editorial\/b-a-c\/","menu_order":0,"post_type":"editorial","post_mime_type":"","comment_count":"0","filter":"raw"}],"booktrailer":"","resenas":""},"aioseo_notices":[],"_links":{"self":[{"href":"https:\/\/www.claret.cat\/es\/wp-json\/wp\/v2\/product\/980425","targetHints":{"allow":["GET"]}}],"collection":[{"href":"https:\/\/www.claret.cat\/es\/wp-json\/wp\/v2\/product"}],"about":[{"href":"https:\/\/www.claret.cat\/es\/wp-json\/wp\/v2\/types\/product"}],"wp:featuredmedia":[{"embeddable":true,"href":"https:\/\/www.claret.cat\/es\/wp-json\/wp\/v2\/media\/1012223"}],"wp:attachment":[{"href":"https:\/\/www.claret.cat\/es\/wp-json\/wp\/v2\/media?parent=980425"}],"wp:term":[{"taxonomy":"product_brand","embeddable":true,"href":"https:\/\/www.claret.cat\/es\/wp-json\/wp\/v2\/product_brand?post=980425"},{"taxonomy":"product_cat","embeddable":true,"href":"https:\/\/www.claret.cat\/es\/wp-json\/wp\/v2\/product_cat?post=980425"},{"taxonomy":"product_tag","embeddable":true,"href":"https:\/\/www.claret.cat\/es\/wp-json\/wp\/v2\/product_tag?post=980425"}],"curies":[{"name":"wp","href":"https:\/\/api.w.org\/{rel}","templated":true}]}}