{"id":980450,"date":"2024-09-18T16:40:43","date_gmt":"2024-09-18T14:40:43","guid":{"rendered":"https:\/\/www.claret.cat\/llibre\/liturgia-de-las-horas-iv-9788492586578\/"},"modified":"2026-04-17T18:01:25","modified_gmt":"2026-04-17T16:01:25","slug":"liturgia-de-las-horas-iv-9788492586578","status":"publish","type":"product","link":"https:\/\/www.claret.cat\/es\/libro\/liturgia-de-las-horas-iv-9788492586578\/","title":{"rendered":"LITURGIA DE LAS HORAS IV"},"content":{"rendered":"","protected":false},"excerpt":{"rendered":"<p>CONFERENCIA EPISCOPAL ESPA\u00d1OLA<\/p>\n","protected":false},"featured_media":980451,"template":"","meta":{"_acf_changed":false,"om_disable_all_campaigns":false,"rs_blank_template":"","rs_page_bg_color":"","slide_template_v7":"","inline_featured_image":false,"_monsterinsights_skip_tracking":false,"_monsterinsights_sitenote_active":false,"_monsterinsights_sitenote_note":"","_monsterinsights_sitenote_category":0},"product_brand":[],"product_cat":[499,251],"product_tag":[],"class_list":{"0":"post-980450","1":"product","2":"type-product","3":"status-publish","4":"has-post-thumbnail","6":"product_cat-de-las-horas","7":"product_cat-de-les-hores","9":"first","10":"instock","11":"taxable","12":"shipping-taxable","13":"purchasable","14":"product-type-simple"},"acf":{"autor":"CONFERENCIA EPISCOPAL ESPA\u00d1OLA","codart":"849258657","libros-coleccion":"FORA DE COL.LECCI\u00d3","ediciones":"1","encuadernacion":"[Vac\u00edo]","fecha_de_publicacion":"01\/02\/2014","novedad":"0","paginas":"0","subtitulo":"","orden":"999","portada":"0","idioma":"spa","editorial":[{"ID":262660,"post_author":"3","post_date":"2022-12-01 10:45:17","post_date_gmt":"2022-12-01 09:45:17","post_content":"","post_title":"CONFERENCIA EPISCOPAL ESPA OLA","post_excerpt":"","post_status":"publish","comment_status":"closed","ping_status":"closed","post_password":"","post_name":"conferencia-episcopal-espa-ola","to_ping":"","pinged":"","post_modified":"2022-12-01 10:45:17","post_modified_gmt":"2022-12-01 09:45:17","post_content_filtered":"","post_parent":0,"guid":"http:\/\/dev.claret.cat\/editorial\/conferencia-episcopal-espa-ola\/","menu_order":0,"post_type":"editorial","post_mime_type":"","comment_count":"0","filter":"raw"}],"autores-libros":[{"ID":5366,"post_author":"3","post_date":"2022-07-28 17:22:26","post_date_gmt":"2022-07-28 15:22:26","post_content":"","post_title":"CONFERENCIA EPISCOPAL ESPA\u00d1OLA","post_excerpt":"","post_status":"publish","comment_status":"closed","ping_status":"closed","post_password":"","post_name":"conferencia-episcopal-espanola","to_ping":"","pinged":"","post_modified":"2022-07-28 17:22:26","post_modified_gmt":"2022-07-28 15:22:26","post_content_filtered":"","post_parent":0,"guid":"http:\/\/dev.claret.cat\/autor\/conferencia-episcopal-espanola\/","menu_order":0,"post_type":"autor","post_mime_type":"","comment_count":"0","filter":"raw"}],"booktrailer":"","resenas":""},"aioseo_notices":[],"_links":{"self":[{"href":"https:\/\/www.claret.cat\/es\/wp-json\/wp\/v2\/product\/980450","targetHints":{"allow":["GET"]}}],"collection":[{"href":"https:\/\/www.claret.cat\/es\/wp-json\/wp\/v2\/product"}],"about":[{"href":"https:\/\/www.claret.cat\/es\/wp-json\/wp\/v2\/types\/product"}],"wp:featuredmedia":[{"embeddable":true,"href":"https:\/\/www.claret.cat\/es\/wp-json\/wp\/v2\/media\/980451"}],"wp:attachment":[{"href":"https:\/\/www.claret.cat\/es\/wp-json\/wp\/v2\/media?parent=980450"}],"wp:term":[{"taxonomy":"product_brand","embeddable":true,"href":"https:\/\/www.claret.cat\/es\/wp-json\/wp\/v2\/product_brand?post=980450"},{"taxonomy":"product_cat","embeddable":true,"href":"https:\/\/www.claret.cat\/es\/wp-json\/wp\/v2\/product_cat?post=980450"},{"taxonomy":"product_tag","embeddable":true,"href":"https:\/\/www.claret.cat\/es\/wp-json\/wp\/v2\/product_tag?post=980450"}],"curies":[{"name":"wp","href":"https:\/\/api.w.org\/{rel}","templated":true}]}}