{"id":98057,"date":"2022-10-12T07:20:27","date_gmt":"2022-10-12T05:20:27","guid":{"rendered":"http:\/\/dev.claret.cat\/producte\/viaje-interior-2o-edel\/"},"modified":"2023-01-28T02:08:23","modified_gmt":"2023-01-28T01:08:23","slug":"viaje-interior-2o-edel-9788416145805","status":"publish","type":"product","link":"https:\/\/www.claret.cat\/es\/libro\/viaje-interior-2o-edel-9788416145805\/","title":{"rendered":"VIAJE INTERIOR 2\u00ba ED,EL"},"content":{"rendered":"<p>Claudio Naranjo nos invita a un viaje a trav\u00e9s de los grandes relatos de Oriente sobre la transformaci\u00f3n humana; cuentos que describen, con un lenguaje secreto y ancestral, el camino interior, el itinerario m\u00edstico, la santa locura, la noche oscura del alma o la v\u00eda del bodhisattva. Del hinduismo al Islam, del sufismo al Tao, de la Biblia a Buda, las p\u00e1ginas de El viaje interior arrojan luz sobre los sellos mejor guardados de Mahabharata, Aladino, Mushkil Gush\u00e1, el Antiguo Testamento, la peregrinaci\u00f3n del Rey Mono, el romance de Yusuf y Zulaika o la epopeya tibetana de Gesar. Todos ellos relatan la leyenda universal del Viaje del H\u00e9roe: el monolito acerca de la b\u00fasqueda de la conciencia y, en \u00faltima instancia, del sentido de la vida.<\/p>\n","protected":false},"excerpt":{"rendered":"<p>NARANJO,CLAUDIO<\/p>\n","protected":false},"featured_media":98058,"template":"","meta":{"_acf_changed":false,"om_disable_all_campaigns":false,"rs_blank_template":"","rs_page_bg_color":"","slide_template_v7":"","inline_featured_image":false,"_monsterinsights_skip_tracking":false,"_monsterinsights_sitenote_active":false,"_monsterinsights_sitenote_note":"","_monsterinsights_sitenote_category":0},"product_brand":[],"product_cat":[127],"product_tag":[],"class_list":{"0":"post-98057","1":"product","2":"type-product","3":"status-publish","4":"has-post-thumbnail","6":"product_cat-novella-contemporania","8":"first","9":"instock","10":"taxable","11":"shipping-taxable","12":"purchasable","13":"product-type-simple"},"acf":{"editorial":[{"ID":148369,"post_author":"3","post_date":"2022-10-14 11:57:42","post_date_gmt":"2022-10-14 09:57:42","post_content":"","post_title":"LA LLAVE EDICIONES","post_excerpt":"","post_status":"publish","comment_status":"closed","ping_status":"closed","post_password":"","post_name":"la-llave-ediciones","to_ping":"","pinged":"","post_modified":"2022-10-14 11:57:42","post_modified_gmt":"2022-10-14 09:57:42","post_content_filtered":"","post_parent":0,"guid":"http:\/\/dev.claret.cat\/editorial\/la-llave-ediciones\/","menu_order":0,"post_type":"editorial","post_mime_type":"","comment_count":"0","filter":"raw"}],"autores-libros":[{"ID":153105,"post_author":"3","post_date":"2022-10-14 14:54:06","post_date_gmt":"2022-10-14 12:54:06","post_content":"","post_title":"CLAUDIO NARANJO","post_excerpt":"","post_status":"publish","comment_status":"closed","ping_status":"closed","post_password":"","post_name":"claudio-naranjo","to_ping":"","pinged":"","post_modified":"2022-10-14 14:54:06","post_modified_gmt":"2022-10-14 12:54:06","post_content_filtered":"","post_parent":0,"guid":"http:\/\/dev.claret.cat\/autor\/claudio-naranjo\/","menu_order":0,"post_type":"autor","post_mime_type":"","comment_count":"0","filter":"raw"}],"autor":"NARANJO,CLAUDIO","codart":"841614580","libros-coleccion":"BUDISMO","ediciones":"1","encuadernacion":"R\u00fastica","fecha_de_publicacion":"01\/01\/2021","novedad":"1","paginas":"366","subtitulo":"","orden":"0","portada":"0","idioma":"spa"},"aioseo_notices":[],"_links":{"self":[{"href":"https:\/\/www.claret.cat\/es\/wp-json\/wp\/v2\/product\/98057","targetHints":{"allow":["GET"]}}],"collection":[{"href":"https:\/\/www.claret.cat\/es\/wp-json\/wp\/v2\/product"}],"about":[{"href":"https:\/\/www.claret.cat\/es\/wp-json\/wp\/v2\/types\/product"}],"wp:featuredmedia":[{"embeddable":true,"href":"https:\/\/www.claret.cat\/es\/wp-json\/wp\/v2\/media\/98058"}],"wp:attachment":[{"href":"https:\/\/www.claret.cat\/es\/wp-json\/wp\/v2\/media?parent=98057"}],"wp:term":[{"taxonomy":"product_brand","embeddable":true,"href":"https:\/\/www.claret.cat\/es\/wp-json\/wp\/v2\/product_brand?post=98057"},{"taxonomy":"product_cat","embeddable":true,"href":"https:\/\/www.claret.cat\/es\/wp-json\/wp\/v2\/product_cat?post=98057"},{"taxonomy":"product_tag","embeddable":true,"href":"https:\/\/www.claret.cat\/es\/wp-json\/wp\/v2\/product_tag?post=98057"}],"curies":[{"name":"wp","href":"https:\/\/api.w.org\/{rel}","templated":true}]}}