{"id":980583,"date":"2024-09-19T12:45:34","date_gmt":"2024-09-19T10:45:34","guid":{"rendered":"https:\/\/www.claret.cat\/llibre\/la-nube-del-no-saber-9788497161091\/"},"modified":"2025-12-10T17:00:11","modified_gmt":"2025-12-10T16:00:11","slug":"la-nube-del-no-saber-9788497161091","status":"publish","type":"product","link":"https:\/\/www.claret.cat\/es\/libro\/la-nube-del-no-saber-9788497161091\/","title":{"rendered":"LA NUBE DEL NO SABER"},"content":{"rendered":"","protected":false},"excerpt":{"rendered":"<p>ANONIMO<\/p>\n","protected":false},"featured_media":980584,"template":"","meta":{"_acf_changed":false,"om_disable_all_campaigns":false,"rs_blank_template":"","rs_page_bg_color":"","slide_template_v7":"","inline_featured_image":false,"_monsterinsights_skip_tracking":false,"_monsterinsights_sitenote_active":false,"_monsterinsights_sitenote_note":"","_monsterinsights_sitenote_category":0},"product_brand":[],"product_cat":[90,540],"product_tag":[],"class_list":{"0":"post-980583","1":"product","2":"type-product","3":"status-publish","4":"has-post-thumbnail","6":"product_cat-altres","7":"product_cat-otros","9":"first","10":"instock","11":"taxable","12":"shipping-taxable","13":"purchasable","14":"product-type-simple"},"acf":{"autor":"ANONIMO","codart":"849716109","libros-coleccion":"Los peque\u00f1os libros de la sabidur\u00e1","ediciones":"1","encuadernacion":"R\u00fastica","fecha_de_publicacion":"01\/09\/2005","novedad":"0","paginas":"249","subtitulo":"","orden":"999","portada":"0","idioma":"spa","editorial":[{"ID":148320,"post_author":"3","post_date":"2022-10-14 11:57:19","post_date_gmt":"2022-10-14 09:57:19","post_content":"","post_title":"JOSE J. DE OLA\u00d1ETA, EDITOR","post_excerpt":"","post_status":"publish","comment_status":"closed","ping_status":"closed","post_password":"","post_name":"jose-j-de-olaneta-editor","to_ping":"","pinged":"","post_modified":"2022-10-14 11:57:19","post_modified_gmt":"2022-10-14 09:57:19","post_content_filtered":"","post_parent":0,"guid":"http:\/\/dev.claret.cat\/editorial\/jose-j-de-olaneta-editor\/","menu_order":0,"post_type":"editorial","post_mime_type":"","comment_count":"0","filter":"raw"}],"autores-libros":[{"ID":171225,"post_author":"3","post_date":"2022-10-14 22:41:41","post_date_gmt":"2022-10-14 20:41:41","post_content":"","post_title":"WALTER MOSLEY","post_excerpt":"","post_status":"publish","comment_status":"closed","ping_status":"closed","post_password":"","post_name":"walter-mosley","to_ping":"","pinged":"","post_modified":"2022-10-14 22:41:41","post_modified_gmt":"2022-10-14 20:41:41","post_content_filtered":"","post_parent":0,"guid":"http:\/\/dev.claret.cat\/autor\/walter-mosley\/","menu_order":0,"post_type":"autor","post_mime_type":"","comment_count":"0","filter":"raw"}],"booktrailer":"","resenas":""},"aioseo_notices":[],"_links":{"self":[{"href":"https:\/\/www.claret.cat\/es\/wp-json\/wp\/v2\/product\/980583","targetHints":{"allow":["GET"]}}],"collection":[{"href":"https:\/\/www.claret.cat\/es\/wp-json\/wp\/v2\/product"}],"about":[{"href":"https:\/\/www.claret.cat\/es\/wp-json\/wp\/v2\/types\/product"}],"wp:featuredmedia":[{"embeddable":true,"href":"https:\/\/www.claret.cat\/es\/wp-json\/wp\/v2\/media\/980584"}],"wp:attachment":[{"href":"https:\/\/www.claret.cat\/es\/wp-json\/wp\/v2\/media?parent=980583"}],"wp:term":[{"taxonomy":"product_brand","embeddable":true,"href":"https:\/\/www.claret.cat\/es\/wp-json\/wp\/v2\/product_brand?post=980583"},{"taxonomy":"product_cat","embeddable":true,"href":"https:\/\/www.claret.cat\/es\/wp-json\/wp\/v2\/product_cat?post=980583"},{"taxonomy":"product_tag","embeddable":true,"href":"https:\/\/www.claret.cat\/es\/wp-json\/wp\/v2\/product_tag?post=980583"}],"curies":[{"name":"wp","href":"https:\/\/api.w.org\/{rel}","templated":true}]}}