{"id":98069,"date":"2022-10-12T07:20:37","date_gmt":"2022-10-12T05:20:37","guid":{"rendered":"http:\/\/dev.claret.cat\/producte\/molt-a-prop-del-final\/"},"modified":"2025-02-01T00:38:18","modified_gmt":"2025-01-31T23:38:18","slug":"molt-a-prop-del-final-9788417868284","status":"publish","type":"product","link":"https:\/\/www.claret.cat\/es\/libro\/molt-a-prop-del-final-9788417868284\/","title":{"rendered":"MOLT A PROP DEL FINAL"},"content":{"rendered":"<p>Com \u00e9s fer-se gran? <\/p>\n<p>Als noranta anys, alliberada de les inhibicions de la vida, si \u00e9s que mai en va tenir cap, l&#8221;autora reflexiona sobre el constant comiat que implica el transc\u00f3rrer del temps, per\u00f2 tamb\u00e9 les petites vict\u00f2ries que es deriven de la vellesa, l&#8221;experi\u00e8ncia dels anys, i la fortalesa necess\u00e0ria per afrontar la mort. Amb una escriptura directa, sense floritures, l&#8221;autora recorda moments concrets de la seva vida, amants i amics: persones i experi\u00e8ncies que l&#8221;hi van ensenyar a no penedir-se mai, a resistir i a q\u00fcestionar les creences i els costums de la seva generaci\u00f3. <\/p>\n<p>Una autobiografia multipremiada: Costa Book Awards for Biography (2008) i National Books Critics Circle Award for Autobiography (2009).<\/p>\n<p>\u00abUn llibre honest i clarivident\u00bb. The Independent<\/p>\n<p>\u00abUna petita joia\u00bb. Daily Mail<\/p>\n<p>\u00abUna lectura espl\u00e8ndida, alegre divertida, ir\u00f2nica i sempre d&#8221;una intel\u00b7lig\u00e8ncia superba sobre tots els temes que tracta\u00bb. Oldie<\/p>\n<p>\u00abUn exuberant retrat de la tercera edat escrit amb una gran tendresa\u00bb. The New Yorker<\/p>\n","protected":false},"excerpt":{"rendered":"<p>ATHILL, DIANA<\/p>\n","protected":false},"featured_media":98070,"template":"","meta":{"_acf_changed":false,"om_disable_all_campaigns":false,"rs_blank_template":"","rs_page_bg_color":"","slide_template_v7":"","inline_featured_image":false,"_monsterinsights_skip_tracking":false,"_monsterinsights_sitenote_active":false,"_monsterinsights_sitenote_note":"","_monsterinsights_sitenote_category":0},"product_brand":[],"product_cat":[549,99],"product_tag":[],"class_list":{"0":"post-98069","1":"product","2":"type-product","3":"status-publish","4":"has-post-thumbnail","6":"product_cat-biografias","7":"product_cat-biografies","9":"first","10":"instock","11":"taxable","12":"shipping-taxable","13":"purchasable","14":"product-type-simple"},"acf":{"editorial":[{"ID":6384,"post_author":"3","post_date":"2022-07-28 17:51:02","post_date_gmt":"2022-07-28 15:51:02","post_content":"","post_title":"Univers Llibres","post_excerpt":"","post_status":"publish","comment_status":"closed","ping_status":"closed","post_password":"","post_name":"univers-llibres","to_ping":"","pinged":"","post_modified":"2022-07-28 17:51:02","post_modified_gmt":"2022-07-28 15:51:02","post_content_filtered":"","post_parent":0,"guid":"http:\/\/dev.claret.cat\/editorial\/univers-llibres\/","menu_order":0,"post_type":"editorial","post_mime_type":"","comment_count":"0","filter":"raw"}],"autor":"ATHILL, DIANA","codart":"841786828","libros-coleccion":"Univers","ediciones":"1","encuadernacion":"R\u00fastica","fecha_de_publicacion":"01\/01\/2021","novedad":"1","paginas":"211","subtitulo":"","orden":"0","portada":"0","idioma":"cat","autores-libros":[{"ID":154120,"post_author":"3","post_date":"2022-10-14 15:02:16","post_date_gmt":"2022-10-14 13:02:16","post_content":"","post_title":"DIANA ATHILL","post_excerpt":"","post_status":"publish","comment_status":"closed","ping_status":"closed","post_password":"","post_name":"diana-athill","to_ping":"","pinged":"","post_modified":"2022-10-14 15:02:16","post_modified_gmt":"2022-10-14 13:02:16","post_content_filtered":"","post_parent":0,"guid":"http:\/\/dev.claret.cat\/autor\/diana-athill\/","menu_order":0,"post_type":"autor","post_mime_type":"","comment_count":"0","filter":"raw"}]},"aioseo_notices":[],"_links":{"self":[{"href":"https:\/\/www.claret.cat\/es\/wp-json\/wp\/v2\/product\/98069","targetHints":{"allow":["GET"]}}],"collection":[{"href":"https:\/\/www.claret.cat\/es\/wp-json\/wp\/v2\/product"}],"about":[{"href":"https:\/\/www.claret.cat\/es\/wp-json\/wp\/v2\/types\/product"}],"wp:featuredmedia":[{"embeddable":true,"href":"https:\/\/www.claret.cat\/es\/wp-json\/wp\/v2\/media\/98070"}],"wp:attachment":[{"href":"https:\/\/www.claret.cat\/es\/wp-json\/wp\/v2\/media?parent=98069"}],"wp:term":[{"taxonomy":"product_brand","embeddable":true,"href":"https:\/\/www.claret.cat\/es\/wp-json\/wp\/v2\/product_brand?post=98069"},{"taxonomy":"product_cat","embeddable":true,"href":"https:\/\/www.claret.cat\/es\/wp-json\/wp\/v2\/product_cat?post=98069"},{"taxonomy":"product_tag","embeddable":true,"href":"https:\/\/www.claret.cat\/es\/wp-json\/wp\/v2\/product_tag?post=98069"}],"curies":[{"name":"wp","href":"https:\/\/api.w.org\/{rel}","templated":true}]}}