{"id":981326,"date":"2024-09-23T12:25:16","date_gmt":"2024-09-23T10:25:16","guid":{"rendered":"https:\/\/www.claret.cat\/llibre\/la-hipotesis-gaia-9788411081306\/"},"modified":"2024-09-23T12:26:14","modified_gmt":"2024-09-23T10:26:14","slug":"la-hipotesis-gaia-9788411081306","status":"publish","type":"product","link":"https:\/\/www.claret.cat\/es\/libro\/la-hipotesis-gaia-9788411081306\/","title":{"rendered":"LA HIP\u00d3TESIS GAIA"},"content":{"rendered":"<p>EL REVOLUCIONARIO REPLANTEAMIENTO DE LA VIDA Y DE LA TIERRA QUE INSPIR\u00d3 EL MOVIMIENTO ECOLOGISTA<\/p>\n<p> En esta obra cl\u00e1sica que sigue inspirando a muchos lectores, James Lovelock expone su idea de que la Tierra funciona como un organismo \u00fanico. Dirigido a un p\u00fablico no cient\u00edfico, el libro propone un viaje a trav\u00e9s del tiempo y el espacio en busca de las pruebas que apoyan una concepci\u00f3n radicalmente distinta de nuestro planeta. Frente a la creencia convencional de que la vida se mantiene pasiva ante las amenazas a su existencia, Lovelock explora la hip\u00f3tesis de que los seres vivos de la Tierra influyen en el aire, el oc\u00e9ano y las rocas para formar un sistema complejo y autorregulado que tiene la capacidad de preservar las condiciones favorables a la vida. Desde su primera publicaci\u00f3n, la hip\u00f3tesis de James Lovelock ha sido muy debatida en los c\u00edrculos cient\u00edficos, si bien cada vez son m\u00e1s las voces que apoyan su planteamiento. En un nuevo pr\u00f3logo a esta edici\u00f3n, el autor se explaya sobre el estado actual de esta apasionante controversia.<\/p>\n","protected":false},"excerpt":{"rendered":"<p>LOVELOCK, JAMES<\/p>\n","protected":false},"featured_media":981327,"template":"","meta":{"_acf_changed":false,"om_disable_all_campaigns":false,"rs_blank_template":"","rs_page_bg_color":"","slide_template_v7":"","inline_featured_image":false,"_monsterinsights_skip_tracking":false,"_monsterinsights_sitenote_active":false,"_monsterinsights_sitenote_note":"","_monsterinsights_sitenote_category":0},"product_brand":[],"product_cat":[104,554],"product_tag":[],"class_list":{"0":"post-981326","1":"product","2":"type-product","3":"status-publish","4":"has-post-thumbnail","6":"product_cat-ciencia","7":"product_cat-ciencia-5_otras-spa","9":"first","10":"instock","11":"taxable","12":"shipping-taxable","13":"purchasable","14":"product-type-simple"},"acf":{"autor":"LOVELOCK, JAMES","codart":"841108130","libros-coleccion":"Conciencia global","ediciones":"1","encuadernacion":"R\u00fastica","fecha_de_publicacion":"01\/09\/2024","novedad":"1","paginas":"251","subtitulo":"LA TIERRA ES UN SER VIVO","orden":"0","portada":"0","idioma":"spa","editorial":[{"ID":148187,"post_author":"3","post_date":"2022-10-14 11:56:18","post_date_gmt":"2022-10-14 09:56:18","post_content":"","post_title":"Gaia Ediciones","post_excerpt":"","post_status":"publish","comment_status":"closed","ping_status":"closed","post_password":"","post_name":"gaia-ediciones","to_ping":"","pinged":"","post_modified":"2022-10-14 11:56:18","post_modified_gmt":"2022-10-14 09:56:18","post_content_filtered":"","post_parent":0,"guid":"http:\/\/dev.claret.cat\/editorial\/gaia-ediciones\/","menu_order":0,"post_type":"editorial","post_mime_type":"","comment_count":"0","filter":"raw"}]},"aioseo_notices":[],"_links":{"self":[{"href":"https:\/\/www.claret.cat\/es\/wp-json\/wp\/v2\/product\/981326","targetHints":{"allow":["GET"]}}],"collection":[{"href":"https:\/\/www.claret.cat\/es\/wp-json\/wp\/v2\/product"}],"about":[{"href":"https:\/\/www.claret.cat\/es\/wp-json\/wp\/v2\/types\/product"}],"wp:featuredmedia":[{"embeddable":true,"href":"https:\/\/www.claret.cat\/es\/wp-json\/wp\/v2\/media\/981327"}],"wp:attachment":[{"href":"https:\/\/www.claret.cat\/es\/wp-json\/wp\/v2\/media?parent=981326"}],"wp:term":[{"taxonomy":"product_brand","embeddable":true,"href":"https:\/\/www.claret.cat\/es\/wp-json\/wp\/v2\/product_brand?post=981326"},{"taxonomy":"product_cat","embeddable":true,"href":"https:\/\/www.claret.cat\/es\/wp-json\/wp\/v2\/product_cat?post=981326"},{"taxonomy":"product_tag","embeddable":true,"href":"https:\/\/www.claret.cat\/es\/wp-json\/wp\/v2\/product_tag?post=981326"}],"curies":[{"name":"wp","href":"https:\/\/api.w.org\/{rel}","templated":true}]}}