{"id":98135,"date":"2022-10-12T07:21:30","date_gmt":"2022-10-12T05:21:30","guid":{"rendered":"http:\/\/dev.claret.cat\/producte\/una-imatge-no-val-mes-que-mil-paraules\/"},"modified":"2024-01-31T17:55:51","modified_gmt":"2024-01-31T16:55:51","slug":"una-imatge-no-val-mes-que-mil-paraules-9788499308470","status":"publish","type":"product","link":"https:\/\/www.claret.cat\/es\/libro\/una-imatge-no-val-mes-que-mil-paraules-9788499308470\/","title":{"rendered":"UNA IMATGE NO VAL M\u00c9S QUE MIL PARAULES"},"content":{"rendered":"<p>Una imatge no val m\u00e9s que mil paraules parteix de la negaci\u00f3 del conegut t\u00f2pic per fer una dissecci\u00f3 cr\u00edtica dels clix\u00e9s i estereotips que sovint imposen una visi\u00f3 reduccionista del m\u00f3n de les lleng\u00fces. Tuson revisa tant els mites innocents (com ara el que fa creure que la pr\u00f2pia llengua \u00e9s la m\u00e9s f\u00e0cil) com els mites perversos del neoliberalisme m\u00e9s c\u00ednic (que postulen que &#8216;hi ha lleng\u00fces que han perdut el tren a la modernitat&#8217;). L&#8221;autor toca en aquest llibre, amb un tacte molt particular i suggeridor, la mat\u00e8ria de la comunicaci\u00f3, tant oral com escrita. Lluny de l&#8221;enfarfegament terminol\u00f2gic, de l&#8221;hermetisme propi dels especialistes, Tuson sap presentar nocions i transmetre idees complexes, i articular-les d&#8221;una manera rigorosa i amena sense domesticar-les ni baratar-ne el sentit.<\/p>\n","protected":false},"excerpt":{"rendered":"<p>TUSON VALLS, JES\u00daS<\/p>\n","protected":false},"featured_media":98136,"template":"","meta":{"_acf_changed":false,"om_disable_all_campaigns":false,"rs_blank_template":"","rs_page_bg_color":"","slide_template_v7":"","inline_featured_image":false,"_monsterinsights_skip_tracking":false,"_monsterinsights_sitenote_active":false,"_monsterinsights_sitenote_note":"","_monsterinsights_sitenote_category":0},"product_brand":[],"product_cat":[90,540],"product_tag":[],"class_list":{"0":"post-98135","1":"product","2":"type-product","3":"status-publish","4":"has-post-thumbnail","6":"product_cat-altres","7":"product_cat-otros","9":"first","10":"instock","11":"taxable","12":"shipping-taxable","13":"purchasable","14":"product-type-simple"},"acf":{"editorial":[{"ID":6281,"post_author":"3","post_date":"2022-07-28 17:48:50","post_date_gmt":"2022-07-28 15:48:50","post_content":"","post_title":"LABUTXACA","post_excerpt":"","post_status":"publish","comment_status":"closed","ping_status":"closed","post_password":"","post_name":"labutxaca","to_ping":"","pinged":"","post_modified":"2022-07-28 17:48:50","post_modified_gmt":"2022-07-28 15:48:50","post_content_filtered":"","post_parent":0,"guid":"http:\/\/dev.claret.cat\/editorial\/labutxaca\/","menu_order":0,"post_type":"editorial","post_mime_type":"","comment_count":"0","filter":"raw"}],"autor":"TUSON VALLS, JES\u00daS","codart":"849930847","libros-coleccion":"LABUTXACA","ediciones":"1","encuadernacion":"R\u00fastica","fecha_de_publicacion":"01\/05\/2014","novedad":"1","paginas":"112","subtitulo":"CONTRA ELS T\u00d2PICS","orden":"0","portada":"0","idioma":"cat","autores-libros":[{"ID":159180,"post_author":"3","post_date":"2022-10-14 15:42:44","post_date_gmt":"2022-10-14 13:42:44","post_content":"","post_title":"JES\u00daS TUSON VALLS","post_excerpt":"","post_status":"publish","comment_status":"closed","ping_status":"closed","post_password":"","post_name":"jesus-tuson-valls","to_ping":"","pinged":"","post_modified":"2022-10-14 15:42:44","post_modified_gmt":"2022-10-14 13:42:44","post_content_filtered":"","post_parent":0,"guid":"http:\/\/dev.claret.cat\/autor\/jesus-tuson-valls\/","menu_order":0,"post_type":"autor","post_mime_type":"","comment_count":"0","filter":"raw"}]},"aioseo_notices":[],"_links":{"self":[{"href":"https:\/\/www.claret.cat\/es\/wp-json\/wp\/v2\/product\/98135","targetHints":{"allow":["GET"]}}],"collection":[{"href":"https:\/\/www.claret.cat\/es\/wp-json\/wp\/v2\/product"}],"about":[{"href":"https:\/\/www.claret.cat\/es\/wp-json\/wp\/v2\/types\/product"}],"wp:featuredmedia":[{"embeddable":true,"href":"https:\/\/www.claret.cat\/es\/wp-json\/wp\/v2\/media\/98136"}],"wp:attachment":[{"href":"https:\/\/www.claret.cat\/es\/wp-json\/wp\/v2\/media?parent=98135"}],"wp:term":[{"taxonomy":"product_brand","embeddable":true,"href":"https:\/\/www.claret.cat\/es\/wp-json\/wp\/v2\/product_brand?post=98135"},{"taxonomy":"product_cat","embeddable":true,"href":"https:\/\/www.claret.cat\/es\/wp-json\/wp\/v2\/product_cat?post=98135"},{"taxonomy":"product_tag","embeddable":true,"href":"https:\/\/www.claret.cat\/es\/wp-json\/wp\/v2\/product_tag?post=98135"}],"curies":[{"name":"wp","href":"https:\/\/api.w.org\/{rel}","templated":true}]}}