{"id":981362,"date":"2024-09-23T13:10:34","date_gmt":"2024-09-23T11:10:34","guid":{"rendered":"https:\/\/www.claret.cat\/llibre\/fora-etiquetes-9788448868093\/"},"modified":"2026-04-18T13:16:30","modified_gmt":"2026-04-18T11:16:30","slug":"fora-etiquetes-9788448868093","status":"publish","type":"product","link":"https:\/\/www.claret.cat\/es\/libro\/fora-etiquetes-9788448868093\/","title":{"rendered":"FORA ETIQUETES"},"content":{"rendered":"<p>Un nou \u00e0lbum il\u00b7lustrat de Luc\u00eda Serrano que ens convida a reflexionar sobre les etiquetes.  Les paraules que fem servir per descriure els altres de vegades s\u00f3n tan grans que els converteixen en una cosa que no s\u00f3n. Compte! Estem posant etiquetes! I quan fem aix\u00f2, estem encasellant una persona. Aix\u00f2 no s&#8217;ha de fer. Cadasc\u00fa \u00e9s com \u00e9s, i som de moltes maneres! En aquest nou llibre, Luc\u00eda Serrano ens convida a reflexionar sobre les etiquetes amb qu\u00e8 assenyalem altres persones, sobre el pes que porten amb si i sobre les conseq\u00fc\u00e8ncies que t\u00e9 fer-les servir. Un nou llibre fet per pensar sobre un tema fonamental.<\/p>\n","protected":false},"excerpt":{"rendered":"<p>SERRANO, LUC\u00cdA<\/p>\n","protected":false},"featured_media":981874,"template":"","meta":{"_acf_changed":false,"om_disable_all_campaigns":false,"rs_blank_template":"","rs_page_bg_color":"","slide_template_v7":"","inline_featured_image":false,"_monsterinsights_skip_tracking":false,"_monsterinsights_sitenote_active":false,"_monsterinsights_sitenote_note":"","_monsterinsights_sitenote_category":0},"product_brand":[],"product_cat":[132,362],"product_tag":[],"class_list":{"0":"post-981362","1":"product","2":"type-product","3":"status-publish","4":"has-post-thumbnail","6":"product_cat-lectures-per-preadolescents-6-12-anys","7":"product_cat-libros-preadolescentes-6-12-anos","9":"first","10":"instock","11":"taxable","12":"shipping-taxable","13":"purchasable","14":"product-type-simple"},"acf":{"autor":"SERRANO, LUC\u00cdA","codart":"844886809","libros-coleccion":"Contes infantils","ediciones":"1","encuadernacion":"Carton\u00e9","fecha_de_publicacion":"01\/09\/2024","novedad":"1","paginas":"36","subtitulo":"UN CONTE SOBRE EL PODER DE LES PARAULES","orden":"0","portada":"0","idioma":"cat","editorial":[{"ID":6141,"post_author":"3","post_date":"2022-07-28 17:45:46","post_date_gmt":"2022-07-28 15:45:46","post_content":"","post_title":"BEASCOA","post_excerpt":"","post_status":"publish","comment_status":"closed","ping_status":"closed","post_password":"","post_name":"beascoa","to_ping":"","pinged":"","post_modified":"2022-07-28 17:45:46","post_modified_gmt":"2022-07-28 15:45:46","post_content_filtered":"","post_parent":0,"guid":"http:\/\/dev.claret.cat\/editorial\/beascoa\/","menu_order":0,"post_type":"editorial","post_mime_type":"","comment_count":"0","filter":"raw"}],"booktrailer":"","resenas":""},"aioseo_notices":[],"_links":{"self":[{"href":"https:\/\/www.claret.cat\/es\/wp-json\/wp\/v2\/product\/981362","targetHints":{"allow":["GET"]}}],"collection":[{"href":"https:\/\/www.claret.cat\/es\/wp-json\/wp\/v2\/product"}],"about":[{"href":"https:\/\/www.claret.cat\/es\/wp-json\/wp\/v2\/types\/product"}],"wp:featuredmedia":[{"embeddable":true,"href":"https:\/\/www.claret.cat\/es\/wp-json\/wp\/v2\/media\/981874"}],"wp:attachment":[{"href":"https:\/\/www.claret.cat\/es\/wp-json\/wp\/v2\/media?parent=981362"}],"wp:term":[{"taxonomy":"product_brand","embeddable":true,"href":"https:\/\/www.claret.cat\/es\/wp-json\/wp\/v2\/product_brand?post=981362"},{"taxonomy":"product_cat","embeddable":true,"href":"https:\/\/www.claret.cat\/es\/wp-json\/wp\/v2\/product_cat?post=981362"},{"taxonomy":"product_tag","embeddable":true,"href":"https:\/\/www.claret.cat\/es\/wp-json\/wp\/v2\/product_tag?post=981362"}],"curies":[{"name":"wp","href":"https:\/\/api.w.org\/{rel}","templated":true}]}}