{"id":981588,"date":"2024-09-23T17:51:04","date_gmt":"2024-09-23T15:51:04","guid":{"rendered":"https:\/\/www.claret.cat\/llibre\/quiero-entenderte-9788410243415\/"},"modified":"2024-09-23T18:21:14","modified_gmt":"2024-09-23T16:21:14","slug":"quiero-entenderte-9788410243415","status":"publish","type":"product","link":"https:\/\/www.claret.cat\/es\/libro\/quiero-entenderte-9788410243415\/","title":{"rendered":"\u00a1QUIERO ENTENDERTE!"},"content":{"rendered":"<p>\u00bfPor qu\u00e9 se enfada tanto? \u00bfCu\u00e1ndo empez\u00f3 a volverse narcisista? \u00bfQu\u00e9 puedo hacer frente a su impulsividad o su parsimonia? \u00bfCu\u00e1ntas veces, desde que tu reto\u00f1o se ha convertido en adolescente y se ha sumido en un mar de contradicciones, te has dicho \u00abno lo entiendo, necesito un manual de instrucciones\u00bb? \u00a1\u00a1\u00a1Diana Al Azem tiene la soluci\u00f3n!!! Su libro es el traductor universal padres-adolescentes \/ adolescentes-padres, con las claves que nos explican, ante los conflictos del d\u00eda a d\u00eda, c\u00f3mo actuar y responder para lograr no solo entenderlos, sino la tan ansiada paz familiar.<\/p>\n","protected":false},"excerpt":{"rendered":"<p>AL AZEM, DIANA<\/p>\n","protected":false},"featured_media":981589,"template":"","meta":{"_acf_changed":false,"om_disable_all_campaigns":false,"rs_blank_template":"","rs_page_bg_color":"","slide_template_v7":"","inline_featured_image":false,"_monsterinsights_skip_tracking":false,"_monsterinsights_sitenote_active":false,"_monsterinsights_sitenote_note":"","_monsterinsights_sitenote_category":0},"product_brand":[],"product_cat":[191,454],"product_tag":[],"class_list":{"0":"post-981588","1":"product","2":"type-product","3":"status-publish","4":"has-post-thumbnail","6":"product_cat-educacio-en-valors-pedagogia-2_humanitats","7":"product_cat-educacion-en-valores","9":"first","10":"instock","11":"taxable","12":"shipping-taxable","13":"purchasable","14":"product-type-simple"},"acf":{"autor":"AL AZEM, DIANA","codart":"841024341","libros-coleccion":"PLATAFORMA ACTUAL","ediciones":"1","encuadernacion":"R\u00fastica","fecha_de_publicacion":"01\/09\/2024","novedad":"1","paginas":"244","subtitulo":"CLAVES PARA COMPRENDER Y MANEJAR (DE  FORMA POSITIVA) EL NUEVO PARADIGMA DE LA A","orden":"0","portada":"0","idioma":"spa","editorial":[{"ID":6331,"post_author":"3","post_date":"2022-07-28 17:49:53","post_date_gmt":"2022-07-28 15:49:53","post_content":"","post_title":"PLATAFORMA EDITORIAL","post_excerpt":"","post_status":"publish","comment_status":"closed","ping_status":"closed","post_password":"","post_name":"plataforma-editorial","to_ping":"","pinged":"","post_modified":"2022-07-28 17:49:53","post_modified_gmt":"2022-07-28 15:49:53","post_content_filtered":"","post_parent":0,"guid":"http:\/\/dev.claret.cat\/editorial\/plataforma-editorial\/","menu_order":0,"post_type":"editorial","post_mime_type":"","comment_count":"0","filter":"raw"}]},"aioseo_notices":[],"_links":{"self":[{"href":"https:\/\/www.claret.cat\/es\/wp-json\/wp\/v2\/product\/981588","targetHints":{"allow":["GET"]}}],"collection":[{"href":"https:\/\/www.claret.cat\/es\/wp-json\/wp\/v2\/product"}],"about":[{"href":"https:\/\/www.claret.cat\/es\/wp-json\/wp\/v2\/types\/product"}],"wp:featuredmedia":[{"embeddable":true,"href":"https:\/\/www.claret.cat\/es\/wp-json\/wp\/v2\/media\/981589"}],"wp:attachment":[{"href":"https:\/\/www.claret.cat\/es\/wp-json\/wp\/v2\/media?parent=981588"}],"wp:term":[{"taxonomy":"product_brand","embeddable":true,"href":"https:\/\/www.claret.cat\/es\/wp-json\/wp\/v2\/product_brand?post=981588"},{"taxonomy":"product_cat","embeddable":true,"href":"https:\/\/www.claret.cat\/es\/wp-json\/wp\/v2\/product_cat?post=981588"},{"taxonomy":"product_tag","embeddable":true,"href":"https:\/\/www.claret.cat\/es\/wp-json\/wp\/v2\/product_tag?post=981588"}],"curies":[{"name":"wp","href":"https:\/\/api.w.org\/{rel}","templated":true}]}}