{"id":98177,"date":"2022-10-12T07:22:05","date_gmt":"2022-10-12T05:22:05","guid":{"rendered":"http:\/\/dev.claret.cat\/producte\/lilla-del-doctor-moreau\/"},"modified":"2023-01-28T10:52:39","modified_gmt":"2023-01-28T09:52:39","slug":"lilla-del-doctor-moreau-9788418197406","status":"publish","type":"product","link":"https:\/\/www.claret.cat\/es\/libro\/lilla-del-doctor-moreau-9788418197406\/","title":{"rendered":"L&#8217;ILLA DEL DOCTOR MOREAU"},"content":{"rendered":"<p>L&#8217;illa del doctor Moreau \u00e9s una de les novel\u00b7les m\u00e9s pertorbadores que mai s&#8217;hagin escrit. Tal com va escriure Margaret Atwood: \u00abQuan l&#8217;has llegit, dif\u00edcilment pots oblidar-la\u00bb. Jorge Luis Borges, parlant de les primeres obres de Wells, va dir-ne: \u00ab\u00c9s un mirall que revela la idiosincr\u00e0cia del lector i \u00e9s tamb\u00e9 un mapa del m\u00f3n\u00bb.  A l&#8217;oce\u00e0 Pac\u00edfic un vaixell s&#8217;enfonsa i un dels n\u00e0ufrags, Edward Prendick, \u00e9s rescatat per un petit mercant que est\u00e0 transportant una c\u00e0rrega d&#8217;animals vius -gossos, conills, una llama, una puma- fins a una illa encara sense nom. Per atzar Prendick \u00e9s desembarcat tamb\u00e9 a l&#8217;illa, i all\u00e0 anir\u00e0 descobrint amb horror els experiments inimaginables que el doctor Moreau est\u00e0 practicant amb animals.  Wells no va ser un mer pioner de la ci\u00e8ncia ficci\u00f3, sin\u00f3 un visionari amb una escriptura enormement efica\u00e7 que interpel\u00b7la el lector sobre el paper de la ci\u00e8ncia i sobre els l\u00edmits \u00e8tics en l&#8217;alteraci\u00f3 de la natura.  Quan es compleixen 125 anys de la publicaci\u00f3, el debat transhuman\u00edstic torna aquest cl\u00e0ssic a l&#8217;actualitat.<\/p>\n","protected":false},"excerpt":{"rendered":"<p>WELLS, HERBERT GEORGE<\/p>\n","protected":false},"featured_media":318287,"template":"","meta":{"_acf_changed":false,"om_disable_all_campaigns":false,"rs_blank_template":"","rs_page_bg_color":"","slide_template_v7":"","inline_featured_image":false,"_monsterinsights_skip_tracking":false,"_monsterinsights_sitenote_active":false,"_monsterinsights_sitenote_note":"","_monsterinsights_sitenote_category":0},"product_brand":[],"product_cat":[354,123],"product_tag":[],"class_list":{"0":"post-98177","1":"product","2":"type-product","3":"status-publish","4":"has-post-thumbnail","6":"product_cat-clasica","7":"product_cat-classica","9":"first","10":"instock","11":"taxable","12":"shipping-taxable","13":"purchasable","14":"product-type-simple"},"acf":{"editorial":[{"ID":6122,"post_author":"3","post_date":"2022-07-28 17:45:22","post_date_gmt":"2022-07-28 15:45:22","post_content":"","post_title":"ANGLE EDITORIAL","post_excerpt":"","post_status":"publish","comment_status":"closed","ping_status":"closed","post_password":"","post_name":"angle-editorial","to_ping":"","pinged":"","post_modified":"2022-07-28 17:45:22","post_modified_gmt":"2022-07-28 15:45:22","post_content_filtered":"","post_parent":0,"guid":"http:\/\/dev.claret.cat\/editorial\/angle-editorial\/","menu_order":0,"post_type":"editorial","post_mime_type":"","comment_count":"0","filter":"raw"}],"autor":"WELLS, HERBERT GEORGE","codart":"841819740","libros-coleccion":"El far","ediciones":"1","encuadernacion":"R\u00fastica","fecha_de_publicacion":"01\/01\/2021","novedad":"1","paginas":"254","subtitulo":"","orden":"0","portada":"0","idioma":"cat","autores-libros":[{"ID":157536,"post_author":"3","post_date":"2022-10-14 15:29:36","post_date_gmt":"2022-10-14 13:29:36","post_content":"","post_title":"HERBERT GEORGE WELLS","post_excerpt":"","post_status":"publish","comment_status":"closed","ping_status":"closed","post_password":"","post_name":"herbert-george-wells","to_ping":"","pinged":"","post_modified":"2022-10-14 15:29:36","post_modified_gmt":"2022-10-14 13:29:36","post_content_filtered":"","post_parent":0,"guid":"http:\/\/dev.claret.cat\/autor\/herbert-george-wells\/","menu_order":0,"post_type":"autor","post_mime_type":"","comment_count":"0","filter":"raw"}]},"aioseo_notices":[],"_links":{"self":[{"href":"https:\/\/www.claret.cat\/es\/wp-json\/wp\/v2\/product\/98177","targetHints":{"allow":["GET"]}}],"collection":[{"href":"https:\/\/www.claret.cat\/es\/wp-json\/wp\/v2\/product"}],"about":[{"href":"https:\/\/www.claret.cat\/es\/wp-json\/wp\/v2\/types\/product"}],"wp:featuredmedia":[{"embeddable":true,"href":"https:\/\/www.claret.cat\/es\/wp-json\/wp\/v2\/media\/318287"}],"wp:attachment":[{"href":"https:\/\/www.claret.cat\/es\/wp-json\/wp\/v2\/media?parent=98177"}],"wp:term":[{"taxonomy":"product_brand","embeddable":true,"href":"https:\/\/www.claret.cat\/es\/wp-json\/wp\/v2\/product_brand?post=98177"},{"taxonomy":"product_cat","embeddable":true,"href":"https:\/\/www.claret.cat\/es\/wp-json\/wp\/v2\/product_cat?post=98177"},{"taxonomy":"product_tag","embeddable":true,"href":"https:\/\/www.claret.cat\/es\/wp-json\/wp\/v2\/product_tag?post=98177"}],"curies":[{"name":"wp","href":"https:\/\/api.w.org\/{rel}","templated":true}]}}