{"id":981929,"date":"2024-09-25T17:10:22","date_gmt":"2024-09-25T15:10:22","guid":{"rendered":"https:\/\/www.claret.cat\/llibre\/revista-luz-y-sal-19-primavera-verano-2024-9780670100194\/"},"modified":"2025-06-06T11:28:31","modified_gmt":"2025-06-06T09:28:31","slug":"revista-luz-y-sal-19-primavera-verano-2024-9780670100194","status":"publish","type":"product","link":"https:\/\/www.claret.cat\/es\/libro\/revista-luz-y-sal-19-primavera-verano-2024-9780670100194\/","title":{"rendered":"REVISTA LUZ Y SAL, 19 (PRIMAVERA VERANO 2024)"},"content":{"rendered":"","protected":false},"excerpt":{"rendered":"<p>ACCI\u00d3N CAT\u00d3LICA OBRERA<\/p>\n","protected":false},"featured_media":1027852,"template":"","meta":{"_acf_changed":false,"om_disable_all_campaigns":false,"rs_blank_template":"","rs_page_bg_color":"","slide_template_v7":"","inline_featured_image":false,"_monsterinsights_skip_tracking":false,"_monsterinsights_sitenote_active":false,"_monsterinsights_sitenote_note":"","_monsterinsights_sitenote_category":0},"product_brand":[],"product_cat":[271,409],"product_tag":[],"class_list":{"0":"post-981929","1":"product","2":"type-product","3":"status-publish","4":"has-post-thumbnail","6":"product_cat-en-general","7":"product_cat-en-general-pastoral-1_espiritualidad","9":"first","10":"outofstock","11":"taxable","12":"shipping-taxable","13":"purchasable","14":"product-type-simple"},"acf":{"autor":"ACCI\u00d3N CAT\u00d3LICA OBRERA","codart":"067010019","libros-coleccion":"","ediciones":"1","encuadernacion":"R\u00fastica","fecha_de_publicacion":"25\/09\/2024","novedad":"1","paginas":"0","subtitulo":"","orden":"0","portada":"0","idioma":"spa","editorial":[{"ID":147371,"post_author":"3","post_date":"2022-10-14 11:50:03","post_date_gmt":"2022-10-14 09:50:03","post_content":"","post_title":"ACCION CATOLICA","post_excerpt":"","post_status":"publish","comment_status":"closed","ping_status":"closed","post_password":"","post_name":"accion-catolica","to_ping":"","pinged":"","post_modified":"2022-10-14 11:50:03","post_modified_gmt":"2022-10-14 09:50:03","post_content_filtered":"","post_parent":0,"guid":"http:\/\/dev.claret.cat\/editorial\/accion-catolica\/","menu_order":0,"post_type":"editorial","post_mime_type":"","comment_count":"0","filter":"raw"}],"booktrailer":"","resenas":""},"aioseo_notices":[],"_links":{"self":[{"href":"https:\/\/www.claret.cat\/es\/wp-json\/wp\/v2\/product\/981929","targetHints":{"allow":["GET"]}}],"collection":[{"href":"https:\/\/www.claret.cat\/es\/wp-json\/wp\/v2\/product"}],"about":[{"href":"https:\/\/www.claret.cat\/es\/wp-json\/wp\/v2\/types\/product"}],"wp:featuredmedia":[{"embeddable":true,"href":"https:\/\/www.claret.cat\/es\/wp-json\/wp\/v2\/media\/1027852"}],"wp:attachment":[{"href":"https:\/\/www.claret.cat\/es\/wp-json\/wp\/v2\/media?parent=981929"}],"wp:term":[{"taxonomy":"product_brand","embeddable":true,"href":"https:\/\/www.claret.cat\/es\/wp-json\/wp\/v2\/product_brand?post=981929"},{"taxonomy":"product_cat","embeddable":true,"href":"https:\/\/www.claret.cat\/es\/wp-json\/wp\/v2\/product_cat?post=981929"},{"taxonomy":"product_tag","embeddable":true,"href":"https:\/\/www.claret.cat\/es\/wp-json\/wp\/v2\/product_tag?post=981929"}],"curies":[{"name":"wp","href":"https:\/\/api.w.org\/{rel}","templated":true}]}}