{"id":981974,"date":"2024-09-25T17:45:02","date_gmt":"2024-09-25T15:45:02","guid":{"rendered":"https:\/\/www.claret.cat\/llibre\/nuestras-primeras-veces-9788410171237\/"},"modified":"2024-09-26T10:36:06","modified_gmt":"2024-09-26T08:36:06","slug":"nuestras-primeras-veces-9788410171237","status":"publish","type":"product","link":"https:\/\/www.claret.cat\/es\/libro\/nuestras-primeras-veces-9788410171237\/","title":{"rendered":"NUESTRAS PRIMERAS VECES"},"content":{"rendered":"<p>La historia de la humanidad es el relato de una larga invenci\u00f3n. Siempre se ha dicho que los seres humanos no viven en el medio natural, sino que lo transforman para sobrevivir. La inteligencia del hombre reemplaza el instinto y las garras de los animales o la fuerza de la naturaleza. Desde tiempos remotos, los humanos avanzamos a golpe de primeras veces, que, situadas en su contexto cronol\u00f3gico, permiten descifrar algunas de las grandes etapas evolutivas de nuestro comportamiento: hubo una primera vez en la que alguien encendi\u00f3 un fuego, construy\u00f3 una caba\u00f1a, ide\u00f3 una herramienta, se visti\u00f3, transmiti\u00f3 un conocimiento, decidi\u00f3 migrar en busca de un lugar mejor o esboz\u00f3 una pintura.<br \/> El prehistoriador franc\u00e9s Nicolas Teyssandier responde a muchas preguntas en esta original, apasionante y l\u00fadica narraci\u00f3n de la historia del ser humano. A trav\u00e9s de treinta momentos fundamentales, traza un retrato de c\u00f3mo hemos llegado a ser lo que somos. Lejos de tratarse de meras especulaciones, el puzle de la humanidad se completa a trav\u00e9s de la arqueolog\u00eda, ciencia de lo ef\u00edmero por excelencia &#x2013;en la que cada prueba viene condicionada no s\u00f3lo por el azar de las leyes de la evoluci\u00f3n, sino tambi\u00e9n por el que rige los misterios de la conservaci\u00f3n&#x2013;, y de indicios que van m\u00e1s all\u00e1 de nuestra memoria como especie: el del nacimiento del lenguaje &#x2013;demostrado a partir de un hueso de neandertal de hace 60 000 a\u00f1os&#x2013;, de los dioses, de la pintura o del consumo de leche.<br \/> Cuando se acaba la lectura de este libro, erudito y divulgativo a la vez, se tiene la certeza de que la imaginaci\u00f3n humana carece de l\u00edmites.<\/p>\n","protected":false},"excerpt":{"rendered":"<p>TEYSSANDIER, NICOLAS<\/p>\n","protected":false},"featured_media":982085,"template":"","meta":{"_acf_changed":false,"om_disable_all_campaigns":false,"rs_blank_template":"","rs_page_bg_color":"","slide_template_v7":"","inline_featured_image":false,"_monsterinsights_skip_tracking":false,"_monsterinsights_sitenote_active":false,"_monsterinsights_sitenote_note":"","_monsterinsights_sitenote_category":0},"product_brand":[],"product_cat":[147,426],"product_tag":[],"class_list":{"0":"post-981974","1":"product","2":"type-product","3":"status-publish","4":"has-post-thumbnail","6":"product_cat-prehistoria","7":"product_cat-prehistoria-historia-2_humanidades","9":"first","10":"instock","11":"taxable","12":"shipping-taxable","13":"purchasable","14":"product-type-simple"},"acf":{"autor":"TEYSSANDIER, NICOLAS","codart":"841017123","libros-coleccion":"Fuera de serie","ediciones":"1","encuadernacion":"R\u00fastica","fecha_de_publicacion":"01\/09\/2024","novedad":"1","paginas":"214","subtitulo":"30 (PRE)HISTORIAS EXTRAORDINARIAS","orden":"0","portada":"0","idioma":"spa","editorial":[{"ID":148661,"post_author":"3","post_date":"2022-10-14 11:59:59","post_date_gmt":"2022-10-14 09:59:59","post_content":"","post_title":"Perif\u00e9rica","post_excerpt":"","post_status":"publish","comment_status":"closed","ping_status":"closed","post_password":"","post_name":"periferica","to_ping":"","pinged":"","post_modified":"2022-10-14 11:59:59","post_modified_gmt":"2022-10-14 09:59:59","post_content_filtered":"","post_parent":0,"guid":"http:\/\/dev.claret.cat\/editorial\/periferica\/","menu_order":0,"post_type":"editorial","post_mime_type":"","comment_count":"0","filter":"raw"}]},"aioseo_notices":[],"_links":{"self":[{"href":"https:\/\/www.claret.cat\/es\/wp-json\/wp\/v2\/product\/981974","targetHints":{"allow":["GET"]}}],"collection":[{"href":"https:\/\/www.claret.cat\/es\/wp-json\/wp\/v2\/product"}],"about":[{"href":"https:\/\/www.claret.cat\/es\/wp-json\/wp\/v2\/types\/product"}],"wp:featuredmedia":[{"embeddable":true,"href":"https:\/\/www.claret.cat\/es\/wp-json\/wp\/v2\/media\/982085"}],"wp:attachment":[{"href":"https:\/\/www.claret.cat\/es\/wp-json\/wp\/v2\/media?parent=981974"}],"wp:term":[{"taxonomy":"product_brand","embeddable":true,"href":"https:\/\/www.claret.cat\/es\/wp-json\/wp\/v2\/product_brand?post=981974"},{"taxonomy":"product_cat","embeddable":true,"href":"https:\/\/www.claret.cat\/es\/wp-json\/wp\/v2\/product_cat?post=981974"},{"taxonomy":"product_tag","embeddable":true,"href":"https:\/\/www.claret.cat\/es\/wp-json\/wp\/v2\/product_tag?post=981974"}],"curies":[{"name":"wp","href":"https:\/\/api.w.org\/{rel}","templated":true}]}}