{"id":98219,"date":"2022-10-12T07:22:37","date_gmt":"2022-10-12T05:22:37","guid":{"rendered":"http:\/\/dev.claret.cat\/producte\/la-casa-dels-avis-2\/"},"modified":"2024-01-31T20:38:00","modified_gmt":"2024-01-31T19:38:00","slug":"la-casa-dels-avis-9788475888644","status":"publish","type":"product","link":"https:\/\/www.claret.cat\/es\/libro\/la-casa-dels-avis-9788475888644\/","title":{"rendered":"LA CASA DELS AVIS"},"content":{"rendered":"<p>\u00bfQu\u00e8 fa que alg\u00fa decideixi anar-se&#8217;n del lloc on ha viscut sempre i que alg\u00fa altre vulgui morir all\u00e0 on va n\u00e9ixer? Si a la celebrada Un home que se&#8217;n va, Vicen\u00e7 Villatoro reconstru\u00efa la hist\u00f2ria del seu avi patern, que emigra des d&#8217;un poble de C\u00f2rdova a Terrassa, a La casa dels avis explora la hist\u00f2ria dels avis materns, des de la casa familiar de Canet, que va ser enderrocada, fins a la Terrassa obrera i convulsa de la guerra i la postguerra. Eren un many\u00e0 i una nuadora, catalanistes i republicans, que van viure l&#8217;exaltaci\u00f3 de la Rep\u00fablica, la derrota de la guerra i l&#8217;experi\u00e8ncia de l&#8217;exili, la pres\u00f3 i el silenci del franquisme. La seva hist\u00f2ria \u00e9s la dels que es queden, i la seva casa \u00e9s el s\u00edmbol de la persist\u00e8ncia i l&#8217;arrelament a la terra.<br \/> La casa dels avis forma part d&#8217;una ambiciosa trilogia\u2014juntament amb Un home que se&#8217;n va i El retorn dels Bassat\u2014 sobre l&#8217;emigraci\u00f3 i la identitat, per\u00f2 \u00e9s tamb\u00e9 una visi\u00f3 diferent, des la perspectiva d&#8217;una fam\u00edlia concreta, de la hist\u00f2ria catalana al llarg de m\u00e9s d&#8217;un segle: des de l&#8217;arribada d&#8217;un avantpassat napolit\u00e0 per participar a les guerres carlines fins als esdeveniments de l&#8217;octubre del 2017 i el dia d&#8217;avui.<\/p>\n","protected":false},"excerpt":{"rendered":"<p>VILLATORO LAMOLLA, VICEN\u00c7<\/p>\n","protected":false},"featured_media":98220,"template":"","meta":{"_acf_changed":false,"om_disable_all_campaigns":false,"rs_blank_template":"","rs_page_bg_color":"","slide_template_v7":"","inline_featured_image":false,"_monsterinsights_skip_tracking":false,"_monsterinsights_sitenote_active":false,"_monsterinsights_sitenote_note":"","_monsterinsights_sitenote_category":0},"product_brand":[],"product_cat":[127,357],"product_tag":[],"class_list":{"0":"post-98219","1":"product","2":"type-product","3":"status-publish","4":"has-post-thumbnail","6":"product_cat-novella-contemporania","7":"product_cat-novela-contemporanea","9":"first","10":"instock","11":"taxable","12":"shipping-taxable","13":"purchasable","14":"product-type-simple"},"acf":{"editorial":[{"ID":6336,"post_author":"3","post_date":"2022-07-28 17:50:00","post_date_gmt":"2022-07-28 15:50:00","post_content":"","post_title":"Proa","post_excerpt":"","post_status":"publish","comment_status":"closed","ping_status":"closed","post_password":"","post_name":"proa","to_ping":"","pinged":"","post_modified":"2022-07-28 17:50:00","post_modified_gmt":"2022-07-28 15:50:00","post_content_filtered":"","post_parent":0,"guid":"http:\/\/dev.claret.cat\/editorial\/proa\/","menu_order":0,"post_type":"editorial","post_mime_type":"","comment_count":"0","filter":"raw"}],"autor":"VILLATORO LAMOLLA, VICEN\u00c7","codart":"847588864","libros-coleccion":"A TOT VENT-R\u00daST","ediciones":"1","encuadernacion":"R\u00fastica","fecha_de_publicacion":"01\/01\/2021","novedad":"1","paginas":"664","subtitulo":"","orden":"0","portada":"0","idioma":"cat","autores-libros":[{"ID":170924,"post_author":"3","post_date":"2022-10-14 22:39:16","post_date_gmt":"2022-10-14 20:39:16","post_content":"","post_title":"VICEN\u00c7 VILLATORO LAMOLLA","post_excerpt":"","post_status":"publish","comment_status":"closed","ping_status":"closed","post_password":"","post_name":"vicenc-villatoro-lamolla","to_ping":"","pinged":"","post_modified":"2022-10-14 22:39:16","post_modified_gmt":"2022-10-14 20:39:16","post_content_filtered":"","post_parent":0,"guid":"http:\/\/dev.claret.cat\/autor\/vicenc-villatoro-lamolla\/","menu_order":0,"post_type":"autor","post_mime_type":"","comment_count":"0","filter":"raw"}]},"aioseo_notices":[],"_links":{"self":[{"href":"https:\/\/www.claret.cat\/es\/wp-json\/wp\/v2\/product\/98219","targetHints":{"allow":["GET"]}}],"collection":[{"href":"https:\/\/www.claret.cat\/es\/wp-json\/wp\/v2\/product"}],"about":[{"href":"https:\/\/www.claret.cat\/es\/wp-json\/wp\/v2\/types\/product"}],"wp:featuredmedia":[{"embeddable":true,"href":"https:\/\/www.claret.cat\/es\/wp-json\/wp\/v2\/media\/98220"}],"wp:attachment":[{"href":"https:\/\/www.claret.cat\/es\/wp-json\/wp\/v2\/media?parent=98219"}],"wp:term":[{"taxonomy":"product_brand","embeddable":true,"href":"https:\/\/www.claret.cat\/es\/wp-json\/wp\/v2\/product_brand?post=98219"},{"taxonomy":"product_cat","embeddable":true,"href":"https:\/\/www.claret.cat\/es\/wp-json\/wp\/v2\/product_cat?post=98219"},{"taxonomy":"product_tag","embeddable":true,"href":"https:\/\/www.claret.cat\/es\/wp-json\/wp\/v2\/product_tag?post=98219"}],"curies":[{"name":"wp","href":"https:\/\/api.w.org\/{rel}","templated":true}]}}