{"id":982412,"date":"2024-09-27T11:55:42","date_gmt":"2024-09-27T09:55:42","guid":{"rendered":"https:\/\/www.claret.cat\/llibre\/clics-modernos-9788412690774\/"},"modified":"2024-09-27T18:00:16","modified_gmt":"2024-09-27T16:00:16","slug":"clics-modernos-9788412690774","status":"publish","type":"product","link":"https:\/\/www.claret.cat\/es\/libro\/clics-modernos-9788412690774\/","title":{"rendered":"CLICS MODERNOS"},"content":{"rendered":"<p>Fabi\u00e1n Esturillo es un reportero de 35 a\u00f1os que trabaja en la secci\u00f3n de deportes de El Centinela, un diario de larga tradici\u00f3n reconvertido en digital durante la larga crisis del periodismo escrito. Vive en el centro de Madrid, con una espl\u00e9ndida terraza &#8220;okupada&#8220; por gatos, y mantiene una relaci\u00f3n a distancia con una mujer argentina, tambi\u00e9n periodista, de nombre Florencia Marchevsky. Esturillo goza a\u00fan de cierta libertad en su peri\u00f3dico, cada vez menos relevante y m\u00e1s precario, dirigido por una m\u00edtica periodista en declive y mantenido por un pu\u00f1ado de redactores en crisis y un ej\u00e9rcito de becarios que refr\u00eden contenidos. Un d\u00eda de febrero encuentra la exclusiva de su vida en el transcurso de una peque\u00f1a investigaci\u00f3n sobre corrupci\u00f3n futbol\u00edstica que le obliga a tomar ciertas decisiones fronterizas con el olvidado c\u00f3digo deontol\u00f3gico de su profesi\u00f3n. Esturillo publica la exclusiva (de resonancia mundial) y experimenta la monta\u00f1a rusa del ef\u00edmero \u00e9xito medi\u00e1tico. El oficio agoniza en un oc\u00e9ano de EREs y noticias falsas y el mundo &#8220;avanza&#8220; a toda prisa hacia la combusti\u00f3n cultural. Agobiado por la necesidad de encontrar nuevas exclusivas, un suceso de cobertura nacional termina de transformar su vida en medio del carnaval incesante de la informaci\u00f3n.<\/p>\n","protected":false},"excerpt":{"rendered":"<p>CIFUENTES, PEDRO<\/p>\n","protected":false},"featured_media":982486,"template":"","meta":{"_acf_changed":false,"om_disable_all_campaigns":false,"rs_blank_template":"","rs_page_bg_color":"","slide_template_v7":"","inline_featured_image":false,"_monsterinsights_skip_tracking":false,"_monsterinsights_sitenote_active":false,"_monsterinsights_sitenote_note":"","_monsterinsights_sitenote_category":0},"product_brand":[],"product_cat":[127,357],"product_tag":[],"class_list":{"0":"post-982412","1":"product","2":"type-product","3":"status-publish","4":"has-post-thumbnail","6":"product_cat-novella-contemporania","7":"product_cat-novela-contemporanea","9":"first","10":"instock","11":"taxable","12":"shipping-taxable","13":"purchasable","14":"product-type-simple"},"acf":{"autor":"CIFUENTES, PEDRO","codart":"841269077","libros-coleccion":"","ediciones":"1","encuadernacion":"R\u00fastica","fecha_de_publicacion":"27\/09\/2024","novedad":"1","paginas":"252","subtitulo":"","orden":"0","portada":"0","idioma":"spa","editorial":[{"ID":877623,"post_author":"3","post_date":"2023-09-28 19:16:45","post_date_gmt":"2023-09-28 17:16:45","post_content":"","post_title":"EDICIONES MON\u00d3CULO","post_excerpt":"","post_status":"publish","comment_status":"closed","ping_status":"closed","post_password":"","post_name":"ediciones-monoculo-2","to_ping":"","pinged":"","post_modified":"2023-09-28 19:16:45","post_modified_gmt":"2023-09-28 17:16:45","post_content_filtered":"","post_parent":0,"guid":"https:\/\/www.claret.cat\/editorial\/ediciones-monoculo-2\/","menu_order":0,"post_type":"editorial","post_mime_type":"","comment_count":"0","filter":"raw"}]},"aioseo_notices":[],"_links":{"self":[{"href":"https:\/\/www.claret.cat\/es\/wp-json\/wp\/v2\/product\/982412","targetHints":{"allow":["GET"]}}],"collection":[{"href":"https:\/\/www.claret.cat\/es\/wp-json\/wp\/v2\/product"}],"about":[{"href":"https:\/\/www.claret.cat\/es\/wp-json\/wp\/v2\/types\/product"}],"wp:featuredmedia":[{"embeddable":true,"href":"https:\/\/www.claret.cat\/es\/wp-json\/wp\/v2\/media\/982486"}],"wp:attachment":[{"href":"https:\/\/www.claret.cat\/es\/wp-json\/wp\/v2\/media?parent=982412"}],"wp:term":[{"taxonomy":"product_brand","embeddable":true,"href":"https:\/\/www.claret.cat\/es\/wp-json\/wp\/v2\/product_brand?post=982412"},{"taxonomy":"product_cat","embeddable":true,"href":"https:\/\/www.claret.cat\/es\/wp-json\/wp\/v2\/product_cat?post=982412"},{"taxonomy":"product_tag","embeddable":true,"href":"https:\/\/www.claret.cat\/es\/wp-json\/wp\/v2\/product_tag?post=982412"}],"curies":[{"name":"wp","href":"https:\/\/api.w.org\/{rel}","templated":true}]}}