{"id":98249,"date":"2022-10-12T07:23:02","date_gmt":"2022-10-12T05:23:02","guid":{"rendered":"http:\/\/dev.claret.cat\/producte\/descubrete-como-lider\/"},"modified":"2023-01-28T21:33:39","modified_gmt":"2023-01-28T20:33:39","slug":"descubrete-como-lider-9788494578496","status":"publish","type":"product","link":"https:\/\/www.claret.cat\/es\/libro\/descubrete-como-lider-9788494578496\/","title":{"rendered":"DESC\u00daBRETE COMO L\u00cdDER"},"content":{"rendered":"<p>Ser l\u00edder no es simplemente ser jefe, ni ser el que manda y da \u00f3rdenes. Ser l\u00edder es mucho m\u00e1s.<\/p>\n<p> Partiendo de la idea central de que resulta posible cambiar el comportamiento propio y de los dem\u00e1s si cambiamos de actitud, Carnegie, junto con la empresa que cre\u00f3 y que hoy sigue impartiendo miles de cursos a\u00f1o, nos sugiere fomentar la comunicaci\u00f3n con las personas que tenemos alrededor; saber escuchar a la vez que hablar y, sobre todo, alentar a las personas y saber sacarles una sonrisa. Con estas premisas tan sencillas, y a trav\u00e9s de ejemplos de la vida real y con declaraciones y puntos de vista de los principales dirigentes del mundo de negocios, del espect\u00e1culo, los deportes y la pol\u00edtica, este libro nos ayuda a descubrir c\u00f3mo las relaciones humanas, la comunicaci\u00f3n y la empat\u00eda nos pueden convertir en l\u00edderes. En el fondo, como nos dice Carnegie, es f\u00e1cil. Porque cualquier persona, sea cual fuere su empleo, puede dirigir su creatividad y su entusiasmo para trabajar de la manera m\u00e1s productiva. Y esto es v\u00e1lido no s\u00f3lo para el trabajo, sino tambi\u00e9n para cualquier cosa en la vida.<\/p>\n<p> Como lleva haciendo durante tantos a\u00f1os, Dale Carnegie nos marca el camino: breves y sencillos principios b\u00e1sicos, pero ineludibles, que sacar\u00e1n lo mejor de nosotros en nuestro d\u00eda a d\u00eda y en nuestro trabajo, hasta obtengamos el m\u00e1ximo rendimiento. Hasta que, en definitiva, descubramos el verdadero l\u00edder que llevamos dentro.<\/p>\n","protected":false},"excerpt":{"rendered":"<p>CARNEGIE, DALE<\/p>\n","protected":false},"featured_media":98250,"template":"","meta":{"_acf_changed":false,"om_disable_all_campaigns":false,"rs_blank_template":"","rs_page_bg_color":"","slide_template_v7":"","inline_featured_image":false,"_monsterinsights_skip_tracking":false,"_monsterinsights_sitenote_active":false,"_monsterinsights_sitenote_note":"","_monsterinsights_sitenote_category":0},"product_brand":[],"product_cat":[162],"product_tag":[],"class_list":{"0":"post-98249","1":"product","2":"type-product","3":"status-publish","4":"has-post-thumbnail","6":"product_cat-economica-i-politica","8":"first","9":"instock","10":"taxable","11":"shipping-taxable","12":"purchasable","13":"product-type-simple"},"acf":{"editorial":[{"ID":148084,"post_author":"3","post_date":"2022-10-14 11:55:31","post_date_gmt":"2022-10-14 09:55:31","post_content":"","post_title":"ELIPSE","post_excerpt":"","post_status":"publish","comment_status":"closed","ping_status":"closed","post_password":"","post_name":"elipse","to_ping":"","pinged":"","post_modified":"2022-10-14 11:55:31","post_modified_gmt":"2022-10-14 09:55:31","post_content_filtered":"","post_parent":0,"guid":"http:\/\/dev.claret.cat\/editorial\/elipse\/","menu_order":0,"post_type":"editorial","post_mime_type":"","comment_count":"0","filter":"raw"}],"autor":"CARNEGIE, DALE","codart":"849457849","libros-coleccion":"FORA DE COL.LECCI\u00d3","ediciones":"1","encuadernacion":"R\u00fastica","fecha_de_publicacion":"01\/01\/2021","novedad":"1","paginas":"249","subtitulo":"","orden":"0","portada":"0","idioma":"spa","autores-libros":[{"ID":153479,"post_author":"3","post_date":"2022-10-14 14:57:05","post_date_gmt":"2022-10-14 12:57:05","post_content":"","post_title":"DALE CARNEGIE","post_excerpt":"","post_status":"publish","comment_status":"closed","ping_status":"closed","post_password":"","post_name":"dale-carnegie","to_ping":"","pinged":"","post_modified":"2022-10-14 14:57:05","post_modified_gmt":"2022-10-14 12:57:05","post_content_filtered":"","post_parent":0,"guid":"http:\/\/dev.claret.cat\/autor\/dale-carnegie\/","menu_order":0,"post_type":"autor","post_mime_type":"","comment_count":"0","filter":"raw"}]},"aioseo_notices":[],"_links":{"self":[{"href":"https:\/\/www.claret.cat\/es\/wp-json\/wp\/v2\/product\/98249","targetHints":{"allow":["GET"]}}],"collection":[{"href":"https:\/\/www.claret.cat\/es\/wp-json\/wp\/v2\/product"}],"about":[{"href":"https:\/\/www.claret.cat\/es\/wp-json\/wp\/v2\/types\/product"}],"wp:featuredmedia":[{"embeddable":true,"href":"https:\/\/www.claret.cat\/es\/wp-json\/wp\/v2\/media\/98250"}],"wp:attachment":[{"href":"https:\/\/www.claret.cat\/es\/wp-json\/wp\/v2\/media?parent=98249"}],"wp:term":[{"taxonomy":"product_brand","embeddable":true,"href":"https:\/\/www.claret.cat\/es\/wp-json\/wp\/v2\/product_brand?post=98249"},{"taxonomy":"product_cat","embeddable":true,"href":"https:\/\/www.claret.cat\/es\/wp-json\/wp\/v2\/product_cat?post=98249"},{"taxonomy":"product_tag","embeddable":true,"href":"https:\/\/www.claret.cat\/es\/wp-json\/wp\/v2\/product_tag?post=98249"}],"curies":[{"name":"wp","href":"https:\/\/api.w.org\/{rel}","templated":true}]}}