{"id":982509,"date":"2024-09-28T11:10:01","date_gmt":"2024-09-28T09:10:01","guid":{"rendered":"https:\/\/www.claret.cat\/llibre\/emociones-a-raudales-que-aventura-9788419506399\/"},"modified":"2024-10-09T13:36:25","modified_gmt":"2024-10-09T11:36:25","slug":"emociones-a-raudales-que-aventura-9788419506399","status":"publish","type":"product","link":"https:\/\/www.claret.cat\/es\/libro\/emociones-a-raudales-que-aventura-9788419506399\/","title":{"rendered":"EMOCIONES A RAUDALES. \u00a1QU\u00c9 AVENTURA!"},"content":{"rendered":"<p>Las emociones son una parte muy importante de nuestra vida. Si las conocemos y aprendemos a vivir con ellas, \u00a1nos sentiremos m\u00e1s a gusto!  <\/p>\n<p> Las emociones se generan en el cerebro, pero las sentimos en el coraz\u00f3n y afectan a todo nuestro cuerpo&#8230;, y m\u00e1s intensamente cuando se acerca la adolescencia. Vive las emociones y no las escondas, \u00a1pero al mismo tiempo cuida tu estado emocional y el de quienes te rodean! <\/p>\n<p> Una gu\u00eda pr\u00e1ctica creada por David Bueno y Maria Tricas con ilustraciones de Kim Amate que muestra de forma clara y pr\u00e1ctica qu\u00e9 relaci\u00f3n existe entre las emociones y nuestro cerebro.<\/p>\n","protected":false},"excerpt":{"rendered":"<p>BUENO, DAVID \/ TRICAS, MARIA<\/p>\n","protected":false},"featured_media":982510,"template":"","meta":{"_acf_changed":false,"om_disable_all_campaigns":false,"rs_blank_template":"","rs_page_bg_color":"","slide_template_v7":"","inline_featured_image":false,"_monsterinsights_skip_tracking":false,"_monsterinsights_sitenote_active":false,"_monsterinsights_sitenote_note":"","_monsterinsights_sitenote_category":0},"product_brand":[],"product_cat":[100,550],"product_tag":[],"class_list":{"0":"post-982509","1":"product","2":"type-product","3":"status-publish","4":"has-post-thumbnail","6":"product_cat-escola-de-pares","7":"product_cat-escuela-de-padres-3_infantil-juvenil-spa-spa","9":"first","10":"instock","11":"taxable","12":"shipping-taxable","13":"purchasable","14":"product-type-simple"},"acf":{"autor":"BUENO, DAVID \/ TRICAS, MARIA","codart":"841950639","libros-coleccion":"Horizontes educaci\u00f3n","ediciones":"1","encuadernacion":"R\u00fastica","fecha_de_publicacion":"01\/02\/2023","novedad":"1","paginas":"0","subtitulo":"GU\u00cdA PR\u00c1CTICA PARA VIVIR LAS EMOCIONES CON EL CORAZ\u00d3N Y EL CEREBRO","orden":"0","portada":"0","idioma":"spa","editorial":[{"ID":148014,"post_author":"3","post_date":"2022-10-14 11:54:58","post_date_gmt":"2022-10-14 09:54:58","post_content":"","post_title":"Editorial Octaedro","post_excerpt":"","post_status":"publish","comment_status":"closed","ping_status":"closed","post_password":"","post_name":"editorial-octaedro","to_ping":"","pinged":"","post_modified":"2022-10-14 11:54:58","post_modified_gmt":"2022-10-14 09:54:58","post_content_filtered":"","post_parent":0,"guid":"http:\/\/dev.claret.cat\/editorial\/editorial-octaedro\/","menu_order":0,"post_type":"editorial","post_mime_type":"","comment_count":"0","filter":"raw"}]},"aioseo_notices":[],"_links":{"self":[{"href":"https:\/\/www.claret.cat\/es\/wp-json\/wp\/v2\/product\/982509","targetHints":{"allow":["GET"]}}],"collection":[{"href":"https:\/\/www.claret.cat\/es\/wp-json\/wp\/v2\/product"}],"about":[{"href":"https:\/\/www.claret.cat\/es\/wp-json\/wp\/v2\/types\/product"}],"wp:featuredmedia":[{"embeddable":true,"href":"https:\/\/www.claret.cat\/es\/wp-json\/wp\/v2\/media\/982510"}],"wp:attachment":[{"href":"https:\/\/www.claret.cat\/es\/wp-json\/wp\/v2\/media?parent=982509"}],"wp:term":[{"taxonomy":"product_brand","embeddable":true,"href":"https:\/\/www.claret.cat\/es\/wp-json\/wp\/v2\/product_brand?post=982509"},{"taxonomy":"product_cat","embeddable":true,"href":"https:\/\/www.claret.cat\/es\/wp-json\/wp\/v2\/product_cat?post=982509"},{"taxonomy":"product_tag","embeddable":true,"href":"https:\/\/www.claret.cat\/es\/wp-json\/wp\/v2\/product_tag?post=982509"}],"curies":[{"name":"wp","href":"https:\/\/api.w.org\/{rel}","templated":true}]}}