{"id":982607,"date":"2024-09-30T12:00:50","date_gmt":"2024-09-30T10:00:50","guid":{"rendered":"https:\/\/www.claret.cat\/llibre\/vivir-bien-de-forma-sencilla-9788403522695\/"},"modified":"2024-10-07T19:05:14","modified_gmt":"2024-10-07T17:05:14","slug":"vivir-bien-de-forma-sencilla-9788403522695","status":"publish","type":"product","link":"https:\/\/www.claret.cat\/es\/libro\/vivir-bien-de-forma-sencilla-9788403522695\/","title":{"rendered":"VIVIR BIEN DE FORMA SENCILLA"},"content":{"rendered":"<p>Una gu\u00eda para aprender a vivir de forma sostenible y sencilla. Recetas, manualidades e inspiraci\u00f3n para ayudarte a tener una vida bonita, sencilla y ecol\u00f3gica. Una gu\u00eda motivacional repleta de listas pr\u00e1cticas y consejos que tiene todo lo que necesitas para hacer de tu casa un lugar m\u00e1s sano y m\u00e1s sostenible. Atendiendo a cada uno de los aspectos de tu casa, &#8211; cocina, limpieza, bienestar, productos de ba\u00f1o y jard\u00edn &#8211; estas ideas te ayudar\u00e1n a prescindir de envoltorios que se convierten en residuos, ingredientes que perjudican a tu cuerpo, y objetos de un solo uso.<\/p>\n","protected":false},"excerpt":{"rendered":"<p>WATKINS, JULIA<\/p>\n","protected":false},"featured_media":984383,"template":"","meta":{"_acf_changed":false,"om_disable_all_campaigns":false,"rs_blank_template":"","rs_page_bg_color":"","slide_template_v7":"","inline_featured_image":false,"_monsterinsights_skip_tracking":false,"_monsterinsights_sitenote_active":false,"_monsterinsights_sitenote_note":"","_monsterinsights_sitenote_category":0},"product_brand":[],"product_cat":[90,179,377,540],"product_tag":[],"class_list":{"0":"post-982607","1":"product","2":"type-product","3":"status-publish","4":"has-post-thumbnail","6":"product_cat-altres","7":"product_cat-autoajuda-i-salut-mental","8":"product_cat-autoayuda-y-salud-mental","9":"product_cat-otros","11":"first","12":"instock","13":"taxable","14":"shipping-taxable","15":"purchasable","16":"product-type-simple"},"acf":{"autor":"WATKINS, JULIA","codart":"840352269","libros-coleccion":"FORA DE COL.LECCI\u00d3","ediciones":"1","encuadernacion":"R\u00fastica","fecha_de_publicacion":"01\/10\/2024","novedad":"1","paginas":"271","subtitulo":"GU\u00cdA PARA CREAR UN HOGAR NATURAL","orden":"0","portada":"0","idioma":"spa","editorial":[{"ID":6113,"post_author":"3","post_date":"2022-07-28 17:45:10","post_date_gmt":"2022-07-28 15:45:10","post_content":"","post_title":"AGUILAR","post_excerpt":"","post_status":"publish","comment_status":"closed","ping_status":"closed","post_password":"","post_name":"aguilar","to_ping":"","pinged":"","post_modified":"2022-07-28 17:45:10","post_modified_gmt":"2022-07-28 15:45:10","post_content_filtered":"","post_parent":0,"guid":"http:\/\/dev.claret.cat\/editorial\/aguilar\/","menu_order":0,"post_type":"editorial","post_mime_type":"","comment_count":"0","filter":"raw"}]},"aioseo_notices":[],"_links":{"self":[{"href":"https:\/\/www.claret.cat\/es\/wp-json\/wp\/v2\/product\/982607","targetHints":{"allow":["GET"]}}],"collection":[{"href":"https:\/\/www.claret.cat\/es\/wp-json\/wp\/v2\/product"}],"about":[{"href":"https:\/\/www.claret.cat\/es\/wp-json\/wp\/v2\/types\/product"}],"wp:featuredmedia":[{"embeddable":true,"href":"https:\/\/www.claret.cat\/es\/wp-json\/wp\/v2\/media\/984383"}],"wp:attachment":[{"href":"https:\/\/www.claret.cat\/es\/wp-json\/wp\/v2\/media?parent=982607"}],"wp:term":[{"taxonomy":"product_brand","embeddable":true,"href":"https:\/\/www.claret.cat\/es\/wp-json\/wp\/v2\/product_brand?post=982607"},{"taxonomy":"product_cat","embeddable":true,"href":"https:\/\/www.claret.cat\/es\/wp-json\/wp\/v2\/product_cat?post=982607"},{"taxonomy":"product_tag","embeddable":true,"href":"https:\/\/www.claret.cat\/es\/wp-json\/wp\/v2\/product_tag?post=982607"}],"curies":[{"name":"wp","href":"https:\/\/api.w.org\/{rel}","templated":true}]}}