{"id":98306,"date":"2022-10-12T07:23:47","date_gmt":"2022-10-12T05:23:47","guid":{"rendered":"http:\/\/dev.claret.cat\/producte\/francia\/"},"modified":"2024-02-07T14:46:13","modified_gmt":"2024-02-07T13:46:13","slug":"francia-9788417743604","status":"publish","type":"product","link":"https:\/\/www.claret.cat\/es\/libro\/francia-9788417743604\/","title":{"rendered":"FRANCIA"},"content":{"rendered":"<p>Un recorrido fascinante por la historia de Francia.<\/p>\n<p> El general Charles de Gaulle dijo: \u00abFrancia no puede ser Francia sin la grandeza\u00bb. El pa\u00eds galo es c\u00e9lebre por su gastronom\u00eda, sus paisajes, su cultura y su historia, en la que destacan personajes legendarios como Vercing\u00e9torix, Carlomagno, Juana de Arco, Luis XIV, Mar\u00eda Antonieta o Napole\u00f3n, adem\u00e1s de inolvidables batallas como Cr\u00e9cy, Agincourt, San Quint\u00edn, Bail\u00e9n o Waterloo.<\/p>\n<p> En este volumen, John Julius Norwich, uno de los historiadores m\u00e1s destacados de nuestro tiempo, nos ofrece una historia completa a la par que concisa de Francia, pa\u00eds que siempre lo fascin\u00f3. Desde la conquista por parte de los romanos hasta el final de la Segunda Guerra Mundial, pasando por las grandes dinast\u00edas medievales, la consolidaci\u00f3n del Antiguo R\u00e9gimen, la Revoluci\u00f3n, Vichy o la Resistencia, Norwich nos acompa\u00f1a en un recorrido por veinte siglos de historia, a menudo violenta pero siempre fascinante. Por estas p\u00e1ginas desfilan conocidos h\u00e9roes y villanos, pero tambi\u00e9n personajes olvidados dignos de elogio.<\/p>\n<p> Con la destreza, elegancia y humor que caracterizan su pluma, Norwich nos brinda un relato magistral y v\u00edvido de la historia del pa\u00eds que quiz\u00e1 m\u00e1s ha influido en la historia y cultura europeas.<\/p>\n","protected":false},"excerpt":{"rendered":"<p>NORWICH, JOHN JULIUS<\/p>\n","protected":false},"featured_media":98307,"template":"","meta":{"_acf_changed":false,"om_disable_all_campaigns":false,"rs_blank_template":"","rs_page_bg_color":"","slide_template_v7":"","inline_featured_image":false,"_monsterinsights_skip_tracking":false,"_monsterinsights_sitenote_active":false,"_monsterinsights_sitenote_note":"","_monsterinsights_sitenote_category":0},"product_brand":[],"product_cat":[368,151],"product_tag":[],"class_list":{"0":"post-98306","1":"product","2":"type-product","3":"status-publish","4":"has-post-thumbnail","6":"product_cat-contemporanea","7":"product_cat-contemporania","9":"first","10":"instock","11":"taxable","12":"shipping-taxable","13":"purchasable","14":"product-type-simple"},"acf":{"editorial":[{"ID":6131,"post_author":"3","post_date":"2022-07-28 17:45:33","post_date_gmt":"2022-07-28 15:45:33","post_content":"","post_title":"ATICO DE LOS LIBROS","post_excerpt":"","post_status":"publish","comment_status":"closed","ping_status":"closed","post_password":"","post_name":"atico-de-los-libros","to_ping":"","pinged":"","post_modified":"2022-07-28 17:45:33","post_modified_gmt":"2022-07-28 15:45:33","post_content_filtered":"","post_parent":0,"guid":"http:\/\/dev.claret.cat\/editorial\/atico-de-los-libros\/","menu_order":0,"post_type":"editorial","post_mime_type":"","comment_count":"0","filter":"raw"}],"autor":"NORWICH, JOHN JULIUS","codart":"841774360","libros-coleccion":"\u00c1tico Historia","ediciones":"1","encuadernacion":"Carton\u00e9","fecha_de_publicacion":"01\/01\/2021","novedad":"1","paginas":"398","subtitulo":"UNA HISTORIA DE LA GALIA A DE GAULLE","orden":"0","portada":"0","idioma":"spa","autores-libros":[{"ID":159662,"post_author":"3","post_date":"2022-10-14 15:46:42","post_date_gmt":"2022-10-14 13:46:42","post_content":"","post_title":"JOHN JULIUS NORWICH","post_excerpt":"","post_status":"publish","comment_status":"closed","ping_status":"closed","post_password":"","post_name":"john-julius-norwich","to_ping":"","pinged":"","post_modified":"2022-10-14 15:46:42","post_modified_gmt":"2022-10-14 13:46:42","post_content_filtered":"","post_parent":0,"guid":"http:\/\/dev.claret.cat\/autor\/john-julius-norwich\/","menu_order":0,"post_type":"autor","post_mime_type":"","comment_count":"0","filter":"raw"}]},"aioseo_notices":[],"_links":{"self":[{"href":"https:\/\/www.claret.cat\/es\/wp-json\/wp\/v2\/product\/98306","targetHints":{"allow":["GET"]}}],"collection":[{"href":"https:\/\/www.claret.cat\/es\/wp-json\/wp\/v2\/product"}],"about":[{"href":"https:\/\/www.claret.cat\/es\/wp-json\/wp\/v2\/types\/product"}],"wp:featuredmedia":[{"embeddable":true,"href":"https:\/\/www.claret.cat\/es\/wp-json\/wp\/v2\/media\/98307"}],"wp:attachment":[{"href":"https:\/\/www.claret.cat\/es\/wp-json\/wp\/v2\/media?parent=98306"}],"wp:term":[{"taxonomy":"product_brand","embeddable":true,"href":"https:\/\/www.claret.cat\/es\/wp-json\/wp\/v2\/product_brand?post=98306"},{"taxonomy":"product_cat","embeddable":true,"href":"https:\/\/www.claret.cat\/es\/wp-json\/wp\/v2\/product_cat?post=98306"},{"taxonomy":"product_tag","embeddable":true,"href":"https:\/\/www.claret.cat\/es\/wp-json\/wp\/v2\/product_tag?post=98306"}],"curies":[{"name":"wp","href":"https:\/\/api.w.org\/{rel}","templated":true}]}}