{"id":983085,"date":"2024-10-01T13:30:02","date_gmt":"2024-10-01T11:30:02","guid":{"rendered":"https:\/\/www.claret.cat\/llibre\/100-oficios-para-el-recuerdo-9788410378063\/"},"modified":"2024-12-28T11:35:34","modified_gmt":"2024-12-28T10:35:34","slug":"100-oficios-para-el-recuerdo-9788410378063","status":"publish","type":"product","link":"https:\/\/www.claret.cat\/es\/libro\/100-oficios-para-el-recuerdo-9788410378063\/","title":{"rendered":"100 OFICIOS PARA EL RECUERDO"},"content":{"rendered":"<p>El recopilatorio definitivo de Eugenio Monesma, el realizador de documentales etnogr\u00e1ficos que supera el mill\u00f3n de seguidores en YouTube.Lejos de las prisas y el estr\u00e9s que dominan nuestra vida cotidiana, este libro nos invita a detenernos para contemplar la Espa\u00f1a rural de nuestros abuelos a trav\u00e9s de cien oficios &#x2014;en su mayor\u00eda ya desaparecidos&#x2014; que el etn\u00f3grafo Eugenio Monesma ha ido documentando a lo largo de sus m\u00e1s de cuarenta a\u00f1os de trayectoria profesional y que ha seleccionado minuciosamente aqu\u00ed para deleite de los lectores.<br \/> Conoceremos a Olegaria, que\u00a0con un pesado canasto a sus espaldas recorr\u00eda a diario las extensas llanuras de los campos zamoranos para recolectar el barro que luego cocer\u00eda en su horno de le\u00f1a; a\u00a0Casimir, forcaire de L\u00e9rida, que destinaba m\u00e1s de seis a\u00f1os a fabricar las horcas, utilizadas entonces para recoger la hierba y hoy convertidas en objetos decorativos; a Felisa, que en su casa de Huesca\u00a0manejaba con habilidad los aparejos para transformar la lana de las ovejas en prendas de vestir; a Miguel, pelador de burros en Sevilla,\u00a0y a muchas otras personas que se prestaron a compartir el proceso de los trabajos artesanales que con tanto esfuerzo desempe\u00f1aron, ilustrados todos ellos con fotograf\u00edas que forman parte del archivo \u00fanico del autor.<br \/> Un extraordinario homenaje a los hombres y mujeres que con sus manos sacaron adelante a las nuevas generaciones y cuyo legado merece ser puesto a salvo del olvido.<\/p>\n","protected":false},"excerpt":{"rendered":"<p>MONESMA, EUGENIO<\/p>\n","protected":false},"featured_media":983268,"template":"","meta":{"_acf_changed":false,"om_disable_all_campaigns":false,"rs_blank_template":"","rs_page_bg_color":"","slide_template_v7":"","inline_featured_image":false,"_monsterinsights_skip_tracking":false,"_monsterinsights_sitenote_active":false,"_monsterinsights_sitenote_note":"","_monsterinsights_sitenote_category":0},"product_brand":[],"product_cat":[431,154],"product_tag":[],"class_list":{"0":"post-983085","1":"product","2":"type-product","3":"status-publish","4":"has-post-thumbnail","6":"product_cat-espana","7":"product_cat-espanaya","9":"first","10":"instock","11":"taxable","12":"shipping-taxable","13":"purchasable","14":"product-type-simple"},"acf":{"autor":"MONESMA, EUGENIO","codart":"841037806","libros-coleccion":"FORA DE COL.LECCI\u00d3","ediciones":"1","encuadernacion":"Carton\u00e9","fecha_de_publicacion":"01\/10\/2024","novedad":"1","paginas":"212","subtitulo":"UN VIAJE POR LA ESPA\u00d1A RURAL EN BUSCA DE LAS LABORES DEL PASADO","orden":"0","portada":"0","idioma":"spa","editorial":[{"ID":148476,"post_author":"3","post_date":"2022-10-14 11:58:32","post_date_gmt":"2022-10-14 09:58:32","post_content":"","post_title":"Lunwerg Editores","post_excerpt":"","post_status":"publish","comment_status":"closed","ping_status":"closed","post_password":"","post_name":"lunwerg-editores","to_ping":"","pinged":"","post_modified":"2022-10-14 11:58:32","post_modified_gmt":"2022-10-14 09:58:32","post_content_filtered":"","post_parent":0,"guid":"http:\/\/dev.claret.cat\/editorial\/lunwerg-editores\/","menu_order":0,"post_type":"editorial","post_mime_type":"","comment_count":"0","filter":"raw"}]},"aioseo_notices":[],"_links":{"self":[{"href":"https:\/\/www.claret.cat\/es\/wp-json\/wp\/v2\/product\/983085","targetHints":{"allow":["GET"]}}],"collection":[{"href":"https:\/\/www.claret.cat\/es\/wp-json\/wp\/v2\/product"}],"about":[{"href":"https:\/\/www.claret.cat\/es\/wp-json\/wp\/v2\/types\/product"}],"wp:featuredmedia":[{"embeddable":true,"href":"https:\/\/www.claret.cat\/es\/wp-json\/wp\/v2\/media\/983268"}],"wp:attachment":[{"href":"https:\/\/www.claret.cat\/es\/wp-json\/wp\/v2\/media?parent=983085"}],"wp:term":[{"taxonomy":"product_brand","embeddable":true,"href":"https:\/\/www.claret.cat\/es\/wp-json\/wp\/v2\/product_brand?post=983085"},{"taxonomy":"product_cat","embeddable":true,"href":"https:\/\/www.claret.cat\/es\/wp-json\/wp\/v2\/product_cat?post=983085"},{"taxonomy":"product_tag","embeddable":true,"href":"https:\/\/www.claret.cat\/es\/wp-json\/wp\/v2\/product_tag?post=983085"}],"curies":[{"name":"wp","href":"https:\/\/api.w.org\/{rel}","templated":true}]}}