{"id":98315,"date":"2022-10-12T07:23:55","date_gmt":"2022-10-12T05:23:55","guid":{"rendered":"http:\/\/dev.claret.cat\/producte\/el-principe-2\/"},"modified":"2023-01-28T15:32:27","modified_gmt":"2023-01-28T14:32:27","slug":"el-principe-9788412204216","status":"publish","type":"product","link":"https:\/\/www.claret.cat\/es\/libro\/el-principe-9788412204216\/","title":{"rendered":"EL PR\u00cdNCIPE"},"content":{"rendered":"<p>Referencia inamovible en el \u00e1mbito de la filosof\u00eda pol\u00edtica desde hace cinco siglos, fuente inagotable de citas e interpretaciones de lo m\u00e1s dispares, la obra maestra de Maquiavelo representa antes que nada una fundamental l\u00ednea de demarcaci\u00f3n entre el pensamiento pol\u00edtico medieval y el moderno. Escrito hacia 1513, en el momento m\u00e1s oscuro de la historia de Italia, mientras las fuerzas invasoras se disputaban<br \/> los ricos pero d\u00e9biles estados regionales que surg\u00edan en la pen\u00ednsula, este tratado condensa todo el conocimiento y la experiencia que Maquiavelo hab\u00eda acumulado durante sus quince a\u00f1os de carrera como alto funcionario en la administraci\u00f3n del Estado. Una obra agria y l\u00facida en la que el pensador florentino, adem\u00e1s de trazar el perfil del pr\u00edncipe ideal, analiza las razones profundas de la conducta humana y discrimina por primera vez la pol\u00edtica de la moral. En 1559 El pr\u00edncipe fue incluido en el \u00edndice de los libros proscritos por la Iglesia bajo acusaci\u00f3n de haber contribuido a la difusi\u00f3n de la corrupci\u00f3n pol\u00edtica y al quebrantamiento del nexo entre \u00e9tica y acci\u00f3n.Estas p\u00e1ginas proponen un recorrido a trav\u00e9s de quince obras protagonizadas por abyectos de papel, nombres ilustres que conquistaron en su momento a los lectores y ayudaron a dar forma a la novela moderna. Por muchas barrabasadas que hagan o terribles penas que sufran, personajes como los de Austen, Stendhal, Flaubert, Kafka o Berto despiertan en nosotros la m\u00e1s delicada admiraci\u00f3n y mantienen viva la llama de la literatura, que arde, con frecuencia, en el mismo coraz\u00f3n del infierno.<\/p>\n","protected":false},"excerpt":{"rendered":"<p>MAQUIAVELO, NICOL\u00c1S<\/p>\n","protected":false},"featured_media":98316,"template":"","meta":{"_acf_changed":false,"om_disable_all_campaigns":false,"rs_blank_template":"","rs_page_bg_color":"","slide_template_v7":"","inline_featured_image":false,"_monsterinsights_skip_tracking":false,"_monsterinsights_sitenote_active":false,"_monsterinsights_sitenote_note":"","_monsterinsights_sitenote_category":0},"product_brand":[],"product_cat":[123],"product_tag":[],"class_list":{"0":"post-98315","1":"product","2":"type-product","3":"status-publish","4":"has-post-thumbnail","6":"product_cat-classica","8":"first","9":"instock","10":"taxable","11":"shipping-taxable","12":"purchasable","13":"product-type-simple"},"acf":{"editorial":[{"ID":147415,"post_author":"3","post_date":"2022-10-14 11:50:24","post_date_gmt":"2022-10-14 09:50:24","post_content":"","post_title":"Altamarea Ediciones","post_excerpt":"","post_status":"publish","comment_status":"closed","ping_status":"closed","post_password":"","post_name":"altamarea-ediciones","to_ping":"","pinged":"","post_modified":"2022-10-14 11:50:24","post_modified_gmt":"2022-10-14 09:50:24","post_content_filtered":"","post_parent":0,"guid":"http:\/\/dev.claret.cat\/editorial\/altamarea-ediciones\/","menu_order":0,"post_type":"editorial","post_mime_type":"","comment_count":"0","filter":"raw"}],"autores-libros":[{"ID":165838,"post_author":"3","post_date":"2022-10-14 17:58:21","post_date_gmt":"2022-10-14 15:58:21","post_content":"","post_title":"NICOLAS MAQUIAVELO","post_excerpt":"","post_status":"publish","comment_status":"closed","ping_status":"closed","post_password":"","post_name":"nicolas-maquiavelo","to_ping":"","pinged":"","post_modified":"2022-10-14 17:58:21","post_modified_gmt":"2022-10-14 15:58:21","post_content_filtered":"","post_parent":0,"guid":"http:\/\/dev.claret.cat\/autor\/nicolas-maquiavelo\/","menu_order":0,"post_type":"autor","post_mime_type":"","comment_count":"0","filter":"raw"}],"autor":"MAQUIAVELO, NICOL\u00c1S","codart":"841220421","libros-coleccion":"Ensayo","ediciones":"1","encuadernacion":"R\u00fastica","fecha_de_publicacion":"01\/01\/2021","novedad":"1","paginas":"191","subtitulo":"","orden":"0","portada":"0","idioma":"spa"},"aioseo_notices":[],"_links":{"self":[{"href":"https:\/\/www.claret.cat\/es\/wp-json\/wp\/v2\/product\/98315","targetHints":{"allow":["GET"]}}],"collection":[{"href":"https:\/\/www.claret.cat\/es\/wp-json\/wp\/v2\/product"}],"about":[{"href":"https:\/\/www.claret.cat\/es\/wp-json\/wp\/v2\/types\/product"}],"wp:featuredmedia":[{"embeddable":true,"href":"https:\/\/www.claret.cat\/es\/wp-json\/wp\/v2\/media\/98316"}],"wp:attachment":[{"href":"https:\/\/www.claret.cat\/es\/wp-json\/wp\/v2\/media?parent=98315"}],"wp:term":[{"taxonomy":"product_brand","embeddable":true,"href":"https:\/\/www.claret.cat\/es\/wp-json\/wp\/v2\/product_brand?post=98315"},{"taxonomy":"product_cat","embeddable":true,"href":"https:\/\/www.claret.cat\/es\/wp-json\/wp\/v2\/product_cat?post=98315"},{"taxonomy":"product_tag","embeddable":true,"href":"https:\/\/www.claret.cat\/es\/wp-json\/wp\/v2\/product_tag?post=98315"}],"curies":[{"name":"wp","href":"https:\/\/api.w.org\/{rel}","templated":true}]}}