{"id":983197,"date":"2024-10-01T19:00:02","date_gmt":"2024-10-01T17:00:02","guid":{"rendered":"https:\/\/www.claret.cat\/llibre\/no-te-olvidare-reminders-of-him-9788408293712\/"},"modified":"2024-10-01T19:35:55","modified_gmt":"2024-10-01T17:35:55","slug":"no-te-olvidare-reminders-of-him-9788408293712","status":"publish","type":"product","link":"https:\/\/www.claret.cat\/es\/libro\/no-te-olvidare-reminders-of-him-9788408293712\/","title":{"rendered":"NO TE OLVIDAR\u00c9 (REMINDERS OF HIM)"},"content":{"rendered":"<p>Colleen Hoover, un fen\u00f3meno imparable. Una conmovedora historia por la autora de Romper el c\u00edrculo.\u00abCon una habilidad especial para la novela de emociones de alto voltaje, Hoover ha vendido m\u00e1s de 20 millones de libros. Y lo ha hecho a su manera\u00bb.\u00a0The New York Times<\/p>\n<p> Despu\u00e9s de pasar cinco a\u00f1os en la c\u00e1rcel por el tr\u00e1gico error que cost\u00f3 la vida de su gran amor Scott,\u00a0Kenna Rowan\u00a0regresa a casa\u00a0con un \u00fanico deseo: abrazar a su hija Diem, de cuatro a\u00f1os, que vive con los padres de Scott y a la que no ha visto desde que naci\u00f3.<br \/> La \u00fanica persona que no le ha cerrado la puerta por completo es\u00a0Ledger Ward,\u00a0due\u00f1o del bar local y uno de los pocos v\u00ednculos que le quedan con Diem. Pero ella sabe que si alguien descubre que Ledger se est\u00e1 convirtiendo lentamente en una parte importante de su vida, crece el riesgo de no recuperar a su hija. Kenna deber\u00e1 encontrar una manera de reparar los errores de su pasado si quiere construir un nuevo futuro con Ledger.<\/p>\n","protected":false},"excerpt":{"rendered":"<p>HOOVER, COLLEEN<\/p>\n","protected":false},"featured_media":983198,"template":"","meta":{"_acf_changed":false,"om_disable_all_campaigns":false,"rs_blank_template":"","rs_page_bg_color":"","slide_template_v7":"","inline_featured_image":false,"_monsterinsights_skip_tracking":false,"_monsterinsights_sitenote_active":false,"_monsterinsights_sitenote_note":"","_monsterinsights_sitenote_category":0},"product_brand":[],"product_cat":[127,357],"product_tag":[],"class_list":{"0":"post-983197","1":"product","2":"type-product","3":"status-publish","4":"has-post-thumbnail","6":"product_cat-novella-contemporania","7":"product_cat-novela-contemporanea","9":"first","10":"instock","11":"taxable","12":"shipping-taxable","13":"purchasable","14":"product-type-simple"},"acf":{"autor":"HOOVER, COLLEEN","codart":"840829371","libros-coleccion":"Bestseller","ediciones":"1","encuadernacion":"R\u00fastica","fecha_de_publicacion":"01\/10\/2024","novedad":"1","paginas":"411","subtitulo":"","orden":"0","portada":"0","idioma":"spa","editorial":[{"ID":6233,"post_author":"3","post_date":"2022-07-28 17:47:48","post_date_gmt":"2022-07-28 15:47:48","post_content":"","post_title":"EDITORIAL PLANETA","post_excerpt":"","post_status":"publish","comment_status":"closed","ping_status":"closed","post_password":"","post_name":"editorial-planeta","to_ping":"","pinged":"","post_modified":"2022-07-28 17:47:48","post_modified_gmt":"2022-07-28 15:47:48","post_content_filtered":"","post_parent":0,"guid":"http:\/\/dev.claret.cat\/editorial\/editorial-planeta\/","menu_order":0,"post_type":"editorial","post_mime_type":"","comment_count":"0","filter":"raw"}]},"aioseo_notices":[],"_links":{"self":[{"href":"https:\/\/www.claret.cat\/es\/wp-json\/wp\/v2\/product\/983197","targetHints":{"allow":["GET"]}}],"collection":[{"href":"https:\/\/www.claret.cat\/es\/wp-json\/wp\/v2\/product"}],"about":[{"href":"https:\/\/www.claret.cat\/es\/wp-json\/wp\/v2\/types\/product"}],"wp:featuredmedia":[{"embeddable":true,"href":"https:\/\/www.claret.cat\/es\/wp-json\/wp\/v2\/media\/983198"}],"wp:attachment":[{"href":"https:\/\/www.claret.cat\/es\/wp-json\/wp\/v2\/media?parent=983197"}],"wp:term":[{"taxonomy":"product_brand","embeddable":true,"href":"https:\/\/www.claret.cat\/es\/wp-json\/wp\/v2\/product_brand?post=983197"},{"taxonomy":"product_cat","embeddable":true,"href":"https:\/\/www.claret.cat\/es\/wp-json\/wp\/v2\/product_cat?post=983197"},{"taxonomy":"product_tag","embeddable":true,"href":"https:\/\/www.claret.cat\/es\/wp-json\/wp\/v2\/product_tag?post=983197"}],"curies":[{"name":"wp","href":"https:\/\/api.w.org\/{rel}","templated":true}]}}