{"id":983221,"date":"2024-10-01T19:10:45","date_gmt":"2024-10-01T17:10:45","guid":{"rendered":"https:\/\/www.claret.cat\/llibre\/badabum-el-dragoncito-juega-al-escondite-libro-con-solapas-de-tela-9788408277149\/"},"modified":"2025-04-22T19:10:29","modified_gmt":"2025-04-22T17:10:29","slug":"badabum-el-dragoncito-juega-al-escondite-libro-con-solapas-de-tela-9788408277149","status":"publish","type":"product","link":"https:\/\/www.claret.cat\/es\/libro\/badabum-el-dragoncito-juega-al-escondite-libro-con-solapas-de-tela-9788408277149\/","title":{"rendered":"BADABUM. EL DRAGONCITO JUEGA AL ESCONDITE. LIBRO CON SOLAPAS DE TELA"},"content":{"rendered":"<p>\u00a1Os presentamos a BADABUM! \u00a1Un dragoncito adorable destinado a convertirse en el mejor amigo de los m\u00e1s peque\u00f1os!BADABUM es un dragoncito adorable de dos a\u00f1os y medio que tiene muchas ganas de jugar.<br \/> En esta aventura, BADABUM est\u00e1 buscando a su hermanita&#8230; pero \u00a1no la encuentra por ning\u00fan lado! No est\u00e1 en el ba\u00fal de los juguetes, ni en el ba\u00f1o, ni bajo la mesa del comedor, y tampoco en el jard\u00edn&#x2026; \u00a1se ha escondido superbi\u00e9n! \u00bfLo ayudas a encontrarla? Adem\u00e1s, hay una mariquita que lo acompa\u00f1a en cada doble p\u00e1gina. \u00bfLa ves?<br \/> Un libro de cart\u00f3n con cantos romos y solapas de tela que esconden sorpresas. An\u00edmate a conocer a este drag\u00f3n tan curioso y travieso.<br \/> Recomendado a partir de 6 meses.<br \/> Ilustrado por Lyona.<\/p>\n","protected":false},"excerpt":{"rendered":"<p>LYONA<\/p>\n","protected":false},"featured_media":983222,"template":"","meta":{"_acf_changed":false,"om_disable_all_campaigns":false,"rs_blank_template":"","rs_page_bg_color":"","slide_template_v7":"","inline_featured_image":false,"_monsterinsights_skip_tracking":false,"_monsterinsights_sitenote_active":false,"_monsterinsights_sitenote_note":"","_monsterinsights_sitenote_category":0},"product_brand":[],"product_cat":[131,361],"product_tag":[],"class_list":{"0":"post-983221","1":"product","2":"type-product","3":"status-publish","4":"has-post-thumbnail","6":"product_cat-contes-per-infants-0-6-anys","7":"product_cat-cuentos-para-ninos-0-6-anos","9":"first","10":"instock","11":"taxable","12":"shipping-taxable","13":"purchasable","14":"product-type-simple"},"acf":{"autor":"LYONA","codart":"840827714","libros-coleccion":"Libros con texturas","ediciones":"1","encuadernacion":"Carpeta","fecha_de_publicacion":"01\/10\/2024","novedad":"1","paginas":"12","subtitulo":"","orden":"0","portada":"0","idioma":"spa","editorial":[{"ID":6233,"post_author":"3","post_date":"2022-07-28 17:47:48","post_date_gmt":"2022-07-28 15:47:48","post_content":"","post_title":"EDITORIAL PLANETA","post_excerpt":"","post_status":"publish","comment_status":"closed","ping_status":"closed","post_password":"","post_name":"editorial-planeta","to_ping":"","pinged":"","post_modified":"2022-07-28 17:47:48","post_modified_gmt":"2022-07-28 15:47:48","post_content_filtered":"","post_parent":0,"guid":"http:\/\/dev.claret.cat\/editorial\/editorial-planeta\/","menu_order":0,"post_type":"editorial","post_mime_type":"","comment_count":"0","filter":"raw"}],"booktrailer":"","resenas":""},"aioseo_notices":[],"_links":{"self":[{"href":"https:\/\/www.claret.cat\/es\/wp-json\/wp\/v2\/product\/983221","targetHints":{"allow":["GET"]}}],"collection":[{"href":"https:\/\/www.claret.cat\/es\/wp-json\/wp\/v2\/product"}],"about":[{"href":"https:\/\/www.claret.cat\/es\/wp-json\/wp\/v2\/types\/product"}],"wp:featuredmedia":[{"embeddable":true,"href":"https:\/\/www.claret.cat\/es\/wp-json\/wp\/v2\/media\/983222"}],"wp:attachment":[{"href":"https:\/\/www.claret.cat\/es\/wp-json\/wp\/v2\/media?parent=983221"}],"wp:term":[{"taxonomy":"product_brand","embeddable":true,"href":"https:\/\/www.claret.cat\/es\/wp-json\/wp\/v2\/product_brand?post=983221"},{"taxonomy":"product_cat","embeddable":true,"href":"https:\/\/www.claret.cat\/es\/wp-json\/wp\/v2\/product_cat?post=983221"},{"taxonomy":"product_tag","embeddable":true,"href":"https:\/\/www.claret.cat\/es\/wp-json\/wp\/v2\/product_tag?post=983221"}],"curies":[{"name":"wp","href":"https:\/\/api.w.org\/{rel}","templated":true}]}}