{"id":983392,"date":"2024-10-02T16:10:18","date_gmt":"2024-10-02T14:10:18","guid":{"rendered":"https:\/\/www.claret.cat\/llibre\/escape-book-la-isla-octopoda-9788419889324\/"},"modified":"2024-10-18T16:45:12","modified_gmt":"2024-10-18T14:45:12","slug":"escape-book-la-isla-octopoda-9788419889324","status":"publish","type":"product","link":"https:\/\/www.claret.cat\/es\/libro\/escape-book-la-isla-octopoda-9788419889324\/","title":{"rendered":"ESCAPE BOOK LA ISLA OCT\u00d3PODA"},"content":{"rendered":"<p>\u00a1Un escape book genial, lleno de juegos y desafiantes enigmas!<\/p>\n<p> Los hermanos Nansen han naufragado en la isla Oct\u00f3poda. La leyenda cuenta que es la isla m\u00e1s temida por marineros y piratas. \u00a1Desembarca all\u00ed y pon a prueba tu ingenio!<\/p>\n<p> Resuelve los desafiantes enigmas para que los intr\u00e9pidos protagonistas logren escapar y volver a casa. La isla Oct\u00f3poda es el segundo t\u00edtulo de la serie \u00abEscape Book\u00bb, con trepidantes aventuras en las que t\u00fa eres el verdadero protagonista.<\/p>\n","protected":false},"excerpt":{"rendered":"<p>ROMERO MARI\u00d1O, SOLEDAD<\/p>\n","protected":false},"featured_media":983403,"template":"","meta":{"_acf_changed":false,"om_disable_all_campaigns":false,"rs_blank_template":"","rs_page_bg_color":"","slide_template_v7":"","inline_featured_image":false,"_monsterinsights_skip_tracking":false,"_monsterinsights_sitenote_active":false,"_monsterinsights_sitenote_note":"","_monsterinsights_sitenote_category":0},"product_brand":[],"product_cat":[131,133,132,361,362,363],"product_tag":[],"class_list":{"0":"post-983392","1":"product","2":"type-product","3":"status-publish","4":"has-post-thumbnail","6":"product_cat-contes-per-infants-0-6-anys","7":"product_cat-lectures-per-adolescents-12-18-anys","8":"product_cat-lectures-per-preadolescents-6-12-anys","9":"product_cat-cuentos-para-ninos-0-6-anos","10":"product_cat-libros-preadolescentes-6-12-anos","11":"product_cat-lecturas-por-adolescentes-12-18-anos","13":"first","14":"instock","15":"taxable","16":"shipping-taxable","17":"purchasable","18":"product-type-simple"},"acf":{"autor":"ROMERO MARI\u00d1O, SOLEDAD","codart":"841988932","libros-coleccion":"","ediciones":"1","encuadernacion":"Carton\u00e9","fecha_de_publicacion":"01\/09\/2024","novedad":"1","paginas":"59","subtitulo":"","orden":"0","portada":"0","idioma":"spa","editorial":[{"ID":148985,"post_author":"3","post_date":"2022-10-14 12:02:33","post_date_gmt":"2022-10-14 10:02:33","post_content":"","post_title":"Zahori de ideas","post_excerpt":"","post_status":"publish","comment_status":"closed","ping_status":"closed","post_password":"","post_name":"zahori-de-ideas","to_ping":"","pinged":"","post_modified":"2022-10-14 12:02:33","post_modified_gmt":"2022-10-14 10:02:33","post_content_filtered":"","post_parent":0,"guid":"http:\/\/dev.claret.cat\/editorial\/zahori-de-ideas\/","menu_order":0,"post_type":"editorial","post_mime_type":"","comment_count":"0","filter":"raw"}]},"aioseo_notices":[],"_links":{"self":[{"href":"https:\/\/www.claret.cat\/es\/wp-json\/wp\/v2\/product\/983392","targetHints":{"allow":["GET"]}}],"collection":[{"href":"https:\/\/www.claret.cat\/es\/wp-json\/wp\/v2\/product"}],"about":[{"href":"https:\/\/www.claret.cat\/es\/wp-json\/wp\/v2\/types\/product"}],"wp:featuredmedia":[{"embeddable":true,"href":"https:\/\/www.claret.cat\/es\/wp-json\/wp\/v2\/media\/983403"}],"wp:attachment":[{"href":"https:\/\/www.claret.cat\/es\/wp-json\/wp\/v2\/media?parent=983392"}],"wp:term":[{"taxonomy":"product_brand","embeddable":true,"href":"https:\/\/www.claret.cat\/es\/wp-json\/wp\/v2\/product_brand?post=983392"},{"taxonomy":"product_cat","embeddable":true,"href":"https:\/\/www.claret.cat\/es\/wp-json\/wp\/v2\/product_cat?post=983392"},{"taxonomy":"product_tag","embeddable":true,"href":"https:\/\/www.claret.cat\/es\/wp-json\/wp\/v2\/product_tag?post=983392"}],"curies":[{"name":"wp","href":"https:\/\/api.w.org\/{rel}","templated":true}]}}