{"id":98366,"date":"2022-10-12T07:24:37","date_gmt":"2022-10-12T05:24:37","guid":{"rendered":"http:\/\/dev.claret.cat\/producte\/dos-pediatras-en-casa\/"},"modified":"2023-01-28T07:54:36","modified_gmt":"2023-01-28T06:54:36","slug":"dos-pediatras-en-casa-9788408236092","status":"publish","type":"product","link":"https:\/\/www.claret.cat\/es\/libro\/dos-pediatras-en-casa-9788408236092\/","title":{"rendered":"DOS PEDIATRAS EN CASA"},"content":{"rendered":"<p>El beb\u00e9 ya ha llegado a casa y empieza una etapa maravillosa y estresante a partes iguales. Y es que no hay ninguna madre ni padre que est\u00e9 preparado para todos los interrogantes que empiezan a surgir con solo mirar a la criatura. Las dudas nos asaltan: \u00bfcu\u00e1l es la mejor posici\u00f3n para dormir al beb\u00e9?, \u00bfes necesario ba\u00f1arlo todos los d\u00edas?, \u00bfpuedo salir a pasear, aunque haga fr\u00edo?, \u00bfqu\u00e9 son esta tos y estos mocos?, \u00bfqu\u00e9 hago si tiene fiebre?&#8230; y un sinf\u00edn de preguntas que nos llevan al cl\u00e1sico \u00a1\u00a1Ahhhhh!! \u00a1\u00a1Llama al m\u00e9dico!!<br \/> No os preocup\u00e9is, si vuestro deseo es tener un pediatra en casa, nosotros lo hacemos realidad, \u00a1y por partida doble! Dos pediatras en casa es la gu\u00eda de consulta perfecta para salir de dudas sobre los temas de salud m\u00e1s t\u00edpicos de los ni\u00f1os. Elena y Gonzalo son pediatras y padres, y con sus explicaciones y #pediconsejos recuperar\u00e9is la tranquilidad y evitar\u00e9is salir corriendo al hospital.<\/p>\n","protected":false},"excerpt":{"rendered":"<p>BLANCO, ELENA \/ O\u00d1ORO, GONZALO<\/p>\n","protected":false},"featured_media":98367,"template":"","meta":{"_acf_changed":false,"om_disable_all_campaigns":false,"rs_blank_template":"","rs_page_bg_color":"","slide_template_v7":"","inline_featured_image":false,"_monsterinsights_skip_tracking":false,"_monsterinsights_sitenote_active":false,"_monsterinsights_sitenote_note":"","_monsterinsights_sitenote_category":0},"product_brand":[],"product_cat":[97],"product_tag":[],"class_list":{"0":"post-98366","1":"product","2":"type-product","3":"status-publish","4":"has-post-thumbnail","6":"product_cat-salut","8":"first","9":"instock","10":"taxable","11":"shipping-taxable","12":"purchasable","13":"product-type-simple"},"acf":{"editorial":[{"ID":6233,"post_author":"3","post_date":"2022-07-28 17:47:48","post_date_gmt":"2022-07-28 15:47:48","post_content":"","post_title":"EDITORIAL PLANETA","post_excerpt":"","post_status":"publish","comment_status":"closed","ping_status":"closed","post_password":"","post_name":"editorial-planeta","to_ping":"","pinged":"","post_modified":"2022-07-28 17:47:48","post_modified_gmt":"2022-07-28 15:47:48","post_content_filtered":"","post_parent":0,"guid":"http:\/\/dev.claret.cat\/editorial\/editorial-planeta\/","menu_order":0,"post_type":"editorial","post_mime_type":"","comment_count":"0","filter":"raw"}],"autores-libros":[{"ID":154720,"post_author":"3","post_date":"2022-10-14 15:07:04","post_date_gmt":"2022-10-14 13:07:04","post_content":"","post_title":"ELENA BLANCO","post_excerpt":"","post_status":"publish","comment_status":"closed","ping_status":"closed","post_password":"","post_name":"elena-blanco","to_ping":"","pinged":"","post_modified":"2022-10-14 15:07:04","post_modified_gmt":"2022-10-14 13:07:04","post_content_filtered":"","post_parent":0,"guid":"http:\/\/dev.claret.cat\/autor\/elena-blanco\/","menu_order":0,"post_type":"autor","post_mime_type":"","comment_count":"0","filter":"raw"},{"ID":157054,"post_author":"3","post_date":"2022-10-14 15:25:45","post_date_gmt":"2022-10-14 13:25:45","post_content":"","post_title":"GONZALO O\u00d1ORO","post_excerpt":"","post_status":"publish","comment_status":"closed","ping_status":"closed","post_password":"","post_name":"gonzalo-onoro","to_ping":"","pinged":"","post_modified":"2022-10-14 15:25:45","post_modified_gmt":"2022-10-14 13:25:45","post_content_filtered":"","post_parent":0,"guid":"http:\/\/dev.claret.cat\/autor\/gonzalo-onoro\/","menu_order":0,"post_type":"autor","post_mime_type":"","comment_count":"0","filter":"raw"}],"autor":"BLANCO, ELENA \/ O\u00d1ORO, GONZALO","codart":"840823609","libros-coleccion":"Superfamilias","ediciones":"1","encuadernacion":"R\u00fastica","fecha_de_publicacion":"01\/01\/2021","novedad":"1","paginas":"304","subtitulo":"UNA GU\u00cdA SOBRE SALUD INFANTIL PARA SALIR DE DUDAS Y NO DESESPERAR","orden":"0","portada":"0","idioma":"spa"},"aioseo_notices":[],"_links":{"self":[{"href":"https:\/\/www.claret.cat\/es\/wp-json\/wp\/v2\/product\/98366","targetHints":{"allow":["GET"]}}],"collection":[{"href":"https:\/\/www.claret.cat\/es\/wp-json\/wp\/v2\/product"}],"about":[{"href":"https:\/\/www.claret.cat\/es\/wp-json\/wp\/v2\/types\/product"}],"wp:featuredmedia":[{"embeddable":true,"href":"https:\/\/www.claret.cat\/es\/wp-json\/wp\/v2\/media\/98367"}],"wp:attachment":[{"href":"https:\/\/www.claret.cat\/es\/wp-json\/wp\/v2\/media?parent=98366"}],"wp:term":[{"taxonomy":"product_brand","embeddable":true,"href":"https:\/\/www.claret.cat\/es\/wp-json\/wp\/v2\/product_brand?post=98366"},{"taxonomy":"product_cat","embeddable":true,"href":"https:\/\/www.claret.cat\/es\/wp-json\/wp\/v2\/product_cat?post=98366"},{"taxonomy":"product_tag","embeddable":true,"href":"https:\/\/www.claret.cat\/es\/wp-json\/wp\/v2\/product_tag?post=98366"}],"curies":[{"name":"wp","href":"https:\/\/api.w.org\/{rel}","templated":true}]}}