{"id":983779,"date":"2024-10-03T16:25:22","date_gmt":"2024-10-03T14:25:22","guid":{"rendered":"https:\/\/www.claret.cat\/llibre\/revista-lavenc-512-octubre-2024-9780210115121\/"},"modified":"2025-06-05T17:01:06","modified_gmt":"2025-06-05T15:01:06","slug":"revista-lavenc-512-octubre-2024-9780210115121","status":"publish","type":"product","link":"https:\/\/www.claret.cat\/es\/libro\/revista-lavenc-512-octubre-2024-9780210115121\/","title":{"rendered":"REVISTA L&#8217;AVEN\u00c7 ,512 (OCTUBRE 2024)"},"content":{"rendered":"<p>Amb el n\u00famero d\u2019aquest octubre, defugim els \u2018llocs comuns&#8217; i els discursos monol\u00edtics de la mem\u00f2ria. En plena censura a Vene\u00e7uela, Carles Torner es dirigeix a l\u2019escriptora i periodista Alicia Qui\u00f1ones. Als Billets, Jordi Mir reivindica el dret a l\u2019habitatge amb el record de lluites passades, i Albert Fab\u00e0 repassa la hist\u00f2ria del \u2018Proc\u00e9s\u2019. Els resilients cactus poblen les p\u00e0gines de Trabal, Salv\u00e0 i Rodoreda als relats de Juli\u00e0 Guillamon. Descobrim com llibres, rumors i can\u00e7ons atien revoltes amb l\u2019historiador Robert Darnton, entrevistat per Mariano Schuster. Posem el \u2018Focus\u2019 en els debats memorial\u00edstics: Gemma Dom\u00e8nech Casadevall i Eduard Caball\u00e9 Colom (ICRPC-CERCA) segueixen el rastre de l\u2019espoli i les cessions franquistes a Catalunya, i Mar\u00eda Garc\u00eda Alonso exposa els conflictes de la monumentalitzaci\u00f3.<\/p>\n<p>Als Miradors, Susanna Portell visita els renovats museus de Lleida i de Vilanova i la Geltr\u00fa, Marc Arnal torna a la Guerra Freda amb El radar americ\u00e0 i Elisabet Riera cerca hereus del Manifest surrealista cent anys despr\u00e9s. Joan Tod\u00f3 certifica que, tamb\u00e9 en pol\u00edtica nord-americana, la realitat supera la ficci\u00f3, i Mart\u00ed Gall\u00e9n visita Broadway. Val\u00e8ria Gaillard navega per la introspecci\u00f3 stendhaliana, Gen\u00eds Barnosell radiografia la primera gran vaga de la CNT i Jordi Punt\u00ed imagina l\u2019\u00faltima p\u00e0gina de L\u2019Aven\u00e7.<\/p>\n<p>A m\u00e9s, al monogr\u00e0fic Empremtes de la Barcelona d\u2019ahir, Ana S\u00e1nchez captura racons de la capital catalana marcats per set creadors al llarg del segle passat.<\/p>\n","protected":false},"excerpt":{"rendered":"<p>L&#8217;AVEN\u00c7<\/p>\n","protected":false},"featured_media":1026234,"template":"","meta":{"_acf_changed":false,"om_disable_all_campaigns":false,"rs_blank_template":"","rs_page_bg_color":"","slide_template_v7":"","inline_featured_image":false,"_monsterinsights_skip_tracking":false,"_monsterinsights_sitenote_active":false,"_monsterinsights_sitenote_note":"","_monsterinsights_sitenote_category":0},"product_brand":[],"product_cat":[90,540],"product_tag":[],"class_list":{"0":"post-983779","1":"product","2":"type-product","3":"status-publish","4":"has-post-thumbnail","6":"product_cat-altres","7":"product_cat-otros","9":"first","10":"outofstock","11":"taxable","12":"shipping-taxable","13":"purchasable","14":"product-type-simple"},"acf":{"autor":"L'AVEN\u00c7","codart":"021011512","libros-coleccion":"","ediciones":"1","encuadernacion":"R\u00fastica","fecha_de_publicacion":"03\/10\/2024","novedad":"1","paginas":"74","subtitulo":"","orden":"0","portada":"0","idioma":"cat","editorial":[{"ID":148405,"post_author":"3","post_date":"2022-10-14 11:57:59","post_date_gmt":"2022-10-14 09:57:59","post_content":"","post_title":"L'AVEN\u00c7","post_excerpt":"","post_status":"publish","comment_status":"closed","ping_status":"closed","post_password":"","post_name":"lavenc-2","to_ping":"","pinged":"","post_modified":"2022-10-14 11:57:59","post_modified_gmt":"2022-10-14 09:57:59","post_content_filtered":"","post_parent":0,"guid":"http:\/\/dev.claret.cat\/editorial\/lavenc-2\/","menu_order":0,"post_type":"editorial","post_mime_type":"","comment_count":"0","filter":"raw"}],"booktrailer":"","resenas":""},"aioseo_notices":[],"_links":{"self":[{"href":"https:\/\/www.claret.cat\/es\/wp-json\/wp\/v2\/product\/983779","targetHints":{"allow":["GET"]}}],"collection":[{"href":"https:\/\/www.claret.cat\/es\/wp-json\/wp\/v2\/product"}],"about":[{"href":"https:\/\/www.claret.cat\/es\/wp-json\/wp\/v2\/types\/product"}],"wp:featuredmedia":[{"embeddable":true,"href":"https:\/\/www.claret.cat\/es\/wp-json\/wp\/v2\/media\/1026234"}],"wp:attachment":[{"href":"https:\/\/www.claret.cat\/es\/wp-json\/wp\/v2\/media?parent=983779"}],"wp:term":[{"taxonomy":"product_brand","embeddable":true,"href":"https:\/\/www.claret.cat\/es\/wp-json\/wp\/v2\/product_brand?post=983779"},{"taxonomy":"product_cat","embeddable":true,"href":"https:\/\/www.claret.cat\/es\/wp-json\/wp\/v2\/product_cat?post=983779"},{"taxonomy":"product_tag","embeddable":true,"href":"https:\/\/www.claret.cat\/es\/wp-json\/wp\/v2\/product_tag?post=983779"}],"curies":[{"name":"wp","href":"https:\/\/api.w.org\/{rel}","templated":true}]}}