{"id":983796,"date":"2024-10-03T16:40:34","date_gmt":"2024-10-03T14:40:34","guid":{"rendered":"https:\/\/www.claret.cat\/llibre\/agenda-2025-liebana-colors-arte-ref-3807ar-8423647387006\/"},"modified":"2024-10-04T17:32:42","modified_gmt":"2024-10-04T15:32:42","slug":"agenda-2025-liebana-colors-arte-ref-3807ar-8423647387006","status":"publish","type":"product","link":"https:\/\/www.claret.cat\/es\/libro\/agenda-2025-liebana-colors-arte-ref-3807ar-8423647387006\/","title":{"rendered":"AGENDA 2025 LI\u00c9BANA COLORS ARTE (REF. 3807AR)"},"content":{"rendered":"<p>Agenda de bolsillo semana\/vista<\/p>\n<p>con wire-o tapa dura a color, acabado UVI mate\/brillante con cierre de goma<\/p>\n<p>Castellano<\/p>\n<p>Tama\u00f1o 7,5&#215;13,5cm 160 p\u00e1ginas.<\/p>\n<p>12 de informaci\u00f3n y plannings y 16 de mapas.<\/p>\n<p>Planning del 2025 y avance del 2026 <\/p>\n<p>List\u00edn telef\u00f3nico separado con u\u00f1ero<\/p>\n","protected":false},"excerpt":{"rendered":"<p>MYRGA<\/p>\n","protected":false},"featured_media":983797,"template":"","meta":{"_acf_changed":false,"om_disable_all_campaigns":false,"rs_blank_template":"","rs_page_bg_color":"","slide_template_v7":"","inline_featured_image":false,"_monsterinsights_skip_tracking":false,"_monsterinsights_sitenote_active":false,"_monsterinsights_sitenote_note":"","_monsterinsights_sitenote_category":0},"product_brand":[],"product_cat":[552,102],"product_tag":[],"class_list":{"0":"post-983796","1":"product","2":"type-product","3":"status-publish","4":"has-post-thumbnail","6":"product_cat-calendarios-y-agendas","7":"product_cat-calendaris-i-agendes","9":"first","10":"instock","11":"taxable","12":"shipping-taxable","13":"purchasable","14":"product-type-simple"},"acf":{"autor":"MYRGA","codart":"364738700","libros-coleccion":"","ediciones":"1","encuadernacion":"R\u00fastica","fecha_de_publicacion":"03\/10\/2024","novedad":"1","paginas":"160","subtitulo":"","orden":"0","portada":"0","idioma":"spa","editorial":[{"ID":148557,"post_author":"3","post_date":"2022-10-14 11:59:10","post_date_gmt":"2022-10-14 09:59:10","post_content":"","post_title":"MYRGA","post_excerpt":"","post_status":"publish","comment_status":"closed","ping_status":"closed","post_password":"","post_name":"myrga","to_ping":"","pinged":"","post_modified":"2022-10-14 11:59:10","post_modified_gmt":"2022-10-14 09:59:10","post_content_filtered":"","post_parent":0,"guid":"http:\/\/dev.claret.cat\/editorial\/myrga\/","menu_order":0,"post_type":"editorial","post_mime_type":"","comment_count":"0","filter":"raw"}]},"aioseo_notices":[],"_links":{"self":[{"href":"https:\/\/www.claret.cat\/es\/wp-json\/wp\/v2\/product\/983796","targetHints":{"allow":["GET"]}}],"collection":[{"href":"https:\/\/www.claret.cat\/es\/wp-json\/wp\/v2\/product"}],"about":[{"href":"https:\/\/www.claret.cat\/es\/wp-json\/wp\/v2\/types\/product"}],"wp:featuredmedia":[{"embeddable":true,"href":"https:\/\/www.claret.cat\/es\/wp-json\/wp\/v2\/media\/983797"}],"wp:attachment":[{"href":"https:\/\/www.claret.cat\/es\/wp-json\/wp\/v2\/media?parent=983796"}],"wp:term":[{"taxonomy":"product_brand","embeddable":true,"href":"https:\/\/www.claret.cat\/es\/wp-json\/wp\/v2\/product_brand?post=983796"},{"taxonomy":"product_cat","embeddable":true,"href":"https:\/\/www.claret.cat\/es\/wp-json\/wp\/v2\/product_cat?post=983796"},{"taxonomy":"product_tag","embeddable":true,"href":"https:\/\/www.claret.cat\/es\/wp-json\/wp\/v2\/product_tag?post=983796"}],"curies":[{"name":"wp","href":"https:\/\/api.w.org\/{rel}","templated":true}]}}