{"id":983870,"date":"2024-10-03T19:50:06","date_gmt":"2024-10-03T17:50:06","guid":{"rendered":"https:\/\/www.claret.cat\/llibre\/temps-de-castanyes-9788448931094\/"},"modified":"2025-10-06T12:25:08","modified_gmt":"2025-10-06T10:25:08","slug":"temps-de-castanyes-9788448931094","status":"publish","type":"product","link":"https:\/\/www.claret.cat\/es\/libro\/temps-de-castanyes-9788448931094\/","title":{"rendered":"TEMPS DE CASTANYES"},"content":{"rendered":"<p>Durant la tardor, els tons groguencs, ocres i marronosos dominen la natura. \u00c9s temps de castanyes, de moniatos, de panellets i tamb\u00e9 de fruites com les magranes, les figues i els codonys. Mitjan\u00e7ant fotografies i divertides il\u00b7lustracions, els nens i les nenes coneixeran els trets m\u00e9s propis d&#8221;aquesta estaci\u00f3. Per afavorir la lectura aut\u00f2noma dels infants, cada doble p\u00e0gina presenta el text de manera breu i escrit amb dues modalitats de lletra: de pal i lligada.<\/p>\n","protected":false},"excerpt":{"rendered":"<p>BALD\u00d3, ESTEL \/ GIL, ROSA \/ SOLIVA, MARIA<\/p>\n","protected":false},"featured_media":983871,"template":"","meta":{"_acf_changed":false,"om_disable_all_campaigns":false,"rs_blank_template":"","rs_page_bg_color":"","slide_template_v7":"","inline_featured_image":false,"_monsterinsights_skip_tracking":false,"_monsterinsights_sitenote_active":false,"_monsterinsights_sitenote_note":"","_monsterinsights_sitenote_category":0},"product_brand":[],"product_cat":[131,361],"product_tag":[],"class_list":{"0":"post-983870","1":"product","2":"type-product","3":"status-publish","4":"has-post-thumbnail","6":"product_cat-contes-per-infants-0-6-anys","7":"product_cat-cuentos-para-ninos-0-6-anos","9":"first","10":"instock","11":"taxable","12":"shipping-taxable","13":"purchasable","14":"product-type-simple"},"acf":{"autor":"BALD\u00d3, ESTEL \/ GIL, ROSA \/ SOLIVA, MARIA","codart":"844893109","libros-coleccion":"Llibres Infantils I Juvenils - El Bosc D","ediciones":"1","encuadernacion":"R\u00fastica","fecha_de_publicacion":"01\/09\/2012","novedad":"0","paginas":"24","subtitulo":"","orden":"999","portada":"0","idioma":"cat","editorial":[{"ID":147525,"post_author":"3","post_date":"2022-10-14 11:51:14","post_date_gmt":"2022-10-14 09:51:14","post_content":"","post_title":"BARCANOVA","post_excerpt":"","post_status":"publish","comment_status":"closed","ping_status":"closed","post_password":"","post_name":"barcanova","to_ping":"","pinged":"","post_modified":"2022-10-14 11:51:14","post_modified_gmt":"2022-10-14 09:51:14","post_content_filtered":"","post_parent":0,"guid":"http:\/\/dev.claret.cat\/editorial\/barcanova\/","menu_order":0,"post_type":"editorial","post_mime_type":"","comment_count":"0","filter":"raw"}],"autores-libros":[{"ID":163780,"post_author":"3","post_date":"2022-10-14 17:41:48","post_date_gmt":"2022-10-14 15:41:48","post_content":"","post_title":"MARIA SOLIVA","post_excerpt":"","post_status":"publish","comment_status":"closed","ping_status":"closed","post_password":"","post_name":"maria-soliva","to_ping":"","pinged":"","post_modified":"2022-10-14 17:41:48","post_modified_gmt":"2022-10-14 15:41:48","post_content_filtered":"","post_parent":0,"guid":"http:\/\/dev.claret.cat\/autor\/maria-soliva\/","menu_order":0,"post_type":"autor","post_mime_type":"","comment_count":"0","filter":"raw"},{"ID":155390,"post_author":"3","post_date":"2022-10-14 15:12:27","post_date_gmt":"2022-10-14 13:12:27","post_content":"","post_title":"ESTEL BALD\u00d3 CABA","post_excerpt":"","post_status":"publish","comment_status":"closed","ping_status":"closed","post_password":"","post_name":"estel-baldo-caba","to_ping":"","pinged":"","post_modified":"2022-10-14 15:12:27","post_modified_gmt":"2022-10-14 13:12:27","post_content_filtered":"","post_parent":0,"guid":"http:\/\/dev.claret.cat\/autor\/estel-baldo-caba\/","menu_order":0,"post_type":"autor","post_mime_type":"","comment_count":"0","filter":"raw"},{"ID":168489,"post_author":"3","post_date":"2022-10-14 22:19:31","post_date_gmt":"2022-10-14 20:19:31","post_content":"","post_title":"ROSA GIL JUAN","post_excerpt":"","post_status":"publish","comment_status":"closed","ping_status":"closed","post_password":"","post_name":"rosa-gil-juan","to_ping":"","pinged":"","post_modified":"2022-10-14 22:19:31","post_modified_gmt":"2022-10-14 20:19:31","post_content_filtered":"","post_parent":0,"guid":"http:\/\/dev.claret.cat\/autor\/rosa-gil-juan\/","menu_order":0,"post_type":"autor","post_mime_type":"","comment_count":"0","filter":"raw"}],"booktrailer":"","resenas":""},"aioseo_notices":[],"_links":{"self":[{"href":"https:\/\/www.claret.cat\/es\/wp-json\/wp\/v2\/product\/983870","targetHints":{"allow":["GET"]}}],"collection":[{"href":"https:\/\/www.claret.cat\/es\/wp-json\/wp\/v2\/product"}],"about":[{"href":"https:\/\/www.claret.cat\/es\/wp-json\/wp\/v2\/types\/product"}],"wp:featuredmedia":[{"embeddable":true,"href":"https:\/\/www.claret.cat\/es\/wp-json\/wp\/v2\/media\/983871"}],"wp:attachment":[{"href":"https:\/\/www.claret.cat\/es\/wp-json\/wp\/v2\/media?parent=983870"}],"wp:term":[{"taxonomy":"product_brand","embeddable":true,"href":"https:\/\/www.claret.cat\/es\/wp-json\/wp\/v2\/product_brand?post=983870"},{"taxonomy":"product_cat","embeddable":true,"href":"https:\/\/www.claret.cat\/es\/wp-json\/wp\/v2\/product_cat?post=983870"},{"taxonomy":"product_tag","embeddable":true,"href":"https:\/\/www.claret.cat\/es\/wp-json\/wp\/v2\/product_tag?post=983870"}],"curies":[{"name":"wp","href":"https:\/\/api.w.org\/{rel}","templated":true}]}}