{"id":98417,"date":"2022-10-12T07:25:18","date_gmt":"2022-10-12T05:25:18","guid":{"rendered":"http:\/\/dev.claret.cat\/producte\/10-reglas-para-comprender-el-mundo\/"},"modified":"2023-01-28T04:33:49","modified_gmt":"2023-01-28T03:33:49","slug":"10-reglas-para-comprender-el-mundo-9788416883943","status":"publish","type":"product","link":"https:\/\/www.claret.cat\/es\/libro\/10-reglas-para-comprender-el-mundo-9788416883943\/","title":{"rendered":"10 REGLAS PARA COMPRENDER EL MUNDO"},"content":{"rendered":"<p>\u00bfCu\u00e1ndo le\u00edste por \u00faltima vez unas cifras en un titular y te  preguntaste si realmente eran ciertas? \u00bfSabes que hay una herramienta  que te ayuda a verlo todo con mayor nitidez y no son unas gafas de rayos X? Se trata de los n\u00fameros y los datos que manejan las estad\u00edsticas,  indispensables en el relato con el que se construye hoy en d\u00eda la  actualidad pol\u00edtica, econ\u00f3mica y social. Y para comprender la realidad  cambiante y compleja en la que vivimos no se necesita un doctorado en  matem\u00e1ticas. Basta un poco paciencia y sentido com\u00fan, pero sobre todo, se requiere la curiosidad que Tim Harford, autor de El economista  camuflado, sabe contagiar a sus lectores para observar el mundo con otros ojos. Rese\u00f1a:<br \/>\u00abTim Harford consigue que disfrutemos de las estad\u00edsticas de la vida  cotidiana y que incluso lleguen a resultarnos fascinantes.\u00bb<br \/>Bill Bryson, autor de Una breve historia de casi todo<\/p>\n","protected":false},"excerpt":{"rendered":"<p>HARFORD, TIM<\/p>\n","protected":false},"featured_media":98418,"template":"","meta":{"_acf_changed":false,"om_disable_all_campaigns":false,"rs_blank_template":"","rs_page_bg_color":"","slide_template_v7":"","inline_featured_image":false,"_monsterinsights_skip_tracking":false,"_monsterinsights_sitenote_active":false,"_monsterinsights_sitenote_note":"","_monsterinsights_sitenote_category":0},"product_brand":[],"product_cat":[162],"product_tag":[],"class_list":{"0":"post-98417","1":"product","2":"type-product","3":"status-publish","4":"has-post-thumbnail","6":"product_cat-economica-i-politica","8":"first","9":"instock","10":"taxable","11":"shipping-taxable","12":"purchasable","13":"product-type-simple"},"acf":{"editorial":[{"ID":147656,"post_author":"3","post_date":"2022-10-14 11:52:14","post_date_gmt":"2022-10-14 09:52:14","post_content":"","post_title":"CONECTA","post_excerpt":"","post_status":"publish","comment_status":"closed","ping_status":"closed","post_password":"","post_name":"conecta","to_ping":"","pinged":"","post_modified":"2022-10-14 11:52:14","post_modified_gmt":"2022-10-14 09:52:14","post_content_filtered":"","post_parent":0,"guid":"http:\/\/dev.claret.cat\/editorial\/conecta\/","menu_order":0,"post_type":"editorial","post_mime_type":"","comment_count":"0","filter":"raw"}],"autores-libros":[{"ID":170400,"post_author":"3","post_date":"2022-10-14 22:35:01","post_date_gmt":"2022-10-14 20:35:01","post_content":"","post_title":"TIM HARFORD","post_excerpt":"","post_status":"publish","comment_status":"closed","ping_status":"closed","post_password":"","post_name":"tim-harford","to_ping":"","pinged":"","post_modified":"2022-10-14 22:35:01","post_modified_gmt":"2022-10-14 20:35:01","post_content_filtered":"","post_parent":0,"guid":"http:\/\/dev.claret.cat\/autor\/tim-harford\/","menu_order":0,"post_type":"autor","post_mime_type":"","comment_count":"0","filter":"raw"}],"autor":"HARFORD, TIM","codart":"841688394","libros-coleccion":"CONECTA","ediciones":"1","encuadernacion":"R\u00fastica","fecha_de_publicacion":"01\/01\/2021","novedad":"1","paginas":"334","subtitulo":"C\u00d3MO LOS N\u00daMEROS PUEDEN EXPLICAR (Y MEJORAR) LO QUE SUCEDE","orden":"0","portada":"0","idioma":"spa"},"aioseo_notices":[],"_links":{"self":[{"href":"https:\/\/www.claret.cat\/es\/wp-json\/wp\/v2\/product\/98417","targetHints":{"allow":["GET"]}}],"collection":[{"href":"https:\/\/www.claret.cat\/es\/wp-json\/wp\/v2\/product"}],"about":[{"href":"https:\/\/www.claret.cat\/es\/wp-json\/wp\/v2\/types\/product"}],"wp:featuredmedia":[{"embeddable":true,"href":"https:\/\/www.claret.cat\/es\/wp-json\/wp\/v2\/media\/98418"}],"wp:attachment":[{"href":"https:\/\/www.claret.cat\/es\/wp-json\/wp\/v2\/media?parent=98417"}],"wp:term":[{"taxonomy":"product_brand","embeddable":true,"href":"https:\/\/www.claret.cat\/es\/wp-json\/wp\/v2\/product_brand?post=98417"},{"taxonomy":"product_cat","embeddable":true,"href":"https:\/\/www.claret.cat\/es\/wp-json\/wp\/v2\/product_cat?post=98417"},{"taxonomy":"product_tag","embeddable":true,"href":"https:\/\/www.claret.cat\/es\/wp-json\/wp\/v2\/product_tag?post=98417"}],"curies":[{"name":"wp","href":"https:\/\/api.w.org\/{rel}","templated":true}]}}