{"id":984246,"date":"2024-10-07T14:00:39","date_gmt":"2024-10-07T12:00:39","guid":{"rendered":"https:\/\/www.claret.cat\/llibre\/estuche-con-todas-las-hadas-del-reino-todos-los-hombres-del-rey-9788419975423\/"},"modified":"2024-10-07T16:21:20","modified_gmt":"2024-10-07T14:21:20","slug":"estuche-con-todas-las-hadas-del-reino-todos-los-hombres-del-rey-9788419975423","status":"publish","type":"product","link":"https:\/\/www.claret.cat\/es\/libro\/estuche-con-todas-las-hadas-del-reino-todos-los-hombres-del-rey-9788419975423\/","title":{"rendered":"ESTUCHE CON: TODAS LAS HADAS DEL REINO | TODOS LOS HOMBRES DEL REY"},"content":{"rendered":"<p>Edici\u00f3n estuche con dos grandes novelas de Laura Gallego:<br \/>Todas las hadas del reino y Todos los hombres del rey Todas las hadas del reino \u00c9rase una vez una historia de aventuras, magia e intriga que nadie pod\u00eda dejar de leer&#8230; Camelia es un hada madrina que lleva trescientos a\u00f1os ayudando con gran eficacia a j\u00f3venes doncellas y a aspirantes a h\u00e9roe para que alcancen sus propios finales felices. Su magia y su ingenio nunca le han fallado, pero todo empieza a complicarse cuando le encomiendan a Sim\u00f3n, un mozo de cuadra que necesita su ayuda desesperadamente. Camelia ha solucionado casos m\u00e1s dif\u00edciles; pero, por alg\u00fan motivo, con Sim\u00f3n las cosas comienzan a torcerse de forma inexplicable&#8230; _________________ Todos los hombres del rey Cuando la vida deja de parecer un cuento de hadas, la magia m\u00e1s poderosa surge donde menos te lo esperas&#8230; Felicia ha alcanzado su final feliz y ha vuelto a casa de la mano de su pr\u00edncipe desencantado. Ha pagado por ello un alto precio: renunciar a la protecci\u00f3n de su hada madrina. Sin embargo, cuando descubre que sus padres, los reyes de Vestur, la han mandado ejecutar a sus espaldas, deber\u00e1 plantearse si su vida es realmente el cuento de hadas que parece. As\u00ed, cuando la reina Crisantemo declara la guerra a Vestur en represalia por el crimen, Felicia decide emprender la b\u00fasqueda de la \u00fanica persona que puede evitar el desastre. En su camino estar\u00e1 acompa\u00f1ada por un grupo de personajes de distintos or\u00edgenes que, por unas razones o por otras, tambi\u00e9n tienen cuentas pendientes con las hadas madrinas. Y contar\u00e1 con la ayuda de unantiguo cofre de madera que contiene un secreto extraordinario. \u00bfSer\u00e1 suficiente para salvar su reino de la c\u00f3lera de las hadas? _________________Rese\u00f1as:<br \/>\u00abZapatos de cristal, manzanas envenenadas, guisantes debajo de los colchones&#8230; Laura Gallego es una maestra en todos los sentidos.\u00bb<br \/>Javier Ruescas \u00abUna historia que me ha encantado, por tomar todos los elementos de fantas\u00eda cl\u00e1sica y formar con ellos una historia original, desarrollada y con giros imprevistos. Laura rara vez me decepciona.\u00bb<br \/>Blog Lost World Paradise\u00abEl personaje de Camelia es fascinante. Ren es tan carism\u00e1tico que se ha convertido en mi personaje favorito de la autora.\u00bb<br \/>Guillermo Jim\u00e9nez a trav\u00e9s de Goodreads \u00abEste libro se ha vuelto uno de mis favoritos, lo tiene todo. No puedo soltarlo.\u00bb<br \/>Areli Ramos en Facebook\u00abLaura Gallego se ha superado.\u00bb<br \/>Nube de Palabras en Youtube \u00abImpactante y emocionante.\u00bb<br \/>Lily Bell en Facebook \u00abSinceramente incre\u00edble.\u00bb<br \/>@LostVause a trav\u00e9s de Twitter \u00abLaura Gallego nunca me decepciona.\u00bb<br \/>Patricia Bejarano a trav\u00e9s de Goodreads\u00abTe obliga a leer hasta el final.\u00bb<br \/>Aron10 en foros LG<\/p>\n","protected":false},"excerpt":{"rendered":"<p>GALLEGO, LAURA<\/p>\n","protected":false},"featured_media":984247,"template":"","meta":{"_acf_changed":false,"om_disable_all_campaigns":false,"rs_blank_template":"","rs_page_bg_color":"","slide_template_v7":"","inline_featured_image":false,"_monsterinsights_skip_tracking":false,"_monsterinsights_sitenote_active":false,"_monsterinsights_sitenote_note":"","_monsterinsights_sitenote_category":0},"product_brand":[],"product_cat":[133,363],"product_tag":[],"class_list":{"0":"post-984246","1":"product","2":"type-product","3":"status-publish","4":"has-post-thumbnail","6":"product_cat-lectures-per-adolescents-12-18-anys","7":"product_cat-lecturas-por-adolescentes-12-18-anos","9":"first","10":"instock","11":"taxable","12":"shipping-taxable","13":"purchasable","14":"product-type-simple"},"acf":{"autor":"GALLEGO, LAURA","codart":"841997542","libros-coleccion":"Montena","ediciones":"1","encuadernacion":"Carton\u00e9","fecha_de_publicacion":"01\/10\/2024","novedad":"1","paginas":"0","subtitulo":"","orden":"0","portada":"0","idioma":"spa","editorial":[{"ID":6310,"post_author":"3","post_date":"2022-07-28 17:49:26","post_date_gmt":"2022-07-28 15:49:26","post_content":"","post_title":"MONTENA","post_excerpt":"","post_status":"publish","comment_status":"closed","ping_status":"closed","post_password":"","post_name":"montena","to_ping":"","pinged":"","post_modified":"2022-07-28 17:49:26","post_modified_gmt":"2022-07-28 15:49:26","post_content_filtered":"","post_parent":0,"guid":"http:\/\/dev.claret.cat\/editorial\/montena\/","menu_order":0,"post_type":"editorial","post_mime_type":"","comment_count":"0","filter":"raw"}]},"aioseo_notices":[],"_links":{"self":[{"href":"https:\/\/www.claret.cat\/es\/wp-json\/wp\/v2\/product\/984246","targetHints":{"allow":["GET"]}}],"collection":[{"href":"https:\/\/www.claret.cat\/es\/wp-json\/wp\/v2\/product"}],"about":[{"href":"https:\/\/www.claret.cat\/es\/wp-json\/wp\/v2\/types\/product"}],"wp:featuredmedia":[{"embeddable":true,"href":"https:\/\/www.claret.cat\/es\/wp-json\/wp\/v2\/media\/984247"}],"wp:attachment":[{"href":"https:\/\/www.claret.cat\/es\/wp-json\/wp\/v2\/media?parent=984246"}],"wp:term":[{"taxonomy":"product_brand","embeddable":true,"href":"https:\/\/www.claret.cat\/es\/wp-json\/wp\/v2\/product_brand?post=984246"},{"taxonomy":"product_cat","embeddable":true,"href":"https:\/\/www.claret.cat\/es\/wp-json\/wp\/v2\/product_cat?post=984246"},{"taxonomy":"product_tag","embeddable":true,"href":"https:\/\/www.claret.cat\/es\/wp-json\/wp\/v2\/product_tag?post=984246"}],"curies":[{"name":"wp","href":"https:\/\/api.w.org\/{rel}","templated":true}]}}