{"id":984310,"date":"2024-10-07T16:05:53","date_gmt":"2024-10-07T14:05:53","guid":{"rendered":"https:\/\/www.claret.cat\/llibre\/em-dic-goa-5-ni-ho-somiis-goa-9788419910486\/"},"modified":"2026-03-31T18:06:40","modified_gmt":"2026-03-31T16:06:40","slug":"em-dic-goa-5-ni-ho-somiis-goa-9788419910486","status":"publish","type":"product","link":"https:\/\/www.claret.cat\/es\/libro\/em-dic-goa-5-ni-ho-somiis-goa-9788419910486\/","title":{"rendered":"EM DIC GOA 5 &#8211; NI HO SOMI\u00cfS, GOA"},"content":{"rendered":"<p>Arriba el cinqu\u00e8 volum de Em dic Goa, la s\u00e8rie que ha atrapat m\u00e9s de 90.000 lectors i lectores! \u00abCom \u00e9s possible que passin tantes coses en tan poc temps? No suporto haver d&#8221;esperar per veure el Klaus; l&#8221;Anna i la Laura estan molt estranyes; la N\u00e0dia ho est\u00e0 passant malament en el seu nou insti i, a sobre, ara els meus pares dubten si regalar-me el m\u00f2bil quan faci tretze anys! Quina intensitat, bro\u00bb. A la Goa, els dies se li fan eterns tot esperant per retrobar-se amb el Klaus. I sembla ser que fins la Setmana Santa no es podran veure! Per\u00f2 la Goa no \u00e9s l&#8221;\u00fanica que est\u00e0 sentint tantes coses&#8230; Mentre algunes relacions oblidades renaixen, altres es troben amb obstacles inesperats. I, enmig de tot aix\u00f2, una emerg\u00e8ncia far\u00e0 que la Goa i els seus amics es mobilitzin per tal de trobar la soluci\u00f3 Un nou volum de la s\u00e8rie juvenil de M\u00edriam Tirado, autora d&#8221;\u00e8xits com El fil invisible, Sensibles i Infinit. Anar i tornar, en la qual explora l&#8221;adolesc\u00e8ncia amb l&#8221;humor i la sensibilitat que la caracteritzen.<\/p>\n","protected":false},"excerpt":{"rendered":"<p>TIRADO, M\u00cdRIAM<\/p>\n","protected":false},"featured_media":1079340,"template":"","meta":{"_acf_changed":false,"om_disable_all_campaigns":false,"rs_blank_template":"","rs_page_bg_color":"","slide_template_v7":"","inline_featured_image":false,"_monsterinsights_skip_tracking":false,"_monsterinsights_sitenote_active":false,"_monsterinsights_sitenote_note":"","_monsterinsights_sitenote_category":0},"product_brand":[],"product_cat":[133,363],"product_tag":[],"class_list":{"0":"post-984310","1":"product","2":"type-product","3":"status-publish","4":"has-post-thumbnail","6":"product_cat-lectures-per-adolescents-12-18-anys","7":"product_cat-lecturas-por-adolescentes-12-18-anos","9":"first","10":"instock","11":"taxable","12":"shipping-taxable","13":"purchasable","14":"product-type-simple"},"acf":{"autor":"TIRADO, M\u00cdRIAM","codart":"841991048","libros-coleccion":"","ediciones":"1","encuadernacion":"Carton\u00e9","fecha_de_publicacion":"01\/10\/2024","novedad":"1","paginas":"198","subtitulo":"NO M'HO PUC CREURE!","orden":"0","portada":"0","idioma":"spa","editorial":[{"ID":294535,"post_author":"3","post_date":"2022-12-12 12:50:10","post_date_gmt":"2022-12-12 11:50:10","post_content":"","post_title":"B de Blok","post_excerpt":"","post_status":"publish","comment_status":"closed","ping_status":"closed","post_password":"","post_name":"b-de-blok","to_ping":"","pinged":"","post_modified":"2022-12-12 12:50:10","post_modified_gmt":"2022-12-12 11:50:10","post_content_filtered":"","post_parent":0,"guid":"http:\/\/dev.claret.cat\/editorial\/b-de-blok\/","menu_order":0,"post_type":"editorial","post_mime_type":"","comment_count":"0","filter":"raw"}],"booktrailer":"","resenas":""},"aioseo_notices":[],"_links":{"self":[{"href":"https:\/\/www.claret.cat\/es\/wp-json\/wp\/v2\/product\/984310","targetHints":{"allow":["GET"]}}],"collection":[{"href":"https:\/\/www.claret.cat\/es\/wp-json\/wp\/v2\/product"}],"about":[{"href":"https:\/\/www.claret.cat\/es\/wp-json\/wp\/v2\/types\/product"}],"wp:featuredmedia":[{"embeddable":true,"href":"https:\/\/www.claret.cat\/es\/wp-json\/wp\/v2\/media\/1079340"}],"wp:attachment":[{"href":"https:\/\/www.claret.cat\/es\/wp-json\/wp\/v2\/media?parent=984310"}],"wp:term":[{"taxonomy":"product_brand","embeddable":true,"href":"https:\/\/www.claret.cat\/es\/wp-json\/wp\/v2\/product_brand?post=984310"},{"taxonomy":"product_cat","embeddable":true,"href":"https:\/\/www.claret.cat\/es\/wp-json\/wp\/v2\/product_cat?post=984310"},{"taxonomy":"product_tag","embeddable":true,"href":"https:\/\/www.claret.cat\/es\/wp-json\/wp\/v2\/product_tag?post=984310"}],"curies":[{"name":"wp","href":"https:\/\/api.w.org\/{rel}","templated":true}]}}