{"id":98435,"date":"2022-10-12T07:25:34","date_gmt":"2022-10-12T05:25:34","guid":{"rendered":"http:\/\/dev.claret.cat\/producte\/la-cantante-y-el-leon\/"},"modified":"2025-06-20T11:04:17","modified_gmt":"2025-06-20T09:04:17","slug":"la-cantante-y-el-leon-9786071658210","status":"publish","type":"product","link":"https:\/\/www.claret.cat\/es\/libro\/la-cantante-y-el-leon-9786071658210\/","title":{"rendered":"LA CANTANTE Y EL LEON"},"content":{"rendered":"<p>Ellos no se conoc\u00edan. Ella, la cantante, caminaba junto al zool\u00f3gico todos los d\u00edas cuando iba y ven\u00eda del conservatorio. El le\u00f3n iba y ven\u00eda dentro de su jaula con una soltura prodigiosa, casi sin tocar el suelo. Ella cantaba siempre; \u00e9l a veces rug\u00eda. Pero algo sucedi\u00f3 un d\u00eda en el zool\u00f3gico que propici\u00f3 que los dos se conocieran entre las ramas de un \u00e1rbol, y que al cruzar sus miradas el tiempo pareciera detenerse. \u00bfQu\u00e9 sucede en ese encuentro siempre dif\u00edcil entre lo salvaje y lo imperfecto, entre la bestia y la bella, entre el animal y lo humano? Esta pregunta lanzada por el autor, Ricardo Ch\u00e1vez, fue reflexionada ampliamente por Manuel Monroy, quien ilustra esta obra de manera exquisita y elegante, y quien propone al lector distintos caminos para interpretarla. Ricardo Ch\u00e1vez Casta\u00f1eda transforma una an\u00e9cdota real en una historia llena de poes\u00eda que da origen a su primer libro \u00e1lbum, el cual no es para p\u00fablico infantil, sino para j\u00f3venes lectores, y se integrar\u00e1 a la tambi\u00e9n joven colecci\u00f3n del cat\u00e1logo de Obras para Ni\u00f1os y J\u00f3venes: Resonancias.<\/p>\n","protected":false},"excerpt":{"rendered":"<p>RICARDO CH\u00c1VEZ CASTA\u00d1EDA<\/p>\n","protected":false},"featured_media":98436,"template":"","meta":{"_acf_changed":false,"om_disable_all_campaigns":false,"rs_blank_template":"","rs_page_bg_color":"","slide_template_v7":"","inline_featured_image":false,"_monsterinsights_skip_tracking":false,"_monsterinsights_sitenote_active":false,"_monsterinsights_sitenote_note":"","_monsterinsights_sitenote_category":0},"product_brand":[],"product_cat":[131,361],"product_tag":[],"class_list":{"0":"post-98435","1":"product","2":"type-product","3":"status-publish","4":"has-post-thumbnail","6":"product_cat-contes-per-infants-0-6-anys","7":"product_cat-cuentos-para-ninos-0-6-anos","9":"first","10":"instock","11":"taxable","12":"shipping-taxable","13":"purchasable","14":"product-type-simple"},"acf":{"editorial":[{"ID":6257,"post_author":"3","post_date":"2022-07-28 17:48:19","post_date_gmt":"2022-07-28 15:48:19","post_content":"","post_title":"Fondo de Cultura Econ\u00f3mica Fce","post_excerpt":"","post_status":"publish","comment_status":"closed","ping_status":"closed","post_password":"","post_name":"fondo-de-cultura-economica-fce","to_ping":"","pinged":"","post_modified":"2022-07-28 17:48:19","post_modified_gmt":"2022-07-28 15:48:19","post_content_filtered":"","post_parent":0,"guid":"http:\/\/dev.claret.cat\/editorial\/fondo-de-cultura-economica-fce\/","menu_order":0,"post_type":"editorial","post_mime_type":"","comment_count":"0","filter":"raw"}],"autores-libros":[{"ID":168044,"post_author":"3","post_date":"2022-10-14 18:16:05","post_date_gmt":"2022-10-14 16:16:05","post_content":"","post_title":"RICARDO CH\u00c1VEZ CASTA\u00d1EDA","post_excerpt":"","post_status":"publish","comment_status":"closed","ping_status":"closed","post_password":"","post_name":"ricardo-chavez-castaneda","to_ping":"","pinged":"","post_modified":"2022-10-14 18:16:05","post_modified_gmt":"2022-10-14 16:16:05","post_content_filtered":"","post_parent":0,"guid":"http:\/\/dev.claret.cat\/autor\/ricardo-chavez-castaneda\/","menu_order":0,"post_type":"autor","post_mime_type":"","comment_count":"0","filter":"raw"}],"autor":"RICARDO CH\u00c1VEZ CASTA\u00d1EDA","codart":"607165821","libros-coleccion":"FORA DE COL.LECCI\u00d3","ediciones":"1","encuadernacion":"Carpeta","fecha_de_publicacion":"01\/02\/2020","novedad":"1","paginas":"45","subtitulo":"","orden":"0","portada":"0","idioma":"spa","booktrailer":"","resenas":""},"aioseo_notices":[],"_links":{"self":[{"href":"https:\/\/www.claret.cat\/es\/wp-json\/wp\/v2\/product\/98435","targetHints":{"allow":["GET"]}}],"collection":[{"href":"https:\/\/www.claret.cat\/es\/wp-json\/wp\/v2\/product"}],"about":[{"href":"https:\/\/www.claret.cat\/es\/wp-json\/wp\/v2\/types\/product"}],"wp:featuredmedia":[{"embeddable":true,"href":"https:\/\/www.claret.cat\/es\/wp-json\/wp\/v2\/media\/98436"}],"wp:attachment":[{"href":"https:\/\/www.claret.cat\/es\/wp-json\/wp\/v2\/media?parent=98435"}],"wp:term":[{"taxonomy":"product_brand","embeddable":true,"href":"https:\/\/www.claret.cat\/es\/wp-json\/wp\/v2\/product_brand?post=98435"},{"taxonomy":"product_cat","embeddable":true,"href":"https:\/\/www.claret.cat\/es\/wp-json\/wp\/v2\/product_cat?post=98435"},{"taxonomy":"product_tag","embeddable":true,"href":"https:\/\/www.claret.cat\/es\/wp-json\/wp\/v2\/product_tag?post=98435"}],"curies":[{"name":"wp","href":"https:\/\/api.w.org\/{rel}","templated":true}]}}