{"id":9845,"date":"2022-09-30T19:44:49","date_gmt":"2022-09-30T17:44:49","guid":{"rendered":"http:\/\/dev.claret.cat\/producte\/la-defusion-cognitiva-en-la-practica\/"},"modified":"2025-09-19T19:20:34","modified_gmt":"2025-09-19T17:20:34","slug":"la-defusion-cognitiva-en-la-practica-9788433030078","status":"publish","type":"product","link":"https:\/\/www.claret.cat\/es\/libro\/la-defusion-cognitiva-en-la-practica-9788433030078\/","title":{"rendered":"LA DEFUSI\u00d3N COGNITIVA EN LA PR\u00c1CTICA"},"content":{"rendered":"<p>\u201cDefusi\u00f3n\u201d es un neologismo que ha tomado carta de naturaleza en el \u00e1mbito de la Terapia de Aceptaci\u00f3n y Compromiso (ACT). Conceptualmente se corresponder\u00eda \u2013de haberlo- con otro t\u00e9rmino que se utiliza en el presente manual: \u201cdeliteralizaci\u00f3n\u201d, distanciamiento del significado convencional de las palabras, del \u201cmapa ling\u00fc\u00edstico\u201d que, como se\u00f1alaba Korzibsky, no es la realidad vital en la que estamos inmersos.<br \/>Como t\u00e9cnica, la defusi\u00f3n viene a constituir algo as\u00ed como el procedimiento operativo en la ACT, el pilar sobre el que se asientan los otros cinco componentes de este innovador planteamiento terap\u00e9utico: es la base de una aceptaci\u00f3n sensata, el requisito previo para un compromiso responsable, la esencia del yo-como-contexto, el marco para la consciencia del momento presente (o \u201cmindfulness\u201d) y la medida realista de los valores vitales sobre los que proyectamos construir una vida plena.<br \/>El m\u00e9rito principal de John Blackledge no es tanto examinar pormenorizadamente el concepto y muchas de las t\u00e9cnicas concretas de defusi\u00f3n como ofrecer, adem\u00e1s, directrices para su aplicaci\u00f3n a otros procedimientos basados en marcos te\u00f3ricos diferentes de la ACT y presentar resultados experimentales comparativos de su aplicaci\u00f3n.<br \/>Con las terapias de tercera generaci\u00f3n, la psicolog\u00eda est\u00e1 accediendo a un campo cada vez m\u00e1s apasionante y dif\u00edcil de abarcar. La inclusi\u00f3n de los \u201cvalores\u201d como compromiso personal en la construcci\u00f3n del propio sentido vital frente al intento de \u201csanar\u201d las emociones supone la reconquista de una visi\u00f3n proactiva del ser humano como protagonista de su vida frente a la consideraci\u00f3n patologizante y reactiva de los anteriores planteamientos. La defusi\u00f3n es una herramienta de uso obligado en esta tarea personal.<\/p>\n","protected":false},"excerpt":{"rendered":"<p>BLACKLEDGE, JOHN T.<\/p>\n","protected":false},"featured_media":347059,"template":"","meta":{"_acf_changed":false,"om_disable_all_campaigns":false,"rs_blank_template":"","rs_page_bg_color":"","slide_template_v7":"","inline_featured_image":false,"_monsterinsights_skip_tracking":false,"_monsterinsights_sitenote_active":false,"_monsterinsights_sitenote_note":"","_monsterinsights_sitenote_category":0},"product_brand":[],"product_cat":[81,347],"product_tag":[],"class_list":{"0":"post-9845","1":"product","2":"type-product","3":"status-publish","4":"has-post-thumbnail","6":"product_cat-psicologia","7":"product_cat-psicologia-2_humanidades","9":"first","10":"instock","11":"taxable","12":"shipping-taxable","13":"purchasable","14":"product-type-simple"},"acf":{"autor":"BLACKLEDGE, JOHN T.","codart":"843303007","libros-coleccion":"","ediciones":"1","encuadernacion":"R\u00fastica","fecha_de_publicacion":"23\/10\/2018","novedad":"1","paginas":"240","subtitulo":"GU\u00cdA CL\u00cdNICA PARA VALORAR, OBSERVAR Y APOYAR EL CAMBIO EN TU CLIENTE","orden":"0","portada":"0","idioma":"spa","editorial":[{"ID":6179,"post_author":"3","post_date":"2022-07-28 17:46:36","post_date_gmt":"2022-07-28 15:46:36","post_content":"","post_title":"DESCLEE DE BROUWER","post_excerpt":"","post_status":"publish","comment_status":"closed","ping_status":"closed","post_password":"","post_name":"desclee-de-brouwer","to_ping":"","pinged":"","post_modified":"2022-07-28 17:46:36","post_modified_gmt":"2022-07-28 15:46:36","post_content_filtered":"","post_parent":0,"guid":"http:\/\/dev.claret.cat\/editorial\/desclee-de-brouwer\/","menu_order":0,"post_type":"editorial","post_mime_type":"","comment_count":"0","filter":"raw"}],"autores-libros":[{"ID":159703,"post_author":"3","post_date":"2022-10-14 15:47:02","post_date_gmt":"2022-10-14 13:47:02","post_content":"","post_title":"JOHN T. BLACKLEDGE","post_excerpt":"","post_status":"publish","comment_status":"closed","ping_status":"closed","post_password":"","post_name":"john-t-blackledge","to_ping":"","pinged":"","post_modified":"2022-10-14 15:47:02","post_modified_gmt":"2022-10-14 13:47:02","post_content_filtered":"","post_parent":0,"guid":"http:\/\/dev.claret.cat\/autor\/john-t-blackledge\/","menu_order":0,"post_type":"autor","post_mime_type":"","comment_count":"0","filter":"raw"}],"booktrailer":"","resenas":""},"aioseo_notices":[],"_links":{"self":[{"href":"https:\/\/www.claret.cat\/es\/wp-json\/wp\/v2\/product\/9845","targetHints":{"allow":["GET"]}}],"collection":[{"href":"https:\/\/www.claret.cat\/es\/wp-json\/wp\/v2\/product"}],"about":[{"href":"https:\/\/www.claret.cat\/es\/wp-json\/wp\/v2\/types\/product"}],"wp:featuredmedia":[{"embeddable":true,"href":"https:\/\/www.claret.cat\/es\/wp-json\/wp\/v2\/media\/347059"}],"wp:attachment":[{"href":"https:\/\/www.claret.cat\/es\/wp-json\/wp\/v2\/media?parent=9845"}],"wp:term":[{"taxonomy":"product_brand","embeddable":true,"href":"https:\/\/www.claret.cat\/es\/wp-json\/wp\/v2\/product_brand?post=9845"},{"taxonomy":"product_cat","embeddable":true,"href":"https:\/\/www.claret.cat\/es\/wp-json\/wp\/v2\/product_cat?post=9845"},{"taxonomy":"product_tag","embeddable":true,"href":"https:\/\/www.claret.cat\/es\/wp-json\/wp\/v2\/product_tag?post=9845"}],"curies":[{"name":"wp","href":"https:\/\/api.w.org\/{rel}","templated":true}]}}