{"id":98450,"date":"2022-10-12T07:25:46","date_gmt":"2022-10-12T05:25:46","guid":{"rendered":"http:\/\/dev.claret.cat\/producte\/33-virtudes-humanas-segun-leonardo-polo\/"},"modified":"2026-01-19T12:02:00","modified_gmt":"2026-01-19T11:02:00","slug":"33-virtudes-humanas-segun-leonardo-polo-9788431335045","status":"publish","type":"product","link":"https:\/\/www.claret.cat\/es\/libro\/33-virtudes-humanas-segun-leonardo-polo-9788431335045\/","title":{"rendered":"33 VIRTUDES HUMANAS SEG\u00daN LEONARDO POLO"},"content":{"rendered":"<p>En las Obras Completas de L. Polo hay alusiones constantes a la \u00edndole de la virtud. As\u00ed se lee: el concepto de virtud se puede entender desde la interpretaci\u00f3n cibern\u00e9tica de la operaci\u00f3n inmanente. El ejercicio de las operaciones inmanentes espirituales da lugar a la realimentaci\u00f3n de su principio, es decir, modifica la estructura de la facultad, perfeccion\u00e1ndola o empeor\u00e1ndola. El perfeccionamiento de la facultad como consecuencia del ejercicio de sus actos es la virtud; la imperfecci\u00f3n que sigue a un ejercicio defectuoso es el vicio. Las virtudes se llaman intelectuales si perfeccionan la inteligencia y morales si perfeccionan las tendencias?. Polo, L., La originalidad de la concepci\u00f3n cristiana de la existencia, p. 240. A la par, en el corpus poliano hay multitud de referencias a diversas virtudes, las cuales est\u00e1n unificadas, porque en tanto que la virtud consiste en el fortalecimiento de las tendencias humanas, ser\u00eda equivocado considerar las virtudes cada una por su lado. Las virtudes morales tienen que constituir, a su vez, un sistema. Hablamos de virtudes en plural porque conviene tener en cuenta la pluralidad de las tendencias. Pero la consideraci\u00f3n anal\u00edtica es insuficiente. Las virtudes est\u00e1n conectadas; si no, la intensificaci\u00f3n de la tendencialidad humana carecer\u00eda de consistencia, unas inclinaciones chocar\u00edan con otras, y ser\u00eda imposible el verdadero crecimiento. Polo, L., Qui\u00e9n es el hombre, p. 108. Teniendo en cuenta ambas tesis polianas, en este libro se estudian 33 virtudes engarzadas entre s\u00ed seg\u00fan la propuesta filos\u00f3fica de Leonardo Polo.<\/p>\n","protected":false},"excerpt":{"rendered":"<p>SELL\u00c9S DAUDER, JUAN FERNANDO<\/p>\n","protected":false},"featured_media":98451,"template":"","meta":{"_acf_changed":false,"om_disable_all_campaigns":false,"rs_blank_template":"","rs_page_bg_color":"","slide_template_v7":"","inline_featured_image":false,"_monsterinsights_skip_tracking":false,"_monsterinsights_sitenote_active":false,"_monsterinsights_sitenote_note":"","_monsterinsights_sitenote_category":0},"product_brand":[],"product_cat":[373,166],"product_tag":[],"class_list":{"0":"post-98450","1":"product","2":"type-product","3":"status-publish","4":"has-post-thumbnail","6":"product_cat-autores","7":"product_cat-autors-filosofia","9":"first","10":"instock","11":"taxable","12":"shipping-taxable","13":"purchasable","14":"product-type-simple"},"acf":{"editorial":[{"ID":6251,"post_author":"3","post_date":"2022-07-28 17:48:11","post_date_gmt":"2022-07-28 15:48:11","post_content":"","post_title":"EUNSA. EDICIONES UNIVERSIDAD DE NAVARRA","post_excerpt":"","post_status":"publish","comment_status":"closed","ping_status":"closed","post_password":"","post_name":"eunsa-ediciones-universidad-de-navarra","to_ping":"","pinged":"","post_modified":"2022-07-28 17:48:11","post_modified_gmt":"2022-07-28 15:48:11","post_content_filtered":"","post_parent":0,"guid":"http:\/\/dev.claret.cat\/editorial\/eunsa-ediciones-universidad-de-navarra\/","menu_order":0,"post_type":"editorial","post_mime_type":"","comment_count":"0","filter":"raw"}],"autor":"SELL\u00c9S DAUDER, JUAN FERNANDO","codart":"843133504","libros-coleccion":"FORA DE COL.LECCI\u00d3","ediciones":"1","encuadernacion":"R\u00fastica","fecha_de_publicacion":"01\/10\/2020","novedad":"1","paginas":"0","subtitulo":"","orden":"0","portada":"0","idioma":"spa","booktrailer":"","resenas":"","autores-libros":[{"ID":161040,"post_author":"3","post_date":"2022-10-14 15:57:55","post_date_gmt":"2022-10-14 13:57:55","post_content":"","post_title":"JUAN FERNANDO SELLES DAUDER","post_excerpt":"","post_status":"publish","comment_status":"closed","ping_status":"closed","post_password":"","post_name":"juan-fernando-selles-dauder","to_ping":"","pinged":"","post_modified":"2022-10-14 15:57:55","post_modified_gmt":"2022-10-14 13:57:55","post_content_filtered":"","post_parent":0,"guid":"http:\/\/dev.claret.cat\/autor\/juan-fernando-selles-dauder\/","menu_order":0,"post_type":"autor","post_mime_type":"","comment_count":"0","filter":"raw"}]},"aioseo_notices":[],"_links":{"self":[{"href":"https:\/\/www.claret.cat\/es\/wp-json\/wp\/v2\/product\/98450","targetHints":{"allow":["GET"]}}],"collection":[{"href":"https:\/\/www.claret.cat\/es\/wp-json\/wp\/v2\/product"}],"about":[{"href":"https:\/\/www.claret.cat\/es\/wp-json\/wp\/v2\/types\/product"}],"wp:featuredmedia":[{"embeddable":true,"href":"https:\/\/www.claret.cat\/es\/wp-json\/wp\/v2\/media\/98451"}],"wp:attachment":[{"href":"https:\/\/www.claret.cat\/es\/wp-json\/wp\/v2\/media?parent=98450"}],"wp:term":[{"taxonomy":"product_brand","embeddable":true,"href":"https:\/\/www.claret.cat\/es\/wp-json\/wp\/v2\/product_brand?post=98450"},{"taxonomy":"product_cat","embeddable":true,"href":"https:\/\/www.claret.cat\/es\/wp-json\/wp\/v2\/product_cat?post=98450"},{"taxonomy":"product_tag","embeddable":true,"href":"https:\/\/www.claret.cat\/es\/wp-json\/wp\/v2\/product_tag?post=98450"}],"curies":[{"name":"wp","href":"https:\/\/api.w.org\/{rel}","templated":true}]}}