{"id":98453,"date":"2022-10-12T07:25:48","date_gmt":"2022-10-12T05:25:48","guid":{"rendered":"http:\/\/dev.claret.cat\/producte\/la-guerra-de-los-mundos-2\/"},"modified":"2023-01-28T13:52:22","modified_gmt":"2023-01-28T12:52:22","slug":"la-guerra-de-los-mundos-9788494570988","status":"publish","type":"product","link":"https:\/\/www.claret.cat\/es\/libro\/la-guerra-de-los-mundos-9788494570988\/","title":{"rendered":"LA GUERRA DE LOS MUNDOS"},"content":{"rendered":"<p>La guerra de los mundos, obra central de uno de los padres de la ciencia ficci\u00f3n, nos invita a realizar un viaje en el tiempo hacia el coraz\u00f3n de las fantas\u00edas que, en el siglo XIX, modelaban los c\u00e1nones de terror, los avances tecnol\u00f3gicos y el choque con ese otro mundo, Marte, del que poco se sab\u00eda y todo pod\u00eda suponerse.<\/p>\n<p> Esta edici\u00f3n recupera las magn\u00edficas ilustraciones del artista Henrique Alvim Corr\u00eaa, publicadas \u00fanicamente en 1906 en una tirada limitada que dio vida a \u00abesos monstruos que ten\u00edan algo de hongo en su aceitosa piel oscura\u00bb. Asimismo, permite escuchar la emisi\u00f3n radial de Orson Welles en la que teatraliz\u00f3 la invasi\u00f3n marciana.<\/p>\n<p> La publicaci\u00f3n de esta obra, rescate de la edici\u00f3n hist\u00f3rica publicada por la editorial  L. Vandamm &amp; Co. en 1906, coincide con el 130.\u00ba aniversario del nacimiento de H. G. Wells y el 140.\u00ba aniversario del nacimiento de Alvim Corr\u00eaa.<\/p>\n","protected":false},"excerpt":{"rendered":"<p>WELLS, HERBERT GEORGE<\/p>\n","protected":false},"featured_media":98454,"template":"","meta":{"_acf_changed":false,"om_disable_all_campaigns":false,"rs_blank_template":"","rs_page_bg_color":"","slide_template_v7":"","inline_featured_image":false,"_monsterinsights_skip_tracking":false,"_monsterinsights_sitenote_active":false,"_monsterinsights_sitenote_note":"","_monsterinsights_sitenote_category":0},"product_brand":[],"product_cat":[16],"product_tag":[],"class_list":{"0":"post-98453","1":"product","2":"type-product","3":"status-publish","4":"has-post-thumbnail","6":"product_cat-sense-categoria","8":"first","9":"instock","10":"taxable","11":"shipping-taxable","12":"purchasable","13":"product-type-simple"},"acf":{"editorial":[{"ID":148435,"post_author":"3","post_date":"2022-10-14 11:58:13","post_date_gmt":"2022-10-14 09:58:13","post_content":"","post_title":"LIBROS DEL ZORRO ROJO","post_excerpt":"","post_status":"publish","comment_status":"closed","ping_status":"closed","post_password":"","post_name":"libros-del-zorro-rojo","to_ping":"","pinged":"","post_modified":"2022-10-14 11:58:13","post_modified_gmt":"2022-10-14 09:58:13","post_content_filtered":"","post_parent":0,"guid":"http:\/\/dev.claret.cat\/editorial\/libros-del-zorro-rojo\/","menu_order":0,"post_type":"editorial","post_mime_type":"","comment_count":"0","filter":"raw"}],"autor":"WELLS, HERBERT GEORGE","codart":"849457098","libros-coleccion":"FORA DE COL.LECCI\u00d3","ediciones":"1","encuadernacion":"Carton\u00e9","fecha_de_publicacion":"01\/11\/2016","novedad":"1","paginas":"208","subtitulo":"","orden":"0","portada":"0","idioma":"spa","autores-libros":[{"ID":157536,"post_author":"3","post_date":"2022-10-14 15:29:36","post_date_gmt":"2022-10-14 13:29:36","post_content":"","post_title":"HERBERT GEORGE WELLS","post_excerpt":"","post_status":"publish","comment_status":"closed","ping_status":"closed","post_password":"","post_name":"herbert-george-wells","to_ping":"","pinged":"","post_modified":"2022-10-14 15:29:36","post_modified_gmt":"2022-10-14 13:29:36","post_content_filtered":"","post_parent":0,"guid":"http:\/\/dev.claret.cat\/autor\/herbert-george-wells\/","menu_order":0,"post_type":"autor","post_mime_type":"","comment_count":"0","filter":"raw"}]},"aioseo_notices":[],"_links":{"self":[{"href":"https:\/\/www.claret.cat\/es\/wp-json\/wp\/v2\/product\/98453","targetHints":{"allow":["GET"]}}],"collection":[{"href":"https:\/\/www.claret.cat\/es\/wp-json\/wp\/v2\/product"}],"about":[{"href":"https:\/\/www.claret.cat\/es\/wp-json\/wp\/v2\/types\/product"}],"wp:featuredmedia":[{"embeddable":true,"href":"https:\/\/www.claret.cat\/es\/wp-json\/wp\/v2\/media\/98454"}],"wp:attachment":[{"href":"https:\/\/www.claret.cat\/es\/wp-json\/wp\/v2\/media?parent=98453"}],"wp:term":[{"taxonomy":"product_brand","embeddable":true,"href":"https:\/\/www.claret.cat\/es\/wp-json\/wp\/v2\/product_brand?post=98453"},{"taxonomy":"product_cat","embeddable":true,"href":"https:\/\/www.claret.cat\/es\/wp-json\/wp\/v2\/product_cat?post=98453"},{"taxonomy":"product_tag","embeddable":true,"href":"https:\/\/www.claret.cat\/es\/wp-json\/wp\/v2\/product_tag?post=98453"}],"curies":[{"name":"wp","href":"https:\/\/api.w.org\/{rel}","templated":true}]}}