{"id":984822,"date":"2024-10-09T09:30:13","date_gmt":"2024-10-09T07:30:13","guid":{"rendered":"https:\/\/www.claret.cat\/llibre\/pareja-dichosa-vida-maravillosa-9788491365464\/"},"modified":"2025-11-10T10:56:18","modified_gmt":"2025-11-10T09:56:18","slug":"pareja-dichosa-vida-maravillosa-9788491365464","status":"publish","type":"product","link":"https:\/\/www.claret.cat\/es\/libro\/pareja-dichosa-vida-maravillosa-9788491365464\/","title":{"rendered":"PAREJA DICHOSA, \u00a1VIDA MARAVILLOSA!"},"content":{"rendered":"<p>\u00bfQuieres descubrir los secretos para una relaci\u00f3n feliz y duradera?<\/p>\n<p><\/p>\n<p><strong>&#8216;Pareja dichosa, vida maravillosa&#8217;<\/strong> de <a href='https:\/\/www.editorialclaret.cat\/cataleg\/?a=46584' rel='noopener noreferrer' target='_blank'><strong>Juanjo Fern\u00e1ndez Sola<\/strong> <\/a> es la gu\u00eda definitiva para transformar tu vida en pareja.<\/p>\n<p><\/p>\n<p>A trav\u00e9s de reflexiones profundas, an\u00e9cdotas inspiradoras y 26 ejercicios ilustrados con potentes t\u00e9cnicas de <strong>visual thinking<\/strong> con este libro aprender\u00e1s cultivar virtudes esenciales como la <strong>paciencia<\/strong>, <strong>amabilidad<\/strong>, <strong>confianza<\/strong> y <strong>pasi\u00f3n<\/strong> <\/p>\n<p><\/p>\n<p>Porque cuando logras una pareja dichosa&#8230; \u00a1tu vida realmente se transforma!<\/p>\n<p><\/p>\n<p><span class='ql-size-large'>Este es un libro ideal para:<\/span><\/p>\n<ul>\n<li><strong>Matrimonios j\u00f3venes o asentados <\/strong>que buscan renovar su v\u00ednculo y fortalecer la comunicaci\u00f3n.<\/li>\n<li><strong>Parejas cristianas<\/strong> que desean vivir su relaci\u00f3n desde la fe, integrando valores evang\u00e9licos en su d\u00eda a d\u00eda.<\/li>\n<li><strong>Personas que est\u00e1n preparando su matrimonio <\/strong>y<strong> <\/strong>que quieren reflexionar sobre los fundamentos del amor duradero.<\/li>\n<li><strong>Educadores, consejeros familiares o agentes pastorales<\/strong> interesados en materiales formativos sobre la vida de pareja.<\/li>\n<li><strong>Lectores <\/strong>que, m\u00e1s all\u00e1 de la religi\u00f3n, buscan inspiraci\u00f3n para cultivar relaciones m\u00e1s amables, equilibradas y conscientes.<\/li>\n<\/ul>\n<p><\/p>\n<p><a href='https:\/\/www.claret.cat\/llibre\/la-vida-en-parella-pot-ser-una-meravella-9788491365365\/?c=' rel='noopener noreferrer' target='_blank'><strong>Disponible tambi\u00e9n en catal\u00e1n<\/strong><\/a><\/p>\n<p><\/p>\n<p><em>Este<\/em><em>&nbsp;libro ha sido imprimido con <\/em><a href='https:\/\/www.claret.cat\/es\/ecoedicion\/' rel='noopener noreferrer' target='_blank'><strong><em>papel certificado<\/em><\/strong><\/a><em> por el Forest <\/em><em>Stewardship<\/em><em>&nbsp;<\/em><em>Council<\/em><em>&nbsp;(<\/em><em>FSC)<\/em><em>, que cumple con los principios de gesti\u00f3n econ\u00f3mica, social y ambiental sostenibles.<\/em><\/p>\n","protected":false},"excerpt":{"rendered":"<p>FERN\u00c1NDEZ SOLA, JUANJO<\/p>\n","protected":false},"featured_media":1064759,"template":"","meta":{"_acf_changed":false,"om_disable_all_campaigns":false,"rs_blank_template":"","rs_page_bg_color":"","slide_template_v7":"","inline_featured_image":false,"_monsterinsights_skip_tracking":false,"_monsterinsights_sitenote_active":false,"_monsterinsights_sitenote_note":"","_monsterinsights_sitenote_category":0},"product_brand":[],"product_cat":[581,308,394,236],"product_tag":[],"class_list":{"0":"post-984822","1":"product","2":"type-product","3":"status-publish","4":"has-post-thumbnail","6":"product_cat-editorial-claret","7":"product_cat-castella","8":"product_cat-vida-cotidiana","9":"product_cat-vida-quotidiana","11":"first","12":"instock","13":"taxable","14":"shipping-taxable","15":"purchasable","16":"product-type-simple"},"acf":{"autor":"FERN\u00c1NDEZ SOLA, JUANJO","codart":"849136546","libros-coleccion":"FUERA DE COLECCI\u00d3N","ediciones":"1","encuadernacion":"R\u00fastica","fecha_de_publicacion":"22\/10\/2024","novedad":"1","paginas":"124","subtitulo":"LOS SECRETOS MILENARIOS PARA UNA RELACI\u00d3N SANA Y FELIZ","orden":"8","portada":"1","idioma":"spa","editorial":[{"ID":6158,"post_author":"3","post_date":"2022-07-28 17:46:08","post_date_gmt":"2022-07-28 15:46:08","post_content":"","post_title":"CLARET","post_excerpt":"","post_status":"publish","comment_status":"closed","ping_status":"closed","post_password":"","post_name":"claret","to_ping":"","pinged":"","post_modified":"2022-07-28 17:46:08","post_modified_gmt":"2022-07-28 15:46:08","post_content_filtered":"","post_parent":0,"guid":"http:\/\/dev.claret.cat\/editorial\/claret\/","menu_order":0,"post_type":"editorial","post_mime_type":"","comment_count":"0","filter":"raw"}],"autores-libros":[{"ID":5683,"post_author":"3","post_date":"2022-07-28 17:29:15","post_date_gmt":"2022-07-28 15:29:15","post_content":"<strong>Juanjo Fern\u00e1ndez Sola<\/strong> \u00e9s professor, escriptor i conferenciant i creador de DIBUPA (Divulgaci\u00f3 educativa amb dibuixos i paraules que ajuden). Ha fet milers de xerrades per a fam\u00edlies, escoles i empreses sobre temes educatius i motivacionals ben diversos, combinant rigor i amenitat amb l\u2019\u00fas de visual thinking.\r\n\r\nHa publicat diversos llibres amb Editorial Claret: <em><strong><a href=\"https:\/\/www.claret.cat\/llibre\/contes-del-mestre-azenyat-per-a-educadors-9788491364283\/?c=\">Contes del mestre azenyat per a educadors<\/a><\/strong>, <strong><a href=\"https:\/\/www.claret.cat\/llibre\/els-7-superpoders-de-la-felicitat-9788491364092\/?c=\">Els 7 superpoders de la felicitat<\/a>, <a href=\"https:\/\/www.editorialclaret.cat\/producte\/la-vida-en-parella-pot-ser-una-meravella-9788491365365\/?c\">La vida en parella pot ser una meravella<\/a>, <\/strong><\/em>entre d'altres.","post_title":"JUANJO FERN\u00c1NDEZ SOLA","post_excerpt":"","post_status":"publish","comment_status":"closed","ping_status":"closed","post_password":"","post_name":"juanjo-fernandez-sola","to_ping":"","pinged":"","post_modified":"2024-10-31 10:52:53","post_modified_gmt":"2024-10-31 09:52:53","post_content_filtered":"","post_parent":0,"guid":"http:\/\/dev.claret.cat\/autor\/juanjo-fernandez-sola\/","menu_order":0,"post_type":"autor","post_mime_type":"","comment_count":"0","filter":"raw"}],"booktrailer":"<iframe width=\"949\" height=\"433\" src=\"https:\/\/www.youtube.com\/embed\/ZZmMj0czldY?si=haSvRfseA9iCM1gn\" title=\"YouTube video player\" frameborder=\"0\" allow=\"accelerometer; autoplay; clipboard-write; encrypted-media; gyroscope; picture-in-picture; web-share\" referrerpolicy=\"strict-origin-when-cross-origin\" allowfullscreen><\/iframe>","linkebook":"","ficha":"849136546_1728463319.pdf","muestra":"","precioebook":"0","presentacion":"","resenas":"<p>Arquebisbat de Tarragona, 28\/10\/2024<\/p>\n<p><a href=\"https:\/\/www.arquebisbattarragona.cat\/2024\/10\/28\/tarragona-acull-la-presentacio-del-llibre-la-vida-en-parella-pot-ser-una-meravella-de-juanjo-fernandez\/\" rel=\"noopener noreferrer\" target=\"_blank\">https:\/\/www.arquebisbattarragona.cat\/2024\/10\/28\/tarragona-acull-la-presentacio-del-llibre-la-vida-en-parella-pot-ser-una-meravella-de-juanjo-fernandez\/<\/a><\/p>\n<p><\/p>\n<p>Esgl\u00e9sia Viva (Bisbat de Girona), 24\/11\/2024<\/p>\n<p><a href=\"https:\/\/www.bisbatgirona.cat\/baixades\/ev24novembre.mp3\" rel=\"noopener noreferrer\" target=\"_blank\">https:\/\/www.bisbatgirona.cat\/baixades\/ev24novembre.mp3<\/a><\/p>\n<p><\/p>\n<p>Catalunya Cristiana (castellano), 12\/01\/2025<\/p>\n<p><a href=\"https:\/\/drive.google.com\/file\/d\/1KHnad0OZnbOQc0jRt2Xa2yj_9vist_nJ\/view?usp=sharing\" rel=\"noopener noreferrer\" target=\"_blank\">https:\/\/drive.google.com\/file\/d\/1KHnad0OZnbOQc0jRt2Xa2yj_9vist_nJ\/view?usp=sharing<\/a><\/p>\n<p><\/p>\n<p>Biblioteca P\u00fablica de Sort, 25\/01\/2025<\/p>\n<p><a href=\"https:\/\/bibliosort.cat\/cronica-presentacio-vida-parella\/\" rel=\"noopener noreferrer\" target=\"_blank\">https:\/\/bibliosort.cat\/cronica-presentacio-vida-parella\/<\/a><\/p>\n<p><\/p>\n<p>Religi\u00f3n Confidencial, 29\/01\/2025<\/p>\n<p><a href=\"https:\/\/religion.elconfidencialdigital.com\/articulo\/familia\/novedoso-libro-desarrolla-trece-versos-san-pablo-amor-relacion-sana-feliz\/20250129052321051530.html\" rel=\"noopener noreferrer\" target=\"_blank\">https:\/\/religion.elconfidencialdigital.com\/articulo\/familia\/novedoso-libro-desarrolla-trece-versos-san-pablo-amor-relacion-sana-feliz\/20250129052321051530.html<\/a><\/p>\n<p><\/p>\n<p>Religi\u00f3n Digital, 04\/02\/2025<\/p>\n<p><a href=\"https:\/\/www.religiondigital.org\/libros\/Pareja-dichosa-vida-maravillosa-manual_0_2749525026.html\" rel=\"noopener noreferrer\" target=\"_blank\">https:\/\/www.religiondigital.org\/libros\/Pareja-dichosa-vida-maravillosa-manual_0_2749525026.html<\/a><\/p>\n<p><\/p>\n<p>Revista Vida Nueva, 14\/02\/2025<\/p>\n<p><a href=\"https:\/\/www.vidanuevadigital.com\/2025\/02\/14\/juanjo-fernandez-el-amor-es-la-capacidad-de-maravillarse-una-y-otra-vez\/?fbclid=IwY2xjawIcGblleHRuA2FlbQIxMAABHVwQM8DDB23uAeY5Txjup0SPzCHFaErwhul2KzC2OqzKx2pU7897ks8bcA_aem_2x4c1yabjy2HHIYwdXancQ\" rel=\"noopener noreferrer\" target=\"_blank\">https:\/\/www.vidanuevadigital.com\/2025\/02\/14\/juanjo-fernandez-el-amor-es-la-capacidad-de-maravillarse-una-y-otra-vez\/?fbclid=IwY2xjawIcGblleHRuA2FlbQIxMAABHVwQM8DDB23uAeY5Txjup0SPzCHFaErwhul2KzC2OqzKx2pU7897ks8bcA_aem_2x4c1yabjy2HHIYwdXancQ<\/a><\/p>\n","traductores-libros":"","ilustradores-libros":"","formato":"","ebookportada":false,"recomendamos":"","mas_vendido":""},"aioseo_notices":[],"_links":{"self":[{"href":"https:\/\/www.claret.cat\/es\/wp-json\/wp\/v2\/product\/984822","targetHints":{"allow":["GET"]}}],"collection":[{"href":"https:\/\/www.claret.cat\/es\/wp-json\/wp\/v2\/product"}],"about":[{"href":"https:\/\/www.claret.cat\/es\/wp-json\/wp\/v2\/types\/product"}],"wp:featuredmedia":[{"embeddable":true,"href":"https:\/\/www.claret.cat\/es\/wp-json\/wp\/v2\/media\/1064759"}],"wp:attachment":[{"href":"https:\/\/www.claret.cat\/es\/wp-json\/wp\/v2\/media?parent=984822"}],"wp:term":[{"taxonomy":"product_brand","embeddable":true,"href":"https:\/\/www.claret.cat\/es\/wp-json\/wp\/v2\/product_brand?post=984822"},{"taxonomy":"product_cat","embeddable":true,"href":"https:\/\/www.claret.cat\/es\/wp-json\/wp\/v2\/product_cat?post=984822"},{"taxonomy":"product_tag","embeddable":true,"href":"https:\/\/www.claret.cat\/es\/wp-json\/wp\/v2\/product_tag?post=984822"}],"curies":[{"name":"wp","href":"https:\/\/api.w.org\/{rel}","templated":true}]}}