{"id":984826,"date":"2024-10-09T10:25:22","date_gmt":"2024-10-09T08:25:22","guid":{"rendered":"https:\/\/www.claret.cat\/llibre\/saber-interpretar-la-segunda-lectura-de-la-misa-dominical-9788491365501\/"},"modified":"2026-03-02T17:36:09","modified_gmt":"2026-03-02T16:36:09","slug":"saber-interpretar-la-segunda-lectura-de-la-misa-dominical-9788491365501","status":"publish","type":"product","link":"https:\/\/www.claret.cat\/es\/libro\/saber-interpretar-la-segunda-lectura-de-la-misa-dominical-9788491365501\/","title":{"rendered":"SABER INTERPRETAR LA SEGUNDA LECTURA DE LA MISA DOMINICAL"},"content":{"rendered":"<p>En esta obra est\u00e1n recopilados los comentarios que hizo <strong>Mn. Josep M. Aragon\u00e8s<\/strong> de la segunda lectura de la misa del domingo.<\/p>\n<p>El objetivo es el de un <strong>mayor entendimiento<\/strong> de unos textos que \u00fanicamente escuchados pueden ser <strong>complicados de interpretar<\/strong>.<\/p>\n<p><\/p>\n<p><em>*Este&nbsp;libro ha sido imprimido con <\/em><a href='https:\/\/www.claret.cat\/es\/ecoedicion\/' rel='noopener noreferrer' target='_blank'><strong><em>papel certificado <\/em><\/strong><\/a><em>por el Forest Stewardship&nbsp;Council&nbsp;(FSC), que cumple con los principios de gesti\u00f3n econ\u00f3mica, social y ambiental sostenibles.<\/em><\/p>\n","protected":false},"excerpt":{"rendered":"<p>VENTURA ARNAN, PERE<\/p>\n","protected":false},"featured_media":1087241,"template":"","meta":{"_acf_changed":false,"om_disable_all_campaigns":false,"rs_blank_template":"","rs_page_bg_color":"","slide_template_v7":"","inline_featured_image":false,"_monsterinsights_skip_tracking":false,"_monsterinsights_sitenote_active":false,"_monsterinsights_sitenote_note":"","_monsterinsights_sitenote_category":0},"product_brand":[],"product_cat":[581,256,501],"product_tag":[],"class_list":{"0":"post-984826","1":"product","2":"type-product","3":"status-publish","4":"has-post-thumbnail","6":"product_cat-editorial-claret","7":"product_cat-homiletica","8":"product_cat-homiletica-liturgia-1_espiritualidad","10":"first","11":"instock","12":"taxable","13":"shipping-taxable","14":"purchasable","15":"product-type-simple"},"acf":{"autor":"VENTURA ARNAN, PERE","codart":"849136550","libros-coleccion":"FUERA DE COLECCI\u00d3N","ediciones":"1","encuadernacion":"R\u00fastica","fecha_de_publicacion":"22\/10\/2024","novedad":"1","paginas":"358","subtitulo":"","orden":"0","portada":"1","idioma":"spa","editorial":[{"ID":6158,"post_author":"3","post_date":"2022-07-28 17:46:08","post_date_gmt":"2022-07-28 15:46:08","post_content":"","post_title":"CLARET","post_excerpt":"","post_status":"publish","comment_status":"closed","ping_status":"closed","post_password":"","post_name":"claret","to_ping":"","pinged":"","post_modified":"2022-07-28 17:46:08","post_modified_gmt":"2022-07-28 15:46:08","post_content_filtered":"","post_parent":0,"guid":"http:\/\/dev.claret.cat\/editorial\/claret\/","menu_order":0,"post_type":"editorial","post_mime_type":"","comment_count":"0","filter":"raw"}],"autores-libros":[{"ID":380373,"post_author":"3","post_date":"2023-02-02 13:03:33","post_date_gmt":"2023-02-02 12:03:33","post_content":"<span class=\"fontstyle0\">Naci\u00f3 en Torrelavit, comarca del Alt Pened\u00e8s. Coincidi\u00f3 durante muchos a\u00f1os con Mn. Aragon\u00e8s, fue catequista y miembro del Consell Pastoral de las parroquias de Santa Maria y Sant Mar\u00e7al. Actualmente colabora en la parroquia de Santa Margarida i els Monjos.<\/span>","post_title":"PERE VENTURA ARNAN","post_excerpt":"","post_status":"publish","comment_status":"closed","ping_status":"closed","post_password":"","post_name":"pere-ventura-arnan-26","to_ping":"","pinged":"","post_modified":"2024-10-31 10:58:10","post_modified_gmt":"2024-10-31 09:58:10","post_content_filtered":"","post_parent":0,"guid":"https:\/\/www.claret.cat\/autor\/pere-ventura-arnan-26\/","menu_order":0,"post_type":"autor","post_mime_type":"","comment_count":"0","filter":"raw"}],"booktrailer":"","linkebook":"","ficha":"849136550_1728463375.pdf","muestra":"","precioebook":"0","presentacion":"","resenas":"<p>Catalunya Religio, 28\/10\/2024<\/p>\n<p><a href=\"https:\/\/www.catalunyareligio.cat\/ca\/blog\/llibres-recomanats\/saber-interpretar-segunda-lectura-misa-dominical-316177\" rel=\"noopener noreferrer\" target=\"_blank\">https:\/\/www.catalunyareligio.cat\/ca\/blog\/llibres-recomanats\/saber-interpretar-segunda-lectura-misa-dominical-316177<\/a><\/p>\n","traductores-libros":"","ilustradores-libros":"","formato":"","ebookportada":false,"recomendamos":"","mas_vendido":""},"aioseo_notices":[],"_links":{"self":[{"href":"https:\/\/www.claret.cat\/es\/wp-json\/wp\/v2\/product\/984826","targetHints":{"allow":["GET"]}}],"collection":[{"href":"https:\/\/www.claret.cat\/es\/wp-json\/wp\/v2\/product"}],"about":[{"href":"https:\/\/www.claret.cat\/es\/wp-json\/wp\/v2\/types\/product"}],"wp:featuredmedia":[{"embeddable":true,"href":"https:\/\/www.claret.cat\/es\/wp-json\/wp\/v2\/media\/1087241"}],"wp:attachment":[{"href":"https:\/\/www.claret.cat\/es\/wp-json\/wp\/v2\/media?parent=984826"}],"wp:term":[{"taxonomy":"product_brand","embeddable":true,"href":"https:\/\/www.claret.cat\/es\/wp-json\/wp\/v2\/product_brand?post=984826"},{"taxonomy":"product_cat","embeddable":true,"href":"https:\/\/www.claret.cat\/es\/wp-json\/wp\/v2\/product_cat?post=984826"},{"taxonomy":"product_tag","embeddable":true,"href":"https:\/\/www.claret.cat\/es\/wp-json\/wp\/v2\/product_tag?post=984826"}],"curies":[{"name":"wp","href":"https:\/\/api.w.org\/{rel}","templated":true}]}}