{"id":98486,"date":"2022-10-12T07:26:17","date_gmt":"2022-10-12T05:26:17","guid":{"rendered":"http:\/\/dev.claret.cat\/producte\/no-escriure-la-teva-historia\/"},"modified":"2024-02-05T14:22:40","modified_gmt":"2024-02-05T13:22:40","slug":"no-escriure-la-teva-historia-9788417879679","status":"publish","type":"product","link":"https:\/\/www.claret.cat\/es\/libro\/no-escriure-la-teva-historia-9788417879679\/","title":{"rendered":"NO ESCRIUR\u00c9 LA TEVA HIST\u00d2RIA"},"content":{"rendered":"<p>Quan en Dylan recupera el coneixement a la vora d&#8221;una carretera del desert californi\u00e0, despr\u00e9s d&#8221;un accident de moto, no sap qu\u00e8 li ha passat, ni per qu\u00e8 va descal\u00e7 ni on \u00e9s la Sarah, la noia que anava amb ell. Tampoc sospita que les respostes a aquestes preguntes tenen l&#8221;origen gaireb\u00e9 cent anys enrere, en una granja d&#8221;Oklahoma&#8230; No escriur\u00e9 la teva hist\u00f2ria abra\u00e7a tres generacions de la fam\u00edlia Pont, des dels anys vint del segle passat fins a poc abans de la crisi del coronavirus, i els conflictes i les circumst\u00e0ncies dram\u00e0tiques que els toca viure, que marquen, en l&#8221;actualitat, el retrobament tens i el\u00e8ctric entre l&#8221;\u00faltim descendent, en Dylan, i la seva mare.\u00a0<br \/> L&#8221;esperada quarta novel\u00b7la de Laia F\u00e0bregas ens transporta a una Am\u00e8rica desconeguda i ins\u00f2lita, en bona part a la ribera de l&#8221;immens i enigm\u00e0tic llac interior de Calif\u00f2rnia, el Salton Sea: inexistent a comen\u00e7ament de segle vint, un parad\u00eds al desert als anys seixanta i avui un lloc gaireb\u00e9 apocal\u00edptic. I ens narra dos viatges oposats, el dels Pont des d&#8221;Oklahoma fins a Calif\u00f2rnia buscant un futur i el d&#8221;en Dylan cap al seu passat, per descobrir qui \u00e9s. Dos viatges que col\u00b7lideixen en la hist\u00f2ria dram\u00e0tica d&#8221;una dona complexa i singular, la inoblidable Patsy Pont.<\/p>\n","protected":false},"excerpt":{"rendered":"<p>F\u00c0BREGAS FERR\u00daS, LAIA<\/p>\n","protected":false},"featured_media":98487,"template":"","meta":{"_acf_changed":false,"om_disable_all_campaigns":false,"rs_blank_template":"","rs_page_bg_color":"","slide_template_v7":"","inline_featured_image":false,"_monsterinsights_skip_tracking":false,"_monsterinsights_sitenote_active":false,"_monsterinsights_sitenote_note":"","_monsterinsights_sitenote_category":0},"product_brand":[],"product_cat":[127,357],"product_tag":[],"class_list":{"0":"post-98486","1":"product","2":"type-product","3":"status-publish","4":"has-post-thumbnail","6":"product_cat-novella-contemporania","7":"product_cat-novela-contemporanea","9":"first","10":"instock","11":"taxable","12":"shipping-taxable","13":"purchasable","14":"product-type-simple"},"acf":{"editorial":[{"ID":6223,"post_author":"3","post_date":"2022-07-28 17:47:32","post_date_gmt":"2022-07-28 15:47:32","post_content":"","post_title":"EDITORIAL EMP\u00daRIES","post_excerpt":"","post_status":"publish","comment_status":"closed","ping_status":"closed","post_password":"","post_name":"editorial-empuries","to_ping":"","pinged":"","post_modified":"2022-07-28 17:47:32","post_modified_gmt":"2022-07-28 15:47:32","post_content_filtered":"","post_parent":0,"guid":"http:\/\/dev.claret.cat\/editorial\/editorial-empuries\/","menu_order":0,"post_type":"editorial","post_mime_type":"","comment_count":"0","filter":"raw"}],"autor":"F\u00c0BREGAS FERR\u00daS, LAIA","codart":"841787967","libros-coleccion":"EMP\u00daRIES NARRATIVA","ediciones":"1","encuadernacion":"R\u00fastica","fecha_de_publicacion":"01\/01\/2021","novedad":"1","paginas":"276","subtitulo":"","orden":"0","portada":"0","idioma":"cat","autores-libros":[{"ID":161833,"post_author":"3","post_date":"2022-10-14 17:26:14","post_date_gmt":"2022-10-14 15:26:14","post_content":"","post_title":"LAIA F\u00c0BREGAS FERR\u00daS","post_excerpt":"","post_status":"publish","comment_status":"closed","ping_status":"closed","post_password":"","post_name":"laia-fabregas-ferrus","to_ping":"","pinged":"","post_modified":"2022-10-14 17:26:14","post_modified_gmt":"2022-10-14 15:26:14","post_content_filtered":"","post_parent":0,"guid":"http:\/\/dev.claret.cat\/autor\/laia-fabregas-ferrus\/","menu_order":0,"post_type":"autor","post_mime_type":"","comment_count":"0","filter":"raw"}]},"aioseo_notices":[],"_links":{"self":[{"href":"https:\/\/www.claret.cat\/es\/wp-json\/wp\/v2\/product\/98486","targetHints":{"allow":["GET"]}}],"collection":[{"href":"https:\/\/www.claret.cat\/es\/wp-json\/wp\/v2\/product"}],"about":[{"href":"https:\/\/www.claret.cat\/es\/wp-json\/wp\/v2\/types\/product"}],"wp:featuredmedia":[{"embeddable":true,"href":"https:\/\/www.claret.cat\/es\/wp-json\/wp\/v2\/media\/98487"}],"wp:attachment":[{"href":"https:\/\/www.claret.cat\/es\/wp-json\/wp\/v2\/media?parent=98486"}],"wp:term":[{"taxonomy":"product_brand","embeddable":true,"href":"https:\/\/www.claret.cat\/es\/wp-json\/wp\/v2\/product_brand?post=98486"},{"taxonomy":"product_cat","embeddable":true,"href":"https:\/\/www.claret.cat\/es\/wp-json\/wp\/v2\/product_cat?post=98486"},{"taxonomy":"product_tag","embeddable":true,"href":"https:\/\/www.claret.cat\/es\/wp-json\/wp\/v2\/product_tag?post=98486"}],"curies":[{"name":"wp","href":"https:\/\/api.w.org\/{rel}","templated":true}]}}