{"id":984935,"date":"2024-10-09T12:55:35","date_gmt":"2024-10-09T10:55:35","guid":{"rendered":"https:\/\/www.claret.cat\/llibre\/carta-8-sobre-el-espiritu-de-servicio-a-la-iglesia-9788432168420\/"},"modified":"2024-10-09T13:12:38","modified_gmt":"2024-10-09T11:12:38","slug":"carta-8-sobre-el-espiritu-de-servicio-a-la-iglesia-9788432168420","status":"publish","type":"product","link":"https:\/\/www.claret.cat\/es\/libro\/carta-8-sobre-el-espiritu-de-servicio-a-la-iglesia-9788432168420\/","title":{"rendered":"CARTA 8. SOBRE EL ESP\u00cdRITU DE SERVICIO A LA IGLESIA"},"content":{"rendered":"<p>La libertad y el esp\u00edritu de servicio son los dos aspectos clave que Josemar\u00eda Escriv\u00e1 de Balaguer subraya en esta Carta.<\/p>\n<p>El texto de esta Carta de Josemar\u00eda Escriv\u00e1 de Balaguer se centra en el \u00abesp\u00edritu de servicio que debe informar a toda iniciativa eclesial, especialmente si se ejercita desde una perspectiva secular. Su tono no es el de un tratado, sino el de una conversaci\u00f3n familiar, en donde las ideas van fluyendo sin un orden r\u00edgido\u00bb (Nota de Luis Cano).<\/p>\n","protected":false},"excerpt":{"rendered":"<p>ESCRIV\u00c1 DE BALAGUER, JOSEMAR\u00cdA<\/p>\n","protected":false},"featured_media":984936,"template":"","meta":{"_acf_changed":false,"om_disable_all_campaigns":false,"rs_blank_template":"","rs_page_bg_color":"","slide_template_v7":"","inline_featured_image":false,"_monsterinsights_skip_tracking":false,"_monsterinsights_sitenote_active":false,"_monsterinsights_sitenote_note":"","_monsterinsights_sitenote_category":0},"product_brand":[],"product_cat":[92,542],"product_tag":[],"class_list":{"0":"post-984935","1":"product","2":"type-product","3":"status-publish","4":"has-post-thumbnail","6":"product_cat-vida-religiosa","7":"product_cat-vida-religiosa-1_espiritualidad-spa","9":"first","10":"instock","11":"taxable","12":"shipping-taxable","13":"purchasable","14":"product-type-simple"},"acf":{"autor":"ESCRIV\u00c1 DE BALAGUER, JOSEMAR\u00cdA","codart":"843216842","libros-coleccion":"LIBROS DE JOSEMAR\u00cdA ESCRIV\u00c1 DE BALAGUER","ediciones":"1","encuadernacion":"R\u00fastica","fecha_de_publicacion":"08\/10\/2024","novedad":"1","paginas":"80","subtitulo":"LEGITIMA HOMINUM","orden":"0","portada":"0","idioma":"spa","editorial":[{"ID":6348,"post_author":"3","post_date":"2022-07-28 17:50:16","post_date_gmt":"2022-07-28 15:50:16","post_content":"","post_title":"Rialp","post_excerpt":"","post_status":"publish","comment_status":"closed","ping_status":"closed","post_password":"","post_name":"rialp","to_ping":"","pinged":"","post_modified":"2022-07-28 17:50:16","post_modified_gmt":"2022-07-28 15:50:16","post_content_filtered":"","post_parent":0,"guid":"http:\/\/dev.claret.cat\/editorial\/rialp\/","menu_order":0,"post_type":"editorial","post_mime_type":"","comment_count":"0","filter":"raw"}]},"aioseo_notices":[],"_links":{"self":[{"href":"https:\/\/www.claret.cat\/es\/wp-json\/wp\/v2\/product\/984935","targetHints":{"allow":["GET"]}}],"collection":[{"href":"https:\/\/www.claret.cat\/es\/wp-json\/wp\/v2\/product"}],"about":[{"href":"https:\/\/www.claret.cat\/es\/wp-json\/wp\/v2\/types\/product"}],"wp:featuredmedia":[{"embeddable":true,"href":"https:\/\/www.claret.cat\/es\/wp-json\/wp\/v2\/media\/984936"}],"wp:attachment":[{"href":"https:\/\/www.claret.cat\/es\/wp-json\/wp\/v2\/media?parent=984935"}],"wp:term":[{"taxonomy":"product_brand","embeddable":true,"href":"https:\/\/www.claret.cat\/es\/wp-json\/wp\/v2\/product_brand?post=984935"},{"taxonomy":"product_cat","embeddable":true,"href":"https:\/\/www.claret.cat\/es\/wp-json\/wp\/v2\/product_cat?post=984935"},{"taxonomy":"product_tag","embeddable":true,"href":"https:\/\/www.claret.cat\/es\/wp-json\/wp\/v2\/product_tag?post=984935"}],"curies":[{"name":"wp","href":"https:\/\/api.w.org\/{rel}","templated":true}]}}