{"id":985144,"date":"2024-10-09T17:15:20","date_gmt":"2024-10-09T15:15:20","guid":{"rendered":"https:\/\/www.claret.cat\/llibre\/flos-sanctorum-o-vides-dels-sants-pares-volum-iii1-9788491913368\/"},"modified":"2025-06-18T12:00:29","modified_gmt":"2025-06-18T10:00:29","slug":"flos-sanctorum-o-vides-dels-sants-pares-volum-iii1-9788491913368","status":"publish","type":"product","link":"https:\/\/www.claret.cat\/es\/libro\/flos-sanctorum-o-vides-dels-sants-pares-volum-iii1-9788491913368\/","title":{"rendered":"| FLOS SANCTORUM O VIDES DELS SANTS PARES. VOLUM III-1"},"content":{"rendered":"<p><span>La Legenda aurea \u00e9s una col\u00b7lecci\u00f3 de vides de sants i festivitats eclesi\u00e0stiques compilada pel frare dominic Jacobus de Voragine en el segle XIII. Va circular per tot Europa en milers de c\u00f2pies manuscrites i va ser tradu\u00efda en diferents lleng\u00fces. La traducci\u00f3 catalana es conserva en diversos manuscrits datats entre la fi del segle XIII i el XV i en diverses edicions del segle XVI. El c\u00f2dex N-III-5 conservat a El Escorial \u00e9s el m\u00e9s antic d&#8217;una de les dues branques de la traducci\u00f3.<\/span><\/p>\n<p><span>Aquest volum inclou vides de sants de diferents estaments socials, com ara cavallers (sant Maurici, sant Eustaqui, sant Mart\u00ed), prostitutes (santa Pel\u00e0gia, santa Ta\u00eds), fil\u00f2sofs (sant Dion\u00eds) o papes (sant Calixt i sant Climent). Cont\u00e9 tamb\u00e9 les vides dels evangelistes sant Mateu, sant Lluc, sant Sim\u00f3 i sant Judes i de figures importants per a l&#8217;Esgl\u00e9sia cat\u00f2lica com la de l&#8217;arc\u00e0ngel sant Miquel, la de sant Jeroni i sant Francesc, fundador de l&#8217;orde francisc\u00e0, a m\u00e9s de la santa \u00darsula, santa Cec\u00edlia i santa Caterina, sense oblidar els cap\u00edtols dedicats a la festivitat de Tots Sants i a les \u00c0nimes difuntes. Aix\u00ed mateix, hi afig vides que Voragine no compil\u00e0 en la seua obra, per\u00f2 de gran tradici\u00f3 en la cultura catalana, com les de santa Tecla, patrona de Tarragona, o sant Narc\u00eds de Girona, a m\u00e9s d&#8217;un cap\u00edtol dedicat al trasllat de les rel\u00edquies de santa Eul\u00e0lia de Barcelona.<\/span><\/p>\n","protected":false},"excerpt":{"rendered":"<p>GARCIA SEMPERE; MAS I MIRALLES; PERUJO MELGAR<\/p>\n","protected":false},"featured_media":985145,"template":"","meta":{"_acf_changed":false,"om_disable_all_campaigns":false,"rs_blank_template":"","rs_page_bg_color":"","slide_template_v7":"","inline_featured_image":false,"_monsterinsights_skip_tracking":false,"_monsterinsights_sitenote_active":false,"_monsterinsights_sitenote_note":"","_monsterinsights_sitenote_category":0},"product_brand":[],"product_cat":[95,545],"product_tag":[],"class_list":{"0":"post-985144","1":"product","2":"type-product","3":"status-publish","4":"has-post-thumbnail","6":"product_cat-santoral","7":"product_cat-santoral-1_espiritualidad-spa","9":"first","10":"instock","11":"taxable","12":"shipping-taxable","13":"purchasable","14":"product-type-simple"},"acf":{"autor":"GARCIA SEMPERE; MAS I MIRALLES; PERUJO MELGAR","codart":"849191336","libros-coleccion":"Textos i Estudis de Cultura Catalana","ediciones":"1","encuadernacion":"R\u00fastica","fecha_de_publicacion":"09\/10\/2024","novedad":"1","paginas":"288","subtitulo":"LEGENDA AUREA EN CATAL\u00c0 - VOLUM III-1 ","orden":"0","portada":"1","idioma":"cat","editorial":[{"ID":8266,"post_author":"3","post_date":"2022-09-30 09:21:36","post_date_gmt":"2022-09-30 07:21:36","post_content":"","post_title":"PUBLICACIONS DE L'ABADIA DE MONTSERRAT","post_excerpt":"","post_status":"publish","comment_status":"closed","ping_status":"closed","post_password":"","post_name":"publicacions-de-labadia-de-montserrat-5","to_ping":"","pinged":"","post_modified":"2022-09-30 09:21:36","post_modified_gmt":"2022-09-30 07:21:36","post_content_filtered":"","post_parent":0,"guid":"http:\/\/dev.claret.cat\/editorial\/publicacions-de-labadia-de-montserrat-5\/","menu_order":0,"post_type":"editorial","post_mime_type":"","comment_count":"0","filter":"raw"}],"booktrailer":"","resenas":""},"aioseo_notices":[],"_links":{"self":[{"href":"https:\/\/www.claret.cat\/es\/wp-json\/wp\/v2\/product\/985144","targetHints":{"allow":["GET"]}}],"collection":[{"href":"https:\/\/www.claret.cat\/es\/wp-json\/wp\/v2\/product"}],"about":[{"href":"https:\/\/www.claret.cat\/es\/wp-json\/wp\/v2\/types\/product"}],"wp:featuredmedia":[{"embeddable":true,"href":"https:\/\/www.claret.cat\/es\/wp-json\/wp\/v2\/media\/985145"}],"wp:attachment":[{"href":"https:\/\/www.claret.cat\/es\/wp-json\/wp\/v2\/media?parent=985144"}],"wp:term":[{"taxonomy":"product_brand","embeddable":true,"href":"https:\/\/www.claret.cat\/es\/wp-json\/wp\/v2\/product_brand?post=985144"},{"taxonomy":"product_cat","embeddable":true,"href":"https:\/\/www.claret.cat\/es\/wp-json\/wp\/v2\/product_cat?post=985144"},{"taxonomy":"product_tag","embeddable":true,"href":"https:\/\/www.claret.cat\/es\/wp-json\/wp\/v2\/product_tag?post=985144"}],"curies":[{"name":"wp","href":"https:\/\/api.w.org\/{rel}","templated":true}]}}