{"id":9854,"date":"2022-09-30T19:44:54","date_gmt":"2022-09-30T17:44:54","guid":{"rendered":"http:\/\/dev.claret.cat\/producte\/mujeres-que-aman\/"},"modified":"2025-09-19T17:43:49","modified_gmt":"2025-09-19T15:43:49","slug":"mujeres-que-aman-9788433030122","status":"publish","type":"product","link":"https:\/\/www.claret.cat\/es\/libro\/mujeres-que-aman-9788433030122\/","title":{"rendered":"MUJERES QUE AMAN"},"content":{"rendered":"<p>\u00bfQu\u00e9 dicen las mujeres del amor? \u00bfC\u00f3mo aman y c\u00f3mo les gustar\u00eda amar? \u00bfQu\u00e9 les hace sufrir a hombres y mujeres mientras construyen su relaci\u00f3n? De eso va este libro, del amor, pero enmarcado en un contexto, el de la sociedad actual, te\u00f3ricamente avanzada, pero en la que a\u00fan persiste la discriminaci\u00f3n de las mujeres, a veces escondida, otras tan evidente como la violenta manera de tratar a las mujeres poniendo como excusa el amor.Penetrar en los significados del amor, a la b\u00fasqueda del amor libre, es el contenido central de la obra. Se trata de escudri\u00f1ar en los sentimientos que envuelven al amor y a veces lo aprisionan hasta ahogarlo. Se trata de discernir sobre el amor y la libertad en las relaciones. Y todo ello hacerlo en clave feminista, desde un feminismo entendido como justicia, \u00e9ticamente exigente, en el que no todo vale hablando de g\u00e9nero.<br \/> Rosa Mar\u00eda Belda es en la actualidad m\u00e9dico de familia y profesora colaboradora del Centro de Humanizaci\u00f3n de la Salud de los Religiosos Camilos. Coordina el Centro de Escucha San Camilo de Ciudad Real, participa en el Grupo de Mujeres y Teolog\u00eda de Ciudad Real y desarrolla tareas de voluntariado en C\u00e1ritas, instituci\u00f3n en la que ha desempe\u00f1ado tareas de direcci\u00f3n durante 15 a\u00f1os. Es m\u00e1ster en bio\u00e9tica. Ha publicado entre otros: Mujeres, gritos de sed, semillas de esperanza; Gesti\u00f3n con Coraz\u00f3n y Toma de Decisiones, del proceso interior a la pr\u00e1ctica \u00e9tica.<\/p>\n","protected":false},"excerpt":{"rendered":"<p>BELDA, ROSA MAR\u00cdA<\/p>\n","protected":false},"featured_media":347065,"template":"","meta":{"_acf_changed":false,"om_disable_all_campaigns":false,"rs_blank_template":"","rs_page_bg_color":"","slide_template_v7":"","inline_featured_image":false,"_monsterinsights_skip_tracking":false,"_monsterinsights_sitenote_active":false,"_monsterinsights_sitenote_note":"","_monsterinsights_sitenote_category":0},"product_brand":[],"product_cat":[81,347],"product_tag":[],"class_list":{"0":"post-9854","1":"product","2":"type-product","3":"status-publish","4":"has-post-thumbnail","6":"product_cat-psicologia","7":"product_cat-psicologia-2_humanidades","9":"first","10":"instock","11":"taxable","12":"shipping-taxable","13":"purchasable","14":"product-type-simple"},"acf":{"autor":"BELDA, ROSA MAR\u00cdA","codart":"843303012","libros-coleccion":"A los cuatro vientos","ediciones":"1","encuadernacion":"R\u00fastica","fecha_de_publicacion":"26\/11\/2018","novedad":"1","paginas":"176","subtitulo":"SUSURROS FEMINISTAS SOBRE EL AMOR Y EL DESAMOR","orden":"0","portada":"0","idioma":"spa","editorial":[{"ID":6179,"post_author":"3","post_date":"2022-07-28 17:46:36","post_date_gmt":"2022-07-28 15:46:36","post_content":"","post_title":"DESCLEE DE BROUWER","post_excerpt":"","post_status":"publish","comment_status":"closed","ping_status":"closed","post_password":"","post_name":"desclee-de-brouwer","to_ping":"","pinged":"","post_modified":"2022-07-28 17:46:36","post_modified_gmt":"2022-07-28 15:46:36","post_content_filtered":"","post_parent":0,"guid":"http:\/\/dev.claret.cat\/editorial\/desclee-de-brouwer\/","menu_order":0,"post_type":"editorial","post_mime_type":"","comment_count":"0","filter":"raw"}],"autores-libros":[{"ID":168502,"post_author":"3","post_date":"2022-10-14 22:19:38","post_date_gmt":"2022-10-14 20:19:38","post_content":"","post_title":"ROSA MAR\u00cdA BELDA","post_excerpt":"","post_status":"publish","comment_status":"closed","ping_status":"closed","post_password":"","post_name":"rosa-maria-belda","to_ping":"","pinged":"","post_modified":"2022-10-14 22:19:38","post_modified_gmt":"2022-10-14 20:19:38","post_content_filtered":"","post_parent":0,"guid":"http:\/\/dev.claret.cat\/autor\/rosa-maria-belda\/","menu_order":0,"post_type":"autor","post_mime_type":"","comment_count":"0","filter":"raw"}],"booktrailer":"","resenas":""},"aioseo_notices":[],"_links":{"self":[{"href":"https:\/\/www.claret.cat\/es\/wp-json\/wp\/v2\/product\/9854","targetHints":{"allow":["GET"]}}],"collection":[{"href":"https:\/\/www.claret.cat\/es\/wp-json\/wp\/v2\/product"}],"about":[{"href":"https:\/\/www.claret.cat\/es\/wp-json\/wp\/v2\/types\/product"}],"wp:featuredmedia":[{"embeddable":true,"href":"https:\/\/www.claret.cat\/es\/wp-json\/wp\/v2\/media\/347065"}],"wp:attachment":[{"href":"https:\/\/www.claret.cat\/es\/wp-json\/wp\/v2\/media?parent=9854"}],"wp:term":[{"taxonomy":"product_brand","embeddable":true,"href":"https:\/\/www.claret.cat\/es\/wp-json\/wp\/v2\/product_brand?post=9854"},{"taxonomy":"product_cat","embeddable":true,"href":"https:\/\/www.claret.cat\/es\/wp-json\/wp\/v2\/product_cat?post=9854"},{"taxonomy":"product_tag","embeddable":true,"href":"https:\/\/www.claret.cat\/es\/wp-json\/wp\/v2\/product_tag?post=9854"}],"curies":[{"name":"wp","href":"https:\/\/api.w.org\/{rel}","templated":true}]}}