{"id":98553,"date":"2022-10-12T07:27:13","date_gmt":"2022-10-12T05:27:13","guid":{"rendered":"http:\/\/dev.claret.cat\/producte\/aprendices-al-tun-tun-magos-del-humor-27\/"},"modified":"2023-01-28T04:58:29","modified_gmt":"2023-01-28T03:58:29","slug":"aprendices-al-tun-tun-magos-del-humor-27","status":"publish","type":"product","link":"https:\/\/www.claret.cat\/es\/libro\/aprendices-al-tun-tun-magos-del-humor-27\/","title":{"rendered":"APRENDICES AL TUN TUN (MAGOS DEL HUMOR 27)"},"content":{"rendered":"<p>N\u00famero 27 de la colecci\u00f3n \u00abMagos del Humor\u00bb.  \u00a1Zipi y Zape, aprendices de todo! Edici\u00f3n de las historias largas de Zipi y Zape, en \u00abMagos del humor\u00bb,  con nuevo dise\u00f1o de cubiertas, nuevo logotipo, rotulaci\u00f3n y revisi\u00f3n de estilo. Al ver que Zipi y Zape suspenden en todas las asignaturas, don Pantuflo  se desespera y les manda a aprender los oficios de barbero, camarero,  pe\u00f3n de alba\u00f1il, agricultor, dependiente de grandes almacenes, pintor,  electricista, fot\u00f3grafo, bombero y fontanero. Pero, aunque su intenci\u00f3n  siempre es buena, les puede su car\u00e1cter travieso e inconformista, por lo que todos sus esfuerzos acaban en desastre. Una divertid\u00edsima aventura de los gemelos m\u00e1s populares del c\u00f3mic espa\u00f1ol.  Sobre la colecci\u00f3n:<br \/>La colecci\u00f3n \u00abMagos del Humor\u00bb naci\u00f3 en la editorial Bruguera en el a\u00f1o 1984 recuperando t\u00edtulos que ya hab\u00edan sido publicados en  su antecesora \u00abAses del Humor\u00bb (1969). Debido al cierre de Bruguera en  1986, en esta etapa solo llegaron a ver la luz los primeros 12 vol\u00famenes de la serie, pero en 1987 Ediciones B retom\u00f3 la publicaci\u00f3n de la  colecci\u00f3n desde su primer n\u00famero hasta la actualidad.  \u00abMagos del Humor\u00bb, con su formato coleccionista en tapa dura de 210 x  290 mm, es la colecci\u00f3n en la que aparecen por primera vez las aventuras in\u00e9ditas de Mortadelo y Filem\u00f3n y de Superl\u00f3pez, aunque  tambi\u00e9n puede encontrarse material de grandes personajes de Bruguera como Zipi y Zape de Escobar, 13, Ruedel Percebe, Pepe Gotera y  Otilio, El botones Sacarino, La familia Trapisonda y Rompetechos de Ib\u00e1\u00f1ez, Los cuentos de t\u00edo V\u00e1zquez o La familia Cebolleta  de Manuel V\u00e1zquez, entre otros.<\/p>\n","protected":false},"excerpt":{"rendered":"<p>ESCOBAR, JOSEP<\/p>\n","protected":false},"featured_media":98554,"template":"","meta":{"_acf_changed":false,"om_disable_all_campaigns":false,"rs_blank_template":"","rs_page_bg_color":"","slide_template_v7":"","inline_featured_image":false,"_monsterinsights_skip_tracking":false,"_monsterinsights_sitenote_active":false,"_monsterinsights_sitenote_note":"","_monsterinsights_sitenote_category":0},"product_brand":[],"product_cat":[108,114],"product_tag":[],"class_list":{"0":"post-98553","1":"product","2":"type-product","3":"status-publish","4":"has-post-thumbnail","6":"product_cat-comic","7":"product_cat-humor-grafic","9":"first","10":"instock","11":"taxable","12":"shipping-taxable","13":"purchasable","14":"product-type-simple"},"acf":{"editorial":[{"ID":147571,"post_author":"3","post_date":"2022-10-14 11:51:35","post_date_gmt":"2022-10-14 09:51:35","post_content":"","post_title":"Bruguera (Ediciones B)","post_excerpt":"","post_status":"publish","comment_status":"closed","ping_status":"closed","post_password":"","post_name":"bruguera-ediciones-b","to_ping":"","pinged":"","post_modified":"2022-10-14 11:51:35","post_modified_gmt":"2022-10-14 09:51:35","post_content_filtered":"","post_parent":0,"guid":"http:\/\/dev.claret.cat\/editorial\/bruguera-ediciones-b\/","menu_order":0,"post_type":"editorial","post_mime_type":"","comment_count":"0","filter":"raw"}],"autores-libros":[{"ID":160663,"post_author":"3","post_date":"2022-10-14 15:54:53","post_date_gmt":"2022-10-14 13:54:53","post_content":"","post_title":"JOSEP ESCOBAR","post_excerpt":"","post_status":"publish","comment_status":"closed","ping_status":"closed","post_password":"","post_name":"josep-escobar","to_ping":"","pinged":"","post_modified":"2022-10-14 15:54:53","post_modified_gmt":"2022-10-14 13:54:53","post_content_filtered":"","post_parent":0,"guid":"http:\/\/dev.claret.cat\/autor\/josep-escobar\/","menu_order":0,"post_type":"autor","post_mime_type":"","comment_count":"0","filter":"raw"}],"autor":"ESCOBAR, JOSEP","codart":"840242363","libros-coleccion":"MAGOS DEL HUMOR","ediciones":"1","encuadernacion":"Carton\u00e9","fecha_de_publicacion":"01\/01\/2021","novedad":"1","paginas":"48","subtitulo":"","orden":"0","portada":"0","idioma":"spa"},"aioseo_notices":[],"_links":{"self":[{"href":"https:\/\/www.claret.cat\/es\/wp-json\/wp\/v2\/product\/98553","targetHints":{"allow":["GET"]}}],"collection":[{"href":"https:\/\/www.claret.cat\/es\/wp-json\/wp\/v2\/product"}],"about":[{"href":"https:\/\/www.claret.cat\/es\/wp-json\/wp\/v2\/types\/product"}],"wp:featuredmedia":[{"embeddable":true,"href":"https:\/\/www.claret.cat\/es\/wp-json\/wp\/v2\/media\/98554"}],"wp:attachment":[{"href":"https:\/\/www.claret.cat\/es\/wp-json\/wp\/v2\/media?parent=98553"}],"wp:term":[{"taxonomy":"product_brand","embeddable":true,"href":"https:\/\/www.claret.cat\/es\/wp-json\/wp\/v2\/product_brand?post=98553"},{"taxonomy":"product_cat","embeddable":true,"href":"https:\/\/www.claret.cat\/es\/wp-json\/wp\/v2\/product_cat?post=98553"},{"taxonomy":"product_tag","embeddable":true,"href":"https:\/\/www.claret.cat\/es\/wp-json\/wp\/v2\/product_tag?post=98553"}],"curies":[{"name":"wp","href":"https:\/\/api.w.org\/{rel}","templated":true}]}}