{"id":98562,"date":"2022-10-12T07:27:21","date_gmt":"2022-10-12T05:27:21","guid":{"rendered":"http:\/\/dev.claret.cat\/producte\/el-jardin-secreto-3\/"},"modified":"2025-01-07T19:00:23","modified_gmt":"2025-01-07T18:00:23","slug":"el-jardin-secreto-9788420440026","status":"publish","type":"product","link":"https:\/\/www.claret.cat\/es\/libro\/el-jardin-secreto-9788420440026\/","title":{"rendered":"EL JARD\u00cdN SECRETO"},"content":{"rendered":"<p>El libro de la nueva adaptaci\u00f3n al cine de Jack Thorne, guionista de la obra de teatro Harry Potter y el legado maldito. CL\u00c1SICOS INOLVIDABLES PARA DISFRUTAR, COMPARTIR Y DEJAR VOLAR LA IMAGINACI\u00d3N Mary Lennox es una ni\u00f1a inglesa que vive con sus padres en la India.  Est\u00e1 muy consentida y acostumbrada a que sus criados hagan todo lo que  quiere. Cuando de un d\u00eda para otro se queda hu\u00e9rfana, debe irse a vivir con su t\u00edo a Inglaterra. Mary se encontrar\u00e1 all\u00ed con una misteriosa mansi\u00f3n, con m\u00e1s de cien  habitaciones e innumerables secretos, y vivir\u00e1 una aventura en la que  descubrir\u00e1 qu\u00e9 es la amistad. Junto a sus nuevos amigos, Dickon y Colin, tratar\u00e1 de resucitar uno de sus jardines. Una oda a la amistad y al amor, y un cl\u00e1sico juvenil en el que la naturaleza cobra vida.<\/p>\n","protected":false},"excerpt":{"rendered":"<p>HODGSON BURNETT, FRANCES<\/p>\n","protected":false},"featured_media":997711,"template":"","meta":{"_acf_changed":false,"om_disable_all_campaigns":false,"rs_blank_template":"","rs_page_bg_color":"","slide_template_v7":"","inline_featured_image":false,"_monsterinsights_skip_tracking":false,"_monsterinsights_sitenote_active":false,"_monsterinsights_sitenote_note":"","_monsterinsights_sitenote_category":0},"product_brand":[],"product_cat":[133,354,123,117,566,363],"product_tag":[],"class_list":{"0":"post-98562","1":"product","2":"type-product","3":"status-publish","4":"has-post-thumbnail","6":"product_cat-lectures-per-adolescents-12-18-anys","7":"product_cat-clasica","8":"product_cat-classica","9":"product_cat-juvenil","10":"product_cat-juvenil-3_infantil-juvenil-spa-spa","11":"product_cat-lecturas-por-adolescentes-12-18-anos","13":"first","14":"instock","15":"taxable","16":"shipping-taxable","17":"purchasable","18":"product-type-simple"},"acf":{"editorial":[{"ID":6118,"post_author":"3","post_date":"2022-07-28 17:45:17","post_date_gmt":"2022-07-28 15:45:17","post_content":"","post_title":"ALFAGUARA","post_excerpt":"","post_status":"publish","comment_status":"closed","ping_status":"closed","post_password":"","post_name":"alfaguara","to_ping":"","pinged":"","post_modified":"2022-07-28 17:45:17","post_modified_gmt":"2022-07-28 15:45:17","post_content_filtered":"","post_parent":0,"guid":"http:\/\/dev.claret.cat\/editorial\/alfaguara\/","menu_order":0,"post_type":"editorial","post_mime_type":"","comment_count":"0","filter":"raw"}],"autor":"HODGSON BURNETT, FRANCES","codart":"842044002","libros-coleccion":"","ediciones":"1","encuadernacion":"Carton\u00e9","fecha_de_publicacion":"01\/07\/2020","novedad":"1","paginas":"320","subtitulo":"","orden":"0","portada":"0","idioma":"spa","autores-libros":[{"ID":156058,"post_author":"3","post_date":"2022-10-14 15:17:47","post_date_gmt":"2022-10-14 13:17:47","post_content":"","post_title":"FRANCES HODGSON BURNETT","post_excerpt":"","post_status":"publish","comment_status":"closed","ping_status":"closed","post_password":"","post_name":"frances-hodgson-burnett","to_ping":"","pinged":"","post_modified":"2022-10-14 15:17:47","post_modified_gmt":"2022-10-14 13:17:47","post_content_filtered":"","post_parent":0,"guid":"http:\/\/dev.claret.cat\/autor\/frances-hodgson-burnett\/","menu_order":0,"post_type":"autor","post_mime_type":"","comment_count":"0","filter":"raw"}]},"aioseo_notices":[],"_links":{"self":[{"href":"https:\/\/www.claret.cat\/es\/wp-json\/wp\/v2\/product\/98562","targetHints":{"allow":["GET"]}}],"collection":[{"href":"https:\/\/www.claret.cat\/es\/wp-json\/wp\/v2\/product"}],"about":[{"href":"https:\/\/www.claret.cat\/es\/wp-json\/wp\/v2\/types\/product"}],"wp:featuredmedia":[{"embeddable":true,"href":"https:\/\/www.claret.cat\/es\/wp-json\/wp\/v2\/media\/997711"}],"wp:attachment":[{"href":"https:\/\/www.claret.cat\/es\/wp-json\/wp\/v2\/media?parent=98562"}],"wp:term":[{"taxonomy":"product_brand","embeddable":true,"href":"https:\/\/www.claret.cat\/es\/wp-json\/wp\/v2\/product_brand?post=98562"},{"taxonomy":"product_cat","embeddable":true,"href":"https:\/\/www.claret.cat\/es\/wp-json\/wp\/v2\/product_cat?post=98562"},{"taxonomy":"product_tag","embeddable":true,"href":"https:\/\/www.claret.cat\/es\/wp-json\/wp\/v2\/product_tag?post=98562"}],"curies":[{"name":"wp","href":"https:\/\/api.w.org\/{rel}","templated":true}]}}