{"id":9857,"date":"2022-09-30T19:44:56","date_gmt":"2022-09-30T17:44:56","guid":{"rendered":"http:\/\/dev.claret.cat\/producte\/juguemos-a-sentir\/"},"modified":"2025-09-19T17:39:59","modified_gmt":"2025-09-19T15:39:59","slug":"juguemos-a-sentir-9788433030139","status":"publish","type":"product","link":"https:\/\/www.claret.cat\/es\/libro\/juguemos-a-sentir-9788433030139\/","title":{"rendered":"\u00a1JUGUEMOS A SENTIR!"},"content":{"rendered":"<p>\u00a1Juguemos a sentir! <br \/> Desde siempre, los sistemas educativos no han valorado suficientemente la parte silenciosa del cerebro que solo entiende de sensaciones. El SENTIR no ha sido un valor a tener muy en cuenta en la educaci\u00f3n. El PENSAR ha sido lo importante. Esto deja la mente del ni\u00f1o a medio desarrollar, siendo las consecuencias el fracaso escolar, las depresiones, la incomunicaci\u00f3n o el acoso escolar.Carles Bayod, tras cuarenta a\u00f1os de investigaci\u00f3n, aporta las herramientas necesarias para desarrollar, conjuntamente, estas dos partes del cerebro del ni\u00f1o, la que piensa y la que siente. Y lo hace de forma amena, pr\u00e1ctica y l\u00fadica a trav\u00e9s de treinta y seis sensojuegos o juegos de sensaciones, que ser\u00e1n una inmejorable ayuda para padres y educadores que quieran impartir a sus hijos o alumnos una educaci\u00f3n m\u00e1s completa, personalizada y adaptada a sus necesidades. Al jugar con los sensojuegos el ni\u00f1o va a experimentar seis niveles vitales para su desarrollo mental y sensol\u00f3gico. Aprender\u00e1 a SENTIR, a SENTIRSE, a SENTIR A LOS DEM\u00c1S, a SENTIR EL ENTORNO, a SENTIR LAS DISTINTAS ASIGNATURAS y a SENTIR EL ARTE. Un libro imprescindible para los educadores del siglo XXI, con el fin de garantizar al ni\u00f1o un buen equilibrio emocional, intelectual, creativo y social. <br \/> Carles Bayod Serafini (Barcelona, 1943). Doctor en Bellas Artes por la Universidad de Barcelona. Pintor, pedagogo e investigador. Descubridor de la importancia de las sensaciones en el desarrollo de la inteligencia y la creatividad. Creador de la Sensolog\u00eda; una nueva e innovadora ciencia para una educaci\u00f3n integral.<\/p>\n","protected":false},"excerpt":{"rendered":"<p>BAYOD, CARLES<\/p>\n","protected":false},"featured_media":347067,"template":"","meta":{"_acf_changed":false,"om_disable_all_campaigns":false,"rs_blank_template":"","rs_page_bg_color":"","slide_template_v7":"","inline_featured_image":false,"_monsterinsights_skip_tracking":false,"_monsterinsights_sitenote_active":false,"_monsterinsights_sitenote_note":"","_monsterinsights_sitenote_category":0},"product_brand":[],"product_cat":[100,550,82,348],"product_tag":[],"class_list":{"0":"post-9857","1":"product","2":"type-product","3":"status-publish","4":"has-post-thumbnail","6":"product_cat-escola-de-pares","7":"product_cat-escuela-de-padres-3_infantil-juvenil-spa-spa","8":"product_cat-pedagogia","9":"product_cat-pedagogia-2_humanidades","11":"first","12":"instock","13":"taxable","14":"shipping-taxable","15":"purchasable","16":"product-type-simple"},"acf":{"autor":"BAYOD, CARLES","codart":"843303013","libros-coleccion":"Aprender a ser","ediciones":"1","encuadernacion":"R\u00fastica","fecha_de_publicacion":"26\/11\/2018","novedad":"1","paginas":"208","subtitulo":"","orden":"0","portada":"0","idioma":"spa","editorial":[{"ID":6179,"post_author":"3","post_date":"2022-07-28 17:46:36","post_date_gmt":"2022-07-28 15:46:36","post_content":"","post_title":"DESCLEE DE BROUWER","post_excerpt":"","post_status":"publish","comment_status":"closed","ping_status":"closed","post_password":"","post_name":"desclee-de-brouwer","to_ping":"","pinged":"","post_modified":"2022-07-28 17:46:36","post_modified_gmt":"2022-07-28 15:46:36","post_content_filtered":"","post_parent":0,"guid":"http:\/\/dev.claret.cat\/editorial\/desclee-de-brouwer\/","menu_order":0,"post_type":"editorial","post_mime_type":"","comment_count":"0","filter":"raw"}],"autores-libros":[{"ID":152127,"post_author":"3","post_date":"2022-10-14 14:46:19","post_date_gmt":"2022-10-14 12:46:19","post_content":"","post_title":"CARLES BAYOD","post_excerpt":"","post_status":"publish","comment_status":"closed","ping_status":"closed","post_password":"","post_name":"carles-bayod","to_ping":"","pinged":"","post_modified":"2022-10-14 14:46:19","post_modified_gmt":"2022-10-14 12:46:19","post_content_filtered":"","post_parent":0,"guid":"http:\/\/dev.claret.cat\/autor\/carles-bayod\/","menu_order":0,"post_type":"autor","post_mime_type":"","comment_count":"0","filter":"raw"}],"booktrailer":"","resenas":""},"aioseo_notices":[],"_links":{"self":[{"href":"https:\/\/www.claret.cat\/es\/wp-json\/wp\/v2\/product\/9857","targetHints":{"allow":["GET"]}}],"collection":[{"href":"https:\/\/www.claret.cat\/es\/wp-json\/wp\/v2\/product"}],"about":[{"href":"https:\/\/www.claret.cat\/es\/wp-json\/wp\/v2\/types\/product"}],"wp:featuredmedia":[{"embeddable":true,"href":"https:\/\/www.claret.cat\/es\/wp-json\/wp\/v2\/media\/347067"}],"wp:attachment":[{"href":"https:\/\/www.claret.cat\/es\/wp-json\/wp\/v2\/media?parent=9857"}],"wp:term":[{"taxonomy":"product_brand","embeddable":true,"href":"https:\/\/www.claret.cat\/es\/wp-json\/wp\/v2\/product_brand?post=9857"},{"taxonomy":"product_cat","embeddable":true,"href":"https:\/\/www.claret.cat\/es\/wp-json\/wp\/v2\/product_cat?post=9857"},{"taxonomy":"product_tag","embeddable":true,"href":"https:\/\/www.claret.cat\/es\/wp-json\/wp\/v2\/product_tag?post=9857"}],"curies":[{"name":"wp","href":"https:\/\/api.w.org\/{rel}","templated":true}]}}