{"id":985702,"date":"2024-10-11T14:25:39","date_gmt":"2024-10-11T12:25:39","guid":{"rendered":"https:\/\/www.claret.cat\/llibre\/200-recetas-de-picoteo-9788410124615\/"},"modified":"2024-10-11T14:26:39","modified_gmt":"2024-10-11T12:26:39","slug":"200-recetas-de-picoteo-9788410124615","status":"publish","type":"product","link":"https:\/\/www.claret.cat\/es\/libro\/200-recetas-de-picoteo-9788410124615\/","title":{"rendered":"200 RECETAS DE PICOTEO"},"content":{"rendered":"<p>Si las comidas de picoteo, y en especial las cenas, se han vuelto tan populares en los \u00faltimos a\u00f1os es porque permiten una libertad y una originalidad que una comida tradicional no ofrece.\u00bfUn invitado vegetariano? \u00bfAl\u00e9rgico al pescado? \u00bfIntolerante al gluten? \u00bfO simplemente alguien complicado? Una comida a base de varias raciones significa librarse de todos estos problemas y del quebradero de cabeza de tener que encontrar EL plato que guste a todos. Optar por peque\u00f1as raciones nos permite combinar una gran diversidad de productos. Puedes ofrecer bocados de carne, dips de pescado, vasitos de verduras; jugar con lo dulce y con lo salado; mezclar ambos sabores; sorprender con los colores y las combinaciones. \u00a1Todo es posible! Prepara un bufet con platos peque\u00f1os para picar, y no te olvides de los palillos y las servilletas. Una comida de este tipo, sociable y poco formal, resulta ideal para recibir a familiares, amigos, compa\u00f1eros de trabajo o vecinos.- 200 RECETAS ULTRARR\u00c1PIDAS DE PREPARAR- 4, 5 o 6 INGREDIENTES- UNOS MINUTOS DE PREPARACI\u00d3N- !Y LISTO PARA DEGUSTAR!<\/p>\n","protected":false},"excerpt":{"rendered":"<p>\u00c9DITIONS LAROUSSE<\/p>\n","protected":false},"featured_media":985703,"template":"","meta":{"_acf_changed":false,"om_disable_all_campaigns":false,"rs_blank_template":"","rs_page_bg_color":"","slide_template_v7":"","inline_featured_image":false,"_monsterinsights_skip_tracking":false,"_monsterinsights_sitenote_active":false,"_monsterinsights_sitenote_note":"","_monsterinsights_sitenote_category":0},"product_brand":[],"product_cat":[131,361],"product_tag":[],"class_list":{"0":"post-985702","1":"product","2":"type-product","3":"status-publish","4":"has-post-thumbnail","6":"product_cat-contes-per-infants-0-6-anys","7":"product_cat-cuentos-para-ninos-0-6-anos","9":"first","10":"instock","11":"taxable","12":"shipping-taxable","13":"purchasable","14":"product-type-simple"},"acf":{"autor":"\u00c9DITIONS LAROUSSE","codart":"841012461","libros-coleccion":"Larousse - Libros Ilustrados\/ Pr\u00e1cticos","ediciones":"1","encuadernacion":"Carton\u00e9","fecha_de_publicacion":"01\/10\/2024","novedad":"1","paginas":"408","subtitulo":"EN UN PLIS PLAS","orden":"0","portada":"0","idioma":"cat","editorial":[{"ID":148398,"post_author":"3","post_date":"2022-10-14 11:57:56","post_date_gmt":"2022-10-14 09:57:56","post_content":"","post_title":"Larousse","post_excerpt":"","post_status":"publish","comment_status":"closed","ping_status":"closed","post_password":"","post_name":"larousse","to_ping":"","pinged":"","post_modified":"2022-10-14 11:57:56","post_modified_gmt":"2022-10-14 09:57:56","post_content_filtered":"","post_parent":0,"guid":"http:\/\/dev.claret.cat\/editorial\/larousse\/","menu_order":0,"post_type":"editorial","post_mime_type":"","comment_count":"0","filter":"raw"}]},"aioseo_notices":[],"_links":{"self":[{"href":"https:\/\/www.claret.cat\/es\/wp-json\/wp\/v2\/product\/985702","targetHints":{"allow":["GET"]}}],"collection":[{"href":"https:\/\/www.claret.cat\/es\/wp-json\/wp\/v2\/product"}],"about":[{"href":"https:\/\/www.claret.cat\/es\/wp-json\/wp\/v2\/types\/product"}],"wp:featuredmedia":[{"embeddable":true,"href":"https:\/\/www.claret.cat\/es\/wp-json\/wp\/v2\/media\/985703"}],"wp:attachment":[{"href":"https:\/\/www.claret.cat\/es\/wp-json\/wp\/v2\/media?parent=985702"}],"wp:term":[{"taxonomy":"product_brand","embeddable":true,"href":"https:\/\/www.claret.cat\/es\/wp-json\/wp\/v2\/product_brand?post=985702"},{"taxonomy":"product_cat","embeddable":true,"href":"https:\/\/www.claret.cat\/es\/wp-json\/wp\/v2\/product_cat?post=985702"},{"taxonomy":"product_tag","embeddable":true,"href":"https:\/\/www.claret.cat\/es\/wp-json\/wp\/v2\/product_tag?post=985702"}],"curies":[{"name":"wp","href":"https:\/\/api.w.org\/{rel}","templated":true}]}}