{"id":985858,"date":"2024-10-14T10:30:06","date_gmt":"2024-10-14T08:30:06","guid":{"rendered":"https:\/\/www.claret.cat\/llibre\/la-iglesia-de-los-comienzos-9788429332209\/"},"modified":"2026-04-01T05:43:48","modified_gmt":"2026-04-01T03:43:48","slug":"la-iglesia-de-los-comienzos-9788429332209","status":"publish","type":"product","link":"https:\/\/www.claret.cat\/es\/libro\/la-iglesia-de-los-comienzos-9788429332209\/","title":{"rendered":"LA IGLESIA DE LOS COMIENZOS"},"content":{"rendered":"<p>En los comienzos, la fe tom\u00f3 ra\u00edz en la comunidad<\/p>\n<p class='ql-align-justify'>Juan Jos\u00e9 Hern\u00e1ndez Alonso nos sumerge en los albores de la Iglesia, explorando los escritos del Nuevo Testamento y otras fuentes esenciales. A trav\u00e9s de un an\u00e1lisis meticuloso, recorremos la expansi\u00f3n del cristianismo desde Jerusal\u00e9n hasta los confines del Imperio romano, con especial atenci\u00f3n a las figuras de Sim\u00f3n Pedro y Pablo de Tarso. El libro ofrece una visi\u00f3n detallada de las creencias, pr\u00e1cticas lit\u00fargicas y la organizaci\u00f3n de las primeras comunidades, arrojando luz sobre el papel de las mujeres y la evoluci\u00f3n eclesial en el primer siglo.<\/p>\n<p><\/p>\n","protected":false},"excerpt":{"rendered":"<p>HERN\u00c1NDEZ ALONSO, JUAN JOS\u00c9<\/p>\n","protected":false},"featured_media":1083550,"template":"","meta":{"_acf_changed":false,"om_disable_all_campaigns":false,"rs_blank_template":"","rs_page_bg_color":"","slide_template_v7":"","inline_featured_image":false,"_monsterinsights_skip_tracking":false,"_monsterinsights_sitenote_active":false,"_monsterinsights_sitenote_note":"","_monsterinsights_sitenote_category":0},"product_brand":[],"product_cat":[283,511],"product_tag":[],"class_list":{"0":"post-985858","1":"product","2":"type-product","3":"status-publish","4":"has-post-thumbnail","6":"product_cat-eclesiologia-teologia","7":"product_cat-eclesiologia-teologia-1_espiritualidad","9":"first","10":"instock","11":"taxable","12":"shipping-taxable","13":"purchasable","14":"product-type-simple"},"acf":{"autor":"HERN\u00c1NDEZ ALONSO, JUAN JOS\u00c9","codart":"842933220","libros-coleccion":"PRESENCIA TEOL\u00d3GICA","ediciones":"1","encuadernacion":"R\u00fastica","fecha_de_publicacion":"14\/10\/2024","novedad":"1","paginas":"496","subtitulo":"","orden":"0","portada":"1","idioma":"spa","editorial":[{"ID":6351,"post_author":"3","post_date":"2022-07-28 17:50:19","post_date_gmt":"2022-07-28 15:50:19","post_content":"","post_title":"Sal Terrae","post_excerpt":"","post_status":"publish","comment_status":"closed","ping_status":"closed","post_password":"","post_name":"sal-terrae","to_ping":"","pinged":"","post_modified":"2022-07-28 17:50:19","post_modified_gmt":"2022-07-28 15:50:19","post_content_filtered":"","post_parent":0,"guid":"http:\/\/dev.claret.cat\/editorial\/sal-terrae\/","menu_order":0,"post_type":"editorial","post_mime_type":"","comment_count":"0","filter":"raw"}],"booktrailer":"","resenas":""},"aioseo_notices":[],"_links":{"self":[{"href":"https:\/\/www.claret.cat\/es\/wp-json\/wp\/v2\/product\/985858","targetHints":{"allow":["GET"]}}],"collection":[{"href":"https:\/\/www.claret.cat\/es\/wp-json\/wp\/v2\/product"}],"about":[{"href":"https:\/\/www.claret.cat\/es\/wp-json\/wp\/v2\/types\/product"}],"wp:featuredmedia":[{"embeddable":true,"href":"https:\/\/www.claret.cat\/es\/wp-json\/wp\/v2\/media\/1083550"}],"wp:attachment":[{"href":"https:\/\/www.claret.cat\/es\/wp-json\/wp\/v2\/media?parent=985858"}],"wp:term":[{"taxonomy":"product_brand","embeddable":true,"href":"https:\/\/www.claret.cat\/es\/wp-json\/wp\/v2\/product_brand?post=985858"},{"taxonomy":"product_cat","embeddable":true,"href":"https:\/\/www.claret.cat\/es\/wp-json\/wp\/v2\/product_cat?post=985858"},{"taxonomy":"product_tag","embeddable":true,"href":"https:\/\/www.claret.cat\/es\/wp-json\/wp\/v2\/product_tag?post=985858"}],"curies":[{"name":"wp","href":"https:\/\/api.w.org\/{rel}","templated":true}]}}