{"id":98592,"date":"2022-10-12T07:27:46","date_gmt":"2022-10-12T05:27:46","guid":{"rendered":"http:\/\/dev.claret.cat\/producte\/brodats\/"},"modified":"2023-01-28T03:26:26","modified_gmt":"2023-01-28T02:26:26","slug":"brodats-9788418052019","status":"publish","type":"product","link":"https:\/\/www.claret.cat\/es\/libro\/brodats-9788418052019\/","title":{"rendered":"BRODATS"},"content":{"rendered":"<p>L&#8217;EDICI\u00d3 DEFINITIVA DEL C\u00d2MIC FEMINISTA QUE HO VA COMEN\u00c7AR TOT<br \/>**NOVA TRADUCCI\u00d3**NOU FORMAT**NOVA RETOLACI\u00d3**NOU DISSENY** Al voltant d&#8217;una taula parada amb el samovar, el te i les pastes, un  grup de dones es disposa a passar la tarda. El ritme de la conversa  aviat les du a parlar dels amors, del sexe i dels capricis dels homes.  De mica en mica aniran sortint els secrets m\u00e9s \u00edntims d&#8217;aquesta colla de  dones fascinants, i tamb\u00e9 les seves pors, els remordiments i diverses an\u00e8cdotes ben escandaloses. Brodats \u00e9s  un llibre radicalment viu  que ens ensenya qu\u00e8 vol dir ser dona, no nom\u00e9s en un pa\u00eds isl\u00e0mic, sin\u00f3 a qualsevol punt del m\u00f3n. La cr\u00edtica ha dit&#8230;<br \/>\u00abSi creus que els problemes de les dones no s\u00f3n de segona, Brodats et flipar\u00e0. El meu c\u00f2mic preferit de Marjane Satrapi.\u00bb<br \/>Moderna de Pueblo \u00abUn Decamer\u00f3 modern i en vinyetes.\u00bb<br \/>Frankfurter Allgemeine Zeitung \u00abUn c\u00f2mic subtil sobre la llibertat de les dones y la seva alienaci\u00f3.\u00bb<br \/>Le Monde \u00abUn llibre subversiu i joi\u00f3s alhora.\u00bb<br \/>The Observer<\/p>\n","protected":false},"excerpt":{"rendered":"<p>SATRAPI, MARJANE<\/p>\n","protected":false},"featured_media":98593,"template":"","meta":{"_acf_changed":false,"om_disable_all_campaigns":false,"rs_blank_template":"","rs_page_bg_color":"","slide_template_v7":"","inline_featured_image":false,"_monsterinsights_skip_tracking":false,"_monsterinsights_sitenote_active":false,"_monsterinsights_sitenote_note":"","_monsterinsights_sitenote_category":0},"product_brand":[],"product_cat":[108],"product_tag":[],"class_list":{"0":"post-98592","1":"product","2":"type-product","3":"status-publish","4":"has-post-thumbnail","6":"product_cat-comic","8":"first","9":"instock","10":"taxable","11":"shipping-taxable","12":"purchasable","13":"product-type-simple"},"acf":{"autor":"SATRAPI, MARJANE","codart":"841805201","libros-coleccion":"RESERVOIR GR\u00c1FICA","ediciones":"1","encuadernacion":"Carton\u00e9","fecha_de_publicacion":"01\/01\/2021","novedad":"1","paginas":"144","subtitulo":"","orden":"0","portada":"0","idioma":"cat","editorial":[{"ID":148749,"post_author":"3","post_date":"2022-10-14 12:00:41","post_date_gmt":"2022-10-14 10:00:41","post_content":"","post_title":"RESERVOIR BOOKS","post_excerpt":"","post_status":"publish","comment_status":"closed","ping_status":"closed","post_password":"","post_name":"reservoir-books","to_ping":"","pinged":"","post_modified":"2022-10-14 12:00:41","post_modified_gmt":"2022-10-14 10:00:41","post_content_filtered":"","post_parent":0,"guid":"http:\/\/dev.claret.cat\/editorial\/reservoir-books\/","menu_order":0,"post_type":"editorial","post_mime_type":"","comment_count":"0","filter":"raw"}],"autores-libros":[{"ID":164054,"post_author":"3","post_date":"2022-10-14 17:43:59","post_date_gmt":"2022-10-14 15:43:59","post_content":"","post_title":"MARJANE SATRAPI","post_excerpt":"","post_status":"publish","comment_status":"closed","ping_status":"closed","post_password":"","post_name":"marjane-satrapi","to_ping":"","pinged":"","post_modified":"2022-10-14 17:43:59","post_modified_gmt":"2022-10-14 15:43:59","post_content_filtered":"","post_parent":0,"guid":"http:\/\/dev.claret.cat\/autor\/marjane-satrapi\/","menu_order":0,"post_type":"autor","post_mime_type":"","comment_count":"0","filter":"raw"}]},"aioseo_notices":[],"_links":{"self":[{"href":"https:\/\/www.claret.cat\/es\/wp-json\/wp\/v2\/product\/98592","targetHints":{"allow":["GET"]}}],"collection":[{"href":"https:\/\/www.claret.cat\/es\/wp-json\/wp\/v2\/product"}],"about":[{"href":"https:\/\/www.claret.cat\/es\/wp-json\/wp\/v2\/types\/product"}],"wp:featuredmedia":[{"embeddable":true,"href":"https:\/\/www.claret.cat\/es\/wp-json\/wp\/v2\/media\/98593"}],"wp:attachment":[{"href":"https:\/\/www.claret.cat\/es\/wp-json\/wp\/v2\/media?parent=98592"}],"wp:term":[{"taxonomy":"product_brand","embeddable":true,"href":"https:\/\/www.claret.cat\/es\/wp-json\/wp\/v2\/product_brand?post=98592"},{"taxonomy":"product_cat","embeddable":true,"href":"https:\/\/www.claret.cat\/es\/wp-json\/wp\/v2\/product_cat?post=98592"},{"taxonomy":"product_tag","embeddable":true,"href":"https:\/\/www.claret.cat\/es\/wp-json\/wp\/v2\/product_tag?post=98592"}],"curies":[{"name":"wp","href":"https:\/\/api.w.org\/{rel}","templated":true}]}}