{"id":98595,"date":"2022-10-12T07:27:49","date_gmt":"2022-10-12T05:27:49","guid":{"rendered":"http:\/\/dev.claret.cat\/producte\/bordados\/"},"modified":"2023-01-28T00:49:18","modified_gmt":"2023-01-27T23:49:18","slug":"bordados-9788418052002","status":"publish","type":"product","link":"https:\/\/www.claret.cat\/es\/libro\/bordados-9788418052002\/","title":{"rendered":"BORDADOS"},"content":{"rendered":"<p>LA EDICI\u00d3N DEFINITIVA DEL C\u00d3MIC FEMINISTA QUE LO EMPEZ\u00d3 TODO **NUEVA TRADUCCI\u00d3N**NUEVO FORMATO**NUEVA ROTULACI\u00d3N**NUEVO DISE\u00d1O** Alrededor de una mesa preparada con el samovar, el t\u00e9 y las pastas,  varias mujeres se disponen a pasar la tarde. Los temas de conversaci\u00f3n  desembocan pronto en los amores, el sexo y los caprichos de los hombres.  Y con ellos se ir\u00e1n desvelando los m\u00e1s \u00edntimos secretos de este elenco  de mujeres fascinantes, as\u00ed como sus miedos, sus remordimientos y varias an\u00e9cdotas a cu\u00e1l m\u00e1s escandalosa. Bordados es un libro  radicalmente vivo que nos ense\u00f1a qu\u00e9 significa ser mujer, no solo en un pa\u00eds isl\u00e1mico, sino en cualquier lugar  del mundo. La cr\u00edtica ha dicho&#8230;<br \/>\u00abSi crees que los problemas de mujeres no son de segunda, Bordados te flipar\u00e1. Mi c\u00f3mic favorito de Marjane Satrapi.\u00bb<br \/>Moderna de Pueblo \u00abUn Decamer\u00f3n moderno y en vi\u00f1etas.\u00bb<br \/>Frankfurter Allgemeine Zeitung \u00abUn c\u00f3mic sutil sobre la libertad de las mujeres y su alienaci\u00f3n.\u00bb<br \/>Le Monde \u00abUn libro tan subversivo como gozoso.\u00bb<br \/>The Observer \u00abUn libro maravilloso y con varias capas de lectura que viene disfrazado de memorias chicklit orientales.\u00bb<br \/>Jessa Crispin,  The Globe &amp; Mail \u00abPese a que Bordados no es una continuaci\u00f3n de lo que nos cont\u00f3 Satrapi en Pers\u00e9polis, s\u00ed habita en el centro de ese mismo mundo:  una sociedad v\u00edctima de pol\u00edticas brutales en la que, de puertas  adentro, sobrevive una cultura extraordinariamente rica e ingeniosa  donde las mujeres son descaradamente subversivas, divertidas, abiertas  de mente y al sexo, al menos mientras los hombres duermen la siesta.\u00bb<br \/>Maureen Freely, The Guardian \u00abHe aqu\u00ed a unas v\u00edboras chismosas de cuidado, tan deslenguadas como  mordaces. Satrapi convierte a sus lectoras en unas m\u00e1s de la tropa y nos  invita a disfrutar del mundo de su infancia vistiendo a las verdades  universales sobre la eterna batalla de los sexos con ropajes iran\u00eds.\u00bb<br \/>Kate Saunders, New Statesman \u00abTan sugerente como el resto de libros de Satrapi. Retrata a la  perfecci\u00f3n el ambiente de abierta confidencia que reina en este tipo de encuentros entre mujeres.\u00bb<br \/>Sophie Harrison, The New York Times Book Review \u00abUn libro pensado para provocar y entretener. Pero no se lo ense\u00f1\u00e9is a un mul\u00e1: le volar\u00e1 los sesos.\u00bb<br \/>Peter Millar, The Times \u00abDescacharrante y libidinoso, Bordados es un retrato delicioso de c\u00f3mo las mujeres independientes se toma la vida.\u00bb<br \/>Aimee Kelley, The Village Voice \u00abLeer a Satrapi es una sorpresa y un gozo, nos trae la ilusi\u00f3n por  descubrir una voz nueva que nos cuenta, con nuevas reglas, historias  totalmente nuevas, y lo hace con la sabidur\u00eda de los viejos maestros.\u00bb<br \/>Joey Anuff, The Washington Post<\/p>\n","protected":false},"excerpt":{"rendered":"<p>SATRAPI, MARJANE<\/p>\n","protected":false},"featured_media":98596,"template":"","meta":{"_acf_changed":false,"om_disable_all_campaigns":false,"rs_blank_template":"","rs_page_bg_color":"","slide_template_v7":"","inline_featured_image":false,"_monsterinsights_skip_tracking":false,"_monsterinsights_sitenote_active":false,"_monsterinsights_sitenote_note":"","_monsterinsights_sitenote_category":0},"product_brand":[],"product_cat":[108],"product_tag":[],"class_list":{"0":"post-98595","1":"product","2":"type-product","3":"status-publish","4":"has-post-thumbnail","6":"product_cat-comic","8":"first","9":"instock","10":"taxable","11":"shipping-taxable","12":"purchasable","13":"product-type-simple"},"acf":{"autor":"SATRAPI, MARJANE","codart":"841805200","libros-coleccion":"RESERVOIR GR\u00c1FICA","ediciones":"1","encuadernacion":"Carton\u00e9","fecha_de_publicacion":"01\/01\/2021","novedad":"1","paginas":"144","subtitulo":"","orden":"0","portada":"0","idioma":"spa","editorial":[{"ID":148749,"post_author":"3","post_date":"2022-10-14 12:00:41","post_date_gmt":"2022-10-14 10:00:41","post_content":"","post_title":"RESERVOIR BOOKS","post_excerpt":"","post_status":"publish","comment_status":"closed","ping_status":"closed","post_password":"","post_name":"reservoir-books","to_ping":"","pinged":"","post_modified":"2022-10-14 12:00:41","post_modified_gmt":"2022-10-14 10:00:41","post_content_filtered":"","post_parent":0,"guid":"http:\/\/dev.claret.cat\/editorial\/reservoir-books\/","menu_order":0,"post_type":"editorial","post_mime_type":"","comment_count":"0","filter":"raw"}],"autores-libros":[{"ID":164054,"post_author":"3","post_date":"2022-10-14 17:43:59","post_date_gmt":"2022-10-14 15:43:59","post_content":"","post_title":"MARJANE SATRAPI","post_excerpt":"","post_status":"publish","comment_status":"closed","ping_status":"closed","post_password":"","post_name":"marjane-satrapi","to_ping":"","pinged":"","post_modified":"2022-10-14 17:43:59","post_modified_gmt":"2022-10-14 15:43:59","post_content_filtered":"","post_parent":0,"guid":"http:\/\/dev.claret.cat\/autor\/marjane-satrapi\/","menu_order":0,"post_type":"autor","post_mime_type":"","comment_count":"0","filter":"raw"}]},"aioseo_notices":[],"_links":{"self":[{"href":"https:\/\/www.claret.cat\/es\/wp-json\/wp\/v2\/product\/98595","targetHints":{"allow":["GET"]}}],"collection":[{"href":"https:\/\/www.claret.cat\/es\/wp-json\/wp\/v2\/product"}],"about":[{"href":"https:\/\/www.claret.cat\/es\/wp-json\/wp\/v2\/types\/product"}],"wp:featuredmedia":[{"embeddable":true,"href":"https:\/\/www.claret.cat\/es\/wp-json\/wp\/v2\/media\/98596"}],"wp:attachment":[{"href":"https:\/\/www.claret.cat\/es\/wp-json\/wp\/v2\/media?parent=98595"}],"wp:term":[{"taxonomy":"product_brand","embeddable":true,"href":"https:\/\/www.claret.cat\/es\/wp-json\/wp\/v2\/product_brand?post=98595"},{"taxonomy":"product_cat","embeddable":true,"href":"https:\/\/www.claret.cat\/es\/wp-json\/wp\/v2\/product_cat?post=98595"},{"taxonomy":"product_tag","embeddable":true,"href":"https:\/\/www.claret.cat\/es\/wp-json\/wp\/v2\/product_tag?post=98595"}],"curies":[{"name":"wp","href":"https:\/\/api.w.org\/{rel}","templated":true}]}}