{"id":985985,"date":"2024-10-14T13:17:03","date_gmt":"2024-10-14T11:17:03","guid":{"rendered":"https:\/\/www.claret.cat\/llibre\/tu-puedes-9788425450570\/"},"modified":"2026-01-28T11:49:59","modified_gmt":"2026-01-28T10:49:59","slug":"tu-puedes-9788425450570","status":"publish","type":"product","link":"https:\/\/www.claret.cat\/es\/libro\/tu-puedes-9788425450570\/","title":{"rendered":"\u00a1T\u00da PUEDES!"},"content":{"rendered":"<p>Pesadillas, celos, acoso escolar, baja autoestima, problemas de atenci\u00f3n, violencia, inseguridad, el divorcio de los padres&#x2026; estas son solo algunas de las dif\u00edciles situaciones a las que ni\u00f1os y adolescentes deben enfrentarse d\u00eda a d\u00eda. Muchos de ellos necesitan apoyo para poder hacerlo.<\/p>\n<p> A diferencia de los enfoques convencionales de la psicolog\u00eda infantil, este libro propone un  innovador planteamiento que se centra en desarrollar ciertas habilidades en los ni\u00f1os, que los ayude a que, en lugar de concentrarse en sus \u00abproblemas\u00bb, desv\u00eden la atenci\u00f3n en un futuro positivo. Esta atenci\u00f3n prioritaria a lo que se desea en lugar de a los comportamientos no deseados resulta menos estresante y m\u00e1s motivador tanto para ellos como para sus padres.<\/p>\n<p> Este libro es una esperanzadora caja de herramientas, imprescindible para cualquiera que participe en la tarea de criar a un ni\u00f1o. Padres, abuelos, profesores, profesionales de la salud mental, entre otros, encontrar\u00e1n en \u00e9l un valioso recurso para garantizar que ni\u00f1os y adolescentes afronten con \u00e9xito los desaf\u00edos que se le presenten ahora y en el futuro.<\/p>\n","protected":false},"excerpt":{"rendered":"<p>FURMAN, BEN<\/p>\n","protected":false},"featured_media":986041,"template":"","meta":{"_acf_changed":false,"om_disable_all_campaigns":false,"rs_blank_template":"","rs_page_bg_color":"","slide_template_v7":"","inline_featured_image":false,"_monsterinsights_skip_tracking":false,"_monsterinsights_sitenote_active":false,"_monsterinsights_sitenote_note":"","_monsterinsights_sitenote_category":0},"product_brand":[],"product_cat":[191,454,188,381],"product_tag":[],"class_list":{"0":"post-985985","1":"product","2":"type-product","3":"status-publish","4":"has-post-thumbnail","6":"product_cat-educacio-en-valors-pedagogia-2_humanitats","7":"product_cat-educacion-en-valores","8":"product_cat-psicopedagogia","9":"product_cat-psicopedagogia-pedagogia-2_humanidades","11":"first","12":"instock","13":"taxable","14":"shipping-taxable","15":"purchasable","16":"product-type-simple"},"acf":{"autor":"FURMAN, BEN","codart":"842545057","libros-coleccion":"Psicolog\u00eda","ediciones":"1","encuadernacion":"R\u00fastica","fecha_de_publicacion":"01\/10\/2024","novedad":"1","paginas":"222","subtitulo":"C\u00d3MO AYUDAR A NI\u00d1OS Y ADOLESCENTES A SOLUCIONAR PROBLEMAS Y DIFICULTADES","orden":"0","portada":"0","idioma":"spa","editorial":[{"ID":6266,"post_author":"3","post_date":"2022-07-28 17:48:31","post_date_gmt":"2022-07-28 15:48:31","post_content":"","post_title":"HERDER","post_excerpt":"","post_status":"publish","comment_status":"closed","ping_status":"closed","post_password":"","post_name":"herder","to_ping":"","pinged":"","post_modified":"2022-07-28 17:48:31","post_modified_gmt":"2022-07-28 15:48:31","post_content_filtered":"","post_parent":0,"guid":"http:\/\/dev.claret.cat\/editorial\/herder\/","menu_order":0,"post_type":"editorial","post_mime_type":"","comment_count":"0","filter":"raw"}],"booktrailer":"","resenas":""},"aioseo_notices":[],"_links":{"self":[{"href":"https:\/\/www.claret.cat\/es\/wp-json\/wp\/v2\/product\/985985","targetHints":{"allow":["GET"]}}],"collection":[{"href":"https:\/\/www.claret.cat\/es\/wp-json\/wp\/v2\/product"}],"about":[{"href":"https:\/\/www.claret.cat\/es\/wp-json\/wp\/v2\/types\/product"}],"wp:featuredmedia":[{"embeddable":true,"href":"https:\/\/www.claret.cat\/es\/wp-json\/wp\/v2\/media\/986041"}],"wp:attachment":[{"href":"https:\/\/www.claret.cat\/es\/wp-json\/wp\/v2\/media?parent=985985"}],"wp:term":[{"taxonomy":"product_brand","embeddable":true,"href":"https:\/\/www.claret.cat\/es\/wp-json\/wp\/v2\/product_brand?post=985985"},{"taxonomy":"product_cat","embeddable":true,"href":"https:\/\/www.claret.cat\/es\/wp-json\/wp\/v2\/product_cat?post=985985"},{"taxonomy":"product_tag","embeddable":true,"href":"https:\/\/www.claret.cat\/es\/wp-json\/wp\/v2\/product_tag?post=985985"}],"curies":[{"name":"wp","href":"https:\/\/api.w.org\/{rel}","templated":true}]}}