{"id":9860,"date":"2022-09-30T19:44:59","date_gmt":"2022-09-30T17:44:59","guid":{"rendered":"http:\/\/dev.claret.cat\/producte\/tecnica-de-reparentalizacion-con-munecos\/"},"modified":"2025-09-19T17:40:19","modified_gmt":"2025-09-19T15:40:19","slug":"tecnica-de-reparentalizacion-con-munecos-9788433030146","status":"publish","type":"product","link":"https:\/\/www.claret.cat\/es\/libro\/tecnica-de-reparentalizacion-con-munecos-9788433030146\/","title":{"rendered":"T\u00c9CNICA DE REPARENTALIZACI\u00d3N CON MU\u00d1ECOS"},"content":{"rendered":"<p>Mediante la t\u00e9cnica de Reparentalizaci\u00f3n con Mu\u00f1ecos podemos conseguir que el paciente materialice su ni\u00f1o interior en un objeto (normalmente un mu\u00f1eco), al que por medio del proceso terap\u00e9utico va invistiendo y haciendo suyo a trav\u00e9s de diferentes procesos psicol\u00f3gicos explicados en los distintos casos que se relatan.  Este libro nos muestra c\u00f3mo los pacientes, gracias a esta materializaci\u00f3n, contactan y potencian su parte resiliente y nutricia, lo que les permite darse cuidado, amor y protecci\u00f3n. Al mismo tiempo, gracias al mu\u00f1eco se conectan con sus partes da\u00f1adas y olvidadas para poner palabras a emociones y situaciones que permanec\u00edan ocultas, y que de esta manera pueden ser reprocesadas, aliviando as\u00ed el dolor y facilitando la integraci\u00f3n de la persona. Los diferentes casos pr\u00e1cticos que aparecen en el libro est\u00e1n sustentados por distintas teor\u00edas psicol\u00f3gicas que permiten un mayor entendimiento y comprensi\u00f3n acerca del empleo de la t\u00e9cnica. Es un trabajo amable, nada agresivo ni invasivo, que permite profundizar en la persona respetando su ritmo y potenciando la compasi\u00f3n hacia s\u00ed misma. El terapeuta ser\u00e1 una parte activa del proceso de modelado de esta t\u00e9cnica, que ofrece la oportunidad de relacionarse de una manera diferente con uno mismo.<br \/> Alicia Gadea, Psic\u00f3loga-Psicoterapeuta Humanista Integrativa y Educadora Social por la UNED. Es Psicomotricista y experta en Psicomotricidad Terap\u00e9utica por la UCM. Ha recibido formaci\u00f3n psicoanal\u00edtica en Psicopatolog\u00eda y Psicoterapia de Grupos. Adem\u00e1s, su inter\u00e9s por el trabajo con ni\u00f1os la ha llevado a tener distintas especializaciones: Psicoterapia Psiconal\u00edtica con Ni\u00f1os y Adolescentes, T\u00e9cnicas Aplicadas a la Terapia Infantil Gest\u00e1ltica, Psicodiagn\u00f3stico Infantil a trav\u00e9s del juego y los mu\u00f1ecos, y Terapia Familiar Sist\u00e9mica con Ni\u00f1os y Adolescentes. Su experiencia en consulta le ha permitido formarse en Psicoterapia de Integraci\u00f3n y Reprocesamiento del Trauma, as\u00ed como en Brainspotting y en T\u00e9cnicas de Integraci\u00f3n Cerebral.<\/p>\n","protected":false},"excerpt":{"rendered":"<p>GADEA, ALICIA<\/p>\n","protected":false},"featured_media":979525,"template":"","meta":{"_acf_changed":false,"om_disable_all_campaigns":false,"rs_blank_template":"","rs_page_bg_color":"","slide_template_v7":"","inline_featured_image":false,"_monsterinsights_skip_tracking":false,"_monsterinsights_sitenote_active":false,"_monsterinsights_sitenote_note":"","_monsterinsights_sitenote_category":0},"product_brand":[],"product_cat":[81,347],"product_tag":[],"class_list":{"0":"post-9860","1":"product","2":"type-product","3":"status-publish","4":"has-post-thumbnail","6":"product_cat-psicologia","7":"product_cat-psicologia-2_humanidades","9":"first","10":"instock","11":"taxable","12":"shipping-taxable","13":"purchasable","14":"product-type-simple"},"acf":{"autor":"GADEA, ALICIA","codart":"843303014","libros-coleccion":"Amae","ediciones":"1","encuadernacion":"R\u00fastica","fecha_de_publicacion":"26\/11\/2018","novedad":"1","paginas":"112","subtitulo":"JUANITA Y EL DESPERTAR DEL NI\u00d1O RESILIENTE QIE TODOS LLEVAMOS DENTRO","orden":"0","portada":"0","idioma":"spa","editorial":[{"ID":6179,"post_author":"3","post_date":"2022-07-28 17:46:36","post_date_gmt":"2022-07-28 15:46:36","post_content":"","post_title":"DESCLEE DE BROUWER","post_excerpt":"","post_status":"publish","comment_status":"closed","ping_status":"closed","post_password":"","post_name":"desclee-de-brouwer","to_ping":"","pinged":"","post_modified":"2022-07-28 17:46:36","post_modified_gmt":"2022-07-28 15:46:36","post_content_filtered":"","post_parent":0,"guid":"http:\/\/dev.claret.cat\/editorial\/desclee-de-brouwer\/","menu_order":0,"post_type":"editorial","post_mime_type":"","comment_count":"0","filter":"raw"}],"autores-libros":[{"ID":149842,"post_author":"3","post_date":"2022-10-14 14:28:08","post_date_gmt":"2022-10-14 12:28:08","post_content":"","post_title":"ALICIA GADEA","post_excerpt":"","post_status":"publish","comment_status":"closed","ping_status":"closed","post_password":"","post_name":"alicia-gadea","to_ping":"","pinged":"","post_modified":"2022-10-14 14:28:08","post_modified_gmt":"2022-10-14 12:28:08","post_content_filtered":"","post_parent":0,"guid":"http:\/\/dev.claret.cat\/autor\/alicia-gadea\/","menu_order":0,"post_type":"autor","post_mime_type":"","comment_count":"0","filter":"raw"}],"booktrailer":"","resenas":""},"aioseo_notices":[],"_links":{"self":[{"href":"https:\/\/www.claret.cat\/es\/wp-json\/wp\/v2\/product\/9860","targetHints":{"allow":["GET"]}}],"collection":[{"href":"https:\/\/www.claret.cat\/es\/wp-json\/wp\/v2\/product"}],"about":[{"href":"https:\/\/www.claret.cat\/es\/wp-json\/wp\/v2\/types\/product"}],"wp:featuredmedia":[{"embeddable":true,"href":"https:\/\/www.claret.cat\/es\/wp-json\/wp\/v2\/media\/979525"}],"wp:attachment":[{"href":"https:\/\/www.claret.cat\/es\/wp-json\/wp\/v2\/media?parent=9860"}],"wp:term":[{"taxonomy":"product_brand","embeddable":true,"href":"https:\/\/www.claret.cat\/es\/wp-json\/wp\/v2\/product_brand?post=9860"},{"taxonomy":"product_cat","embeddable":true,"href":"https:\/\/www.claret.cat\/es\/wp-json\/wp\/v2\/product_cat?post=9860"},{"taxonomy":"product_tag","embeddable":true,"href":"https:\/\/www.claret.cat\/es\/wp-json\/wp\/v2\/product_tag?post=9860"}],"curies":[{"name":"wp","href":"https:\/\/api.w.org\/{rel}","templated":true}]}}